{"id":10279,"date":"2023-08-07T12:21:22","date_gmt":"2023-08-07T10:21:22","guid":{"rendered":"https:\/\/jacekplacek.com.pl\/?post_type=product&#038;p=10279"},"modified":"2025-11-18T18:30:48","modified_gmt":"2025-11-18T17:30:48","slug":"vegansk-skorpa-kaka-med-korsbar","status":"publish","type":"product","link":"https:\/\/jacekplacek.com.pl\/sv\/lagra\/fruktkakor\/vegansk-skorpa-kaka-med-korsbar\/","title":{"rendered":"Vegansk m\u00f6rdegskaka med k\u00f6rsb\u00e4r"},"content":{"rendered":"<p><strong>S\u00f6ta och l\u00e4tt syrliga k\u00f6rsb\u00e4r.<\/strong><\/p>\n<p>Vegansk m\u00f6rdeg tillagad enligt ett traditionellt recept. K\u00e4nn den hemgjorda smaken av v\u00e5ra bakverk.<\/p>\n<p><span style=\"font-weight: 400;\">(V\u00e4xten anv\u00e4nder: mj\u00f6l, \u00e4gg, n\u00f6tter, sesam och mj\u00f6lk. D\u00e4rf\u00f6r kan varje produkt inneh\u00e5lla sp\u00e5r av n\u00e4mnda allergener \u00e4ven om de inte anges i beskrivningen och ingrediensf\u00f6rteckningen.)<\/span><\/p>","protected":false},"excerpt":{"rendered":"<p><span data-sheets-root=\"1\">Vegansk t\u00e5rta med saftiga k\u00f6rsb\u00e4r, endast baserad p\u00e5 v\u00e4xtingredienser.<\/span><\/p>","protected":false},"featured_media":10533,"comment_status":"closed","ping_status":"closed","template":"","meta":{"content-type":""},"product_brand":[],"product_cat":[74,534],"product_tag":[65,207,444,446,445,449,208],"class_list":{"0":"post-10279","1":"product","2":"type-product","3":"status-publish","4":"has-post-thumbnail","6":"product_cat-ciasta-owocowe","7":"product_cat-ciasta-weganskie-i-keto","8":"product_tag-ciasto-kruche","9":"product_tag-ciasto-w-wisniami","10":"product_tag-cukiernia-jacek-placek","11":"product_tag-jacek-placek-gdansk","12":"product_tag-jacek-placek-gowino","13":"product_tag-jacek-placek-sopot","14":"product_tag-wisnie","16":"entry","17":"has-media","19":"first","20":"instock","21":"shipping-taxable","22":"product-type-variable","23":"has-default-attributes","24":"has-product-nav","25":"col","26":"span_1_of_4","27":"owp-content-center","28":"owp-thumbs-layout-horizontal","29":"owp-btn-normal","30":"owp-tabs-layout-horizontal"},"acf":[],"_links":{"self":[{"href":"https:\/\/jacekplacek.com.pl\/sv\/wp-json\/wp\/v2\/product\/10279","targetHints":{"allow":["GET"]}}],"collection":[{"href":"https:\/\/jacekplacek.com.pl\/sv\/wp-json\/wp\/v2\/product"}],"about":[{"href":"https:\/\/jacekplacek.com.pl\/sv\/wp-json\/wp\/v2\/types\/product"}],"replies":[{"embeddable":true,"href":"https:\/\/jacekplacek.com.pl\/sv\/wp-json\/wp\/v2\/comments?post=10279"}],"wp:featuredmedia":[{"embeddable":true,"href":"https:\/\/jacekplacek.com.pl\/sv\/wp-json\/wp\/v2\/media\/10533"}],"wp:attachment":[{"href":"https:\/\/jacekplacek.com.pl\/sv\/wp-json\/wp\/v2\/media?parent=10279"}],"wp:term":[{"taxonomy":"product_brand","embeddable":true,"href":"https:\/\/jacekplacek.com.pl\/sv\/wp-json\/wp\/v2\/product_brand?post=10279"},{"taxonomy":"product_cat","embeddable":true,"href":"https:\/\/jacekplacek.com.pl\/sv\/wp-json\/wp\/v2\/product_cat?post=10279"},{"taxonomy":"product_tag","embeddable":true,"href":"https:\/\/jacekplacek.com.pl\/sv\/wp-json\/wp\/v2\/product_tag?post=10279"}],"curies":[{"name":"wp","href":"https:\/\/api.w.org\/{rel}","templated":true}]}}