{"id":10196,"date":"2023-07-28T10:16:02","date_gmt":"2023-07-28T08:16:02","guid":{"rendered":"https:\/\/jacekplacek.com.pl\/?post_type=product&#038;p=10196"},"modified":"2025-12-16T15:38:39","modified_gmt":"2025-12-16T14:38:39","slug":"mandel-kakor-keto","status":"publish","type":"product","link":"https:\/\/jacekplacek.com.pl\/sv\/lagra\/kakor-och-kakor\/smakakor\/mandel-kakor-keto\/","title":{"rendered":"KETO mandelkakor"},"content":{"rendered":"<p><span style=\"font-weight: 400; color: #000000;\">S\u00e5 sk\u00f6nt att kombinera din svaghet f\u00f6r m\u00f6rdegskakor med att komplettera din kost med v\u00e4rdefulla fr\u00f6n...<\/span><\/p>\n<p><span style=\"color: #000000;\">V\u00e5ra glutenfria mandelkakor med xylitol och en hint av apelsin \u00e4r inte bara ett gott mellanm\u00e5l, utan ocks\u00e5 en produkt som passar in i en h\u00e4lsosam livsstil. F\u00f6rberedda f\u00f6r personer p\u00e5 en ketogen diet, de \u00e4r ett perfekt komplement till den dagliga menyn. Varje kaka \u00e4r liten, men full av smak, njutning och h\u00e4lsa. <span style=\"font-weight: 400;\"> (P\u00e5 grund av avsaknaden av en separat produktionslinje kan produkten inneh\u00e5lla sp\u00e5r av gluten och andra allergener. V\u00e4xten anv\u00e4nder: mj\u00f6l, \u00e4gg, n\u00f6tter, sesam och mj\u00f6lk, d\u00e4rf\u00f6r kan varje produkt inneh\u00e5lla sp\u00e5r av n\u00e4mnda allergener, \u00e4ven om de \u00e4r inte specificerat i beskrivningen och ingredienslistan.)<\/span><\/span><\/p>\n<p><span style=\"font-weight: 400; color: #000000;\">Det \u00e4r det perfekta mellanm\u00e5let f\u00f6r alla tillf\u00e4llen!\u00a0<\/span><\/p>\n<p>&nbsp;<\/p>\n<p>&nbsp;<\/p>","protected":false},"excerpt":{"rendered":"<p><span style=\"font-weight: 400;\">Mandelkakor med reducerat gluteninneh\u00e5ll med xylitol och en hint av apelsin - en produkt f\u00f6r personer som f\u00f6ljer en ketogen diet.\u00a0<\/span><\/p>","protected":false},"featured_media":0,"comment_status":"closed","ping_status":"closed","template":"","meta":{"content-type":""},"product_brand":[],"product_cat":[121],"product_tag":[348,454,444,446,445,449,354,355],"class_list":{"0":"post-10196","1":"product","2":"type-product","3":"status-publish","5":"product_cat-ciasteczka","6":"product_tag-ciasteczka-kruche","7":"product_tag-ciasteczka-na-wage","8":"product_tag-cukiernia-jacek-placek","9":"product_tag-jacek-placek-gdansk","10":"product_tag-jacek-placek-gowino","11":"product_tag-jacek-placek-sopot","12":"product_tag-z-nasionami","13":"product_tag-ze-slonecznikiem","15":"entry","17":"first","18":"outofstock","19":"shipping-taxable","20":"product-type-variable","21":"has-default-attributes","22":"has-product-nav","23":"col","24":"span_1_of_4","25":"owp-content-center","26":"owp-thumbs-layout-horizontal","27":"owp-btn-normal","28":"owp-tabs-layout-horizontal","29":"has-no-thumbnails"},"acf":[],"_links":{"self":[{"href":"https:\/\/jacekplacek.com.pl\/sv\/wp-json\/wp\/v2\/product\/10196","targetHints":{"allow":["GET"]}}],"collection":[{"href":"https:\/\/jacekplacek.com.pl\/sv\/wp-json\/wp\/v2\/product"}],"about":[{"href":"https:\/\/jacekplacek.com.pl\/sv\/wp-json\/wp\/v2\/types\/product"}],"replies":[{"embeddable":true,"href":"https:\/\/jacekplacek.com.pl\/sv\/wp-json\/wp\/v2\/comments?post=10196"}],"wp:attachment":[{"href":"https:\/\/jacekplacek.com.pl\/sv\/wp-json\/wp\/v2\/media?parent=10196"}],"wp:term":[{"taxonomy":"product_brand","embeddable":true,"href":"https:\/\/jacekplacek.com.pl\/sv\/wp-json\/wp\/v2\/product_brand?post=10196"},{"taxonomy":"product_cat","embeddable":true,"href":"https:\/\/jacekplacek.com.pl\/sv\/wp-json\/wp\/v2\/product_cat?post=10196"},{"taxonomy":"product_tag","embeddable":true,"href":"https:\/\/jacekplacek.com.pl\/sv\/wp-json\/wp\/v2\/product_tag?post=10196"}],"curies":[{"name":"wp","href":"https:\/\/api.w.org\/{rel}","templated":true}]}}