{"id":9849,"date":"2023-07-10T13:38:28","date_gmt":"2023-07-10T11:38:28","guid":{"rendered":"https:\/\/jacekplacek.com.pl\/?post_type=product&#038;p=9849"},"modified":"2025-12-16T15:38:39","modified_gmt":"2025-12-16T14:38:39","slug":"spelt-kjeks-med-bjorkesukker","status":"publish","type":"product","link":"https:\/\/jacekplacek.com.pl\/nb\/lager\/informasjonskapsler-og-informasjonskapsler\/informasjonskapsler\/spelt-kjeks-med-bjorkesukker\/","title":{"rendered":"Speltkjeks med bj\u00f8rkesukker"},"content":{"rendered":"<p><span style=\"font-weight: 400;\">S\u00e5 fint \u00e5 kombinere svakheten din for sandkaker med \u00e5 supplere kostholdet ditt med verdifulle fr\u00f8...<\/span><\/p>\n<p><span style=\"font-weight: 400;\">Gj\u00f8r deg klar for en unik smaksopplevelse av v\u00e5re shortcrust speltkjeks uten sukker, med lav glykemisk indeks. Nyt smaken av fullkornsspeltkjeks uten tilsatt sukker, som er perfekte for en sunn livsstil. Du vil garantert like deres spr\u00f8 tekstur og subtile smak.<\/span><\/p>\n<p><strong><span style=\"color: #000000;\"><span style=\"font-weight: 400;\">(Anlegget bruker: mel, egg, n\u00f8tter, sesam og melk, derfor kan hvert produkt inneholde spor av de nevnte allergener, selv om de ikke er spesifisert i beskrivelsen og ingredienslisten.)<\/span><\/span><\/strong><\/p>\n<p>&nbsp;<\/p>\n<p>&nbsp;<\/p>","protected":false},"excerpt":{"rendered":"<p><span style=\"font-weight: 400;\">Unike speltkaker med fullkorns-sm\u00e5skorpe med lav glykemisk indeks.\u00a0<\/span><\/p>","protected":false},"featured_media":10097,"comment_status":"closed","ping_status":"closed","template":"","meta":{"content-type":""},"product_brand":[],"product_cat":[121],"product_tag":[348,454,444,446,445,449,354,355],"class_list":{"0":"post-9849","1":"product","2":"type-product","3":"status-publish","4":"has-post-thumbnail","6":"product_cat-ciasteczka","7":"product_tag-ciasteczka-kruche","8":"product_tag-ciasteczka-na-wage","9":"product_tag-cukiernia-jacek-placek","10":"product_tag-jacek-placek-gdansk","11":"product_tag-jacek-placek-gowino","12":"product_tag-jacek-placek-sopot","13":"product_tag-z-nasionami","14":"product_tag-ze-slonecznikiem","16":"entry","17":"has-media","19":"first","20":"outofstock","21":"shipping-taxable","22":"product-type-variable","23":"has-default-attributes","24":"has-product-nav","25":"col","26":"span_1_of_4","27":"owp-content-center","28":"owp-thumbs-layout-horizontal","29":"owp-btn-normal","30":"owp-tabs-layout-horizontal"},"acf":[],"_links":{"self":[{"href":"https:\/\/jacekplacek.com.pl\/nb\/wp-json\/wp\/v2\/product\/9849","targetHints":{"allow":["GET"]}}],"collection":[{"href":"https:\/\/jacekplacek.com.pl\/nb\/wp-json\/wp\/v2\/product"}],"about":[{"href":"https:\/\/jacekplacek.com.pl\/nb\/wp-json\/wp\/v2\/types\/product"}],"replies":[{"embeddable":true,"href":"https:\/\/jacekplacek.com.pl\/nb\/wp-json\/wp\/v2\/comments?post=9849"}],"wp:featuredmedia":[{"embeddable":true,"href":"https:\/\/jacekplacek.com.pl\/nb\/wp-json\/wp\/v2\/media\/10097"}],"wp:attachment":[{"href":"https:\/\/jacekplacek.com.pl\/nb\/wp-json\/wp\/v2\/media?parent=9849"}],"wp:term":[{"taxonomy":"product_brand","embeddable":true,"href":"https:\/\/jacekplacek.com.pl\/nb\/wp-json\/wp\/v2\/product_brand?post=9849"},{"taxonomy":"product_cat","embeddable":true,"href":"https:\/\/jacekplacek.com.pl\/nb\/wp-json\/wp\/v2\/product_cat?post=9849"},{"taxonomy":"product_tag","embeddable":true,"href":"https:\/\/jacekplacek.com.pl\/nb\/wp-json\/wp\/v2\/product_tag?post=9849"}],"curies":[{"name":"wp","href":"https:\/\/api.w.org\/{rel}","templated":true}]}}