{"id":9837,"date":"2023-07-10T13:38:05","date_gmt":"2023-07-10T11:38:05","guid":{"rendered":"https:\/\/jacekplacek.com.pl\/?post_type=product&#038;p=9837"},"modified":"2025-12-16T15:38:40","modified_gmt":"2025-12-16T14:38:40","slug":"smorholdige-havregrynkaker","status":"publish","type":"product","link":"https:\/\/jacekplacek.com.pl\/nb\/lager\/informasjonskapsler-og-informasjonskapsler\/informasjonskapsler\/smorholdige-havregrynkaker\/","title":{"rendered":"Havrekjeks med sm\u00f8r"},"content":{"rendered":"<p><span style=\"font-weight: 400;\">S\u00e5 fint \u00e5 kombinere svakheten din for sandkaker med \u00e5 supplere kostholdet ditt med verdifulle fr\u00f8...<\/span><\/p>\n<p><span style=\"font-weight: 400;\">Vi inviterer deg til \u00e5 pr\u00f8ve v\u00e5re deilige og spr\u00f8 havregrynkaker med sm\u00f8r. De inneholder et vell av verdifulle korn som gj\u00f8r dem ikke bare velsmakende, men ogs\u00e5 sunne. Takket v\u00e6re n\u00f8ye utvalgte ingredienser er v\u00e5re smurte havregrynkaker et ideelt valg for elskere av tradisjonelle, aromatiske bakevarer.<\/span><\/p>\n<p><span style=\"font-weight: 400;\">Pr\u00f8v dem og nyt den unike smaken.\u00a0<\/span><\/p>\n<p><span style=\"color: #000000;\"><span style=\"font-weight: 400;\">(Anlegget bruker: mel, egg, n\u00f8tter, sesam og melk, derfor kan hvert produkt inneholde spor av de nevnte allergener, selv om de ikke er spesifisert i beskrivelsen og ingredienslisten.)<\/span><\/span><\/p>\n<p>&nbsp;<\/p>","protected":false},"excerpt":{"rendered":"<p><span style=\"font-weight: 400;\">Fordyp deg i den unike smaken av v\u00e5re deilige havregrynkaker, fulle av sunne korn som gir verdifull fiber og n\u00e6ringsstoffer.<\/span><\/p>","protected":false},"featured_media":9886,"comment_status":"closed","ping_status":"closed","template":"","meta":{"content-type":""},"product_brand":[],"product_cat":[121],"product_tag":[348,454,444,446,445,449,354,355],"class_list":{"0":"post-9837","1":"product","2":"type-product","3":"status-publish","4":"has-post-thumbnail","6":"product_cat-ciasteczka","7":"product_tag-ciasteczka-kruche","8":"product_tag-ciasteczka-na-wage","9":"product_tag-cukiernia-jacek-placek","10":"product_tag-jacek-placek-gdansk","11":"product_tag-jacek-placek-gowino","12":"product_tag-jacek-placek-sopot","13":"product_tag-z-nasionami","14":"product_tag-ze-slonecznikiem","16":"entry","17":"has-media","19":"first","20":"outofstock","21":"shipping-taxable","22":"product-type-variable","23":"has-default-attributes","24":"has-product-nav","25":"col","26":"span_1_of_4","27":"owp-content-center","28":"owp-thumbs-layout-horizontal","29":"owp-btn-normal","30":"owp-tabs-layout-horizontal"},"acf":[],"_links":{"self":[{"href":"https:\/\/jacekplacek.com.pl\/nb\/wp-json\/wp\/v2\/product\/9837","targetHints":{"allow":["GET"]}}],"collection":[{"href":"https:\/\/jacekplacek.com.pl\/nb\/wp-json\/wp\/v2\/product"}],"about":[{"href":"https:\/\/jacekplacek.com.pl\/nb\/wp-json\/wp\/v2\/types\/product"}],"replies":[{"embeddable":true,"href":"https:\/\/jacekplacek.com.pl\/nb\/wp-json\/wp\/v2\/comments?post=9837"}],"wp:featuredmedia":[{"embeddable":true,"href":"https:\/\/jacekplacek.com.pl\/nb\/wp-json\/wp\/v2\/media\/9886"}],"wp:attachment":[{"href":"https:\/\/jacekplacek.com.pl\/nb\/wp-json\/wp\/v2\/media?parent=9837"}],"wp:term":[{"taxonomy":"product_brand","embeddable":true,"href":"https:\/\/jacekplacek.com.pl\/nb\/wp-json\/wp\/v2\/product_brand?post=9837"},{"taxonomy":"product_cat","embeddable":true,"href":"https:\/\/jacekplacek.com.pl\/nb\/wp-json\/wp\/v2\/product_cat?post=9837"},{"taxonomy":"product_tag","embeddable":true,"href":"https:\/\/jacekplacek.com.pl\/nb\/wp-json\/wp\/v2\/product_tag?post=9837"}],"curies":[{"name":"wp","href":"https:\/\/api.w.org\/{rel}","templated":true}]}}