{"id":9751,"date":"2023-06-28T12:37:57","date_gmt":"2023-06-28T10:37:57","guid":{"rendered":"https:\/\/jacekplacek.com.pl\/?post_type=product&#038;p=9751"},"modified":"2025-11-18T18:28:47","modified_gmt":"2025-11-18T17:28:47","slug":"mini-marengs-bmw-3-stykker","status":"publish","type":"product","link":"https:\/\/jacekplacek.com.pl\/nb\/lager\/torty_i_desery\/mini-desserter-til-kafeen\/mini-marengs-bmw-3-stykker\/","title":{"rendered":"Mini marengskake med bringeb\u00e6r, 3 stk"},"content":{"rendered":"<p>Dessert ikke bare for elegante bord - perfekt for \u00e5 feire navnedager, bursdager eller andre feiringer hjemme eller p\u00e5 jobb...<\/p>\n<p><strong>Kake med marengs, bringeb\u00e6r og mascarponekrem.<\/strong><\/p>\n<p>Hvis du liker marengsdesserter, er det bare \u00e5 legge til en h\u00e5ndfull t\u00f8rket frukt, frukt eller en ball av favorittisen din, s\u00e5 er den klar!<\/p>\n<p>Produkt tilgjengelig i\u00a0<strong>3 stk i en samlepakke (1 stk ca. 150g). Dekorasjonen avhenger av sesongen.\u00a0<\/strong><\/p>","protected":false},"excerpt":{"rendered":"<p><span style=\"font-weight: 400;\">Perfekt marengskake med mascarponekrem og bringeb\u00e6rfyll. Dette er v\u00e5r mest popul\u00e6re marengsbaserte kake! Kombinasjonen av bringeb\u00e6r og delikat mascarponeost garanterer en fest for ganen<\/span><span style=\"font-weight: 400;\">.<\/span><\/p>\n<p>Produkt tilgjengelig i\u00a0<strong>samlepakke 3 stk (1 stk ca 150g).<\/strong><\/p>","protected":false},"featured_media":11463,"comment_status":"closed","ping_status":"closed","template":"","meta":{"content-type":""},"product_brand":[],"product_cat":[723],"product_tag":[444,442,446,445,291,450,447,448],"class_list":{"0":"post-9751","1":"product","2":"type-product","3":"status-publish","4":"has-post-thumbnail","6":"product_cat-mini-desery-do-kawiarni","7":"product_tag-cukiernia-jacek-placek","8":"product_tag-deser-jednoporcjowy","9":"product_tag-jacek-placek-gdansk","10":"product_tag-jacek-placek-gowino","11":"product_tag-tort-malinowy","12":"product_tag-tort-mini","13":"product_tag-tort-red-velvet","14":"product_tag-tort-z-mascarpone","16":"entry","17":"has-media","19":"first","20":"instock","21":"shipping-taxable","22":"product-type-simple","23":"has-product-nav","24":"col","25":"span_1_of_4","26":"owp-content-center","27":"owp-thumbs-layout-horizontal","28":"owp-btn-normal","29":"owp-tabs-layout-horizontal"},"acf":[],"_links":{"self":[{"href":"https:\/\/jacekplacek.com.pl\/nb\/wp-json\/wp\/v2\/product\/9751","targetHints":{"allow":["GET"]}}],"collection":[{"href":"https:\/\/jacekplacek.com.pl\/nb\/wp-json\/wp\/v2\/product"}],"about":[{"href":"https:\/\/jacekplacek.com.pl\/nb\/wp-json\/wp\/v2\/types\/product"}],"replies":[{"embeddable":true,"href":"https:\/\/jacekplacek.com.pl\/nb\/wp-json\/wp\/v2\/comments?post=9751"}],"wp:featuredmedia":[{"embeddable":true,"href":"https:\/\/jacekplacek.com.pl\/nb\/wp-json\/wp\/v2\/media\/11463"}],"wp:attachment":[{"href":"https:\/\/jacekplacek.com.pl\/nb\/wp-json\/wp\/v2\/media?parent=9751"}],"wp:term":[{"taxonomy":"product_brand","embeddable":true,"href":"https:\/\/jacekplacek.com.pl\/nb\/wp-json\/wp\/v2\/product_brand?post=9751"},{"taxonomy":"product_cat","embeddable":true,"href":"https:\/\/jacekplacek.com.pl\/nb\/wp-json\/wp\/v2\/product_cat?post=9751"},{"taxonomy":"product_tag","embeddable":true,"href":"https:\/\/jacekplacek.com.pl\/nb\/wp-json\/wp\/v2\/product_tag?post=9751"}],"curies":[{"name":"wp","href":"https:\/\/api.w.org\/{rel}","templated":true}]}}