{"id":9749,"date":"2023-06-28T12:29:23","date_gmt":"2023-06-28T10:29:23","guid":{"rendered":"https:\/\/jacekplacek.com.pl\/?post_type=product&#038;p=9749"},"modified":"2025-11-18T18:28:47","modified_gmt":"2025-11-18T17:28:47","slug":"mini-bringebaerkake-med-xylitol-3-stk","status":"publish","type":"product","link":"https:\/\/jacekplacek.com.pl\/nb\/lager\/torty_i_desery\/mini-desserter-til-kafeen\/mini-bringebaerkake-med-xylitol-3-stk\/","title":{"rendered":"Mini bringeb\u00e6rkake med xylitol, 3 stk"},"content":{"rendered":"<p>Dessert ikke bare for elegante bord - perfekt for \u00e5 feire navnedager, bursdager eller andre feiringer hjemme eller p\u00e5 jobb...<\/p>\n<p>Elsker du kremaktige kj\u00f8lte desserter og den karakteristiske skumteksturen? N\u00e5 kan du nyte den fruktige og kremete smaken av kald ostekake, som ikke inneholder tradisjonelt sukker. Vi erstattet ham\u00a0<strong>bj\u00f8rkesukker \u2013 xylitol<\/strong>. Xylitol har mye<strong>\u00a0lav glykemisk indeks<\/strong>, noe som gj\u00f8r det trygt for folk som lider av\u00a0<strong>diabetes<\/strong>\u00a0og villig brukt i kosten for<strong>\u00a0diabetikere<\/strong>.<\/p>\n<p>Produkt tilgjengelig i\u00a0<strong>samlepakke 3 stk (1 stk ca. 160g).<\/strong><\/p>","protected":false},"excerpt":{"rendered":"<p>Kald ostekake med bj\u00f8rkesukker - en bunn av speltkjeks med xylitol, ostemasse med mascarpone og bringeb\u00e6r, dekorert med et lag bringeb\u00e6rgel\u00e9.<\/p>\n<p>Produkt tilgjengelig i\u00a0<strong>samlepakke 3 stk (1 stk ca. 160g).<\/strong><\/p>","protected":false},"featured_media":11446,"comment_status":"closed","ping_status":"closed","template":"","meta":{"content-type":""},"product_brand":[],"product_cat":[723],"product_tag":[444,442,446,445,291,450,447,448],"class_list":{"0":"post-9749","1":"product","2":"type-product","3":"status-publish","4":"has-post-thumbnail","6":"product_cat-mini-desery-do-kawiarni","7":"product_tag-cukiernia-jacek-placek","8":"product_tag-deser-jednoporcjowy","9":"product_tag-jacek-placek-gdansk","10":"product_tag-jacek-placek-gowino","11":"product_tag-tort-malinowy","12":"product_tag-tort-mini","13":"product_tag-tort-red-velvet","14":"product_tag-tort-z-mascarpone","16":"entry","17":"has-media","19":"first","20":"instock","21":"shipping-taxable","22":"product-type-simple","23":"has-product-nav","24":"col","25":"span_1_of_4","26":"owp-content-center","27":"owp-thumbs-layout-horizontal","28":"owp-btn-normal","29":"owp-tabs-layout-horizontal"},"acf":[],"_links":{"self":[{"href":"https:\/\/jacekplacek.com.pl\/nb\/wp-json\/wp\/v2\/product\/9749","targetHints":{"allow":["GET"]}}],"collection":[{"href":"https:\/\/jacekplacek.com.pl\/nb\/wp-json\/wp\/v2\/product"}],"about":[{"href":"https:\/\/jacekplacek.com.pl\/nb\/wp-json\/wp\/v2\/types\/product"}],"replies":[{"embeddable":true,"href":"https:\/\/jacekplacek.com.pl\/nb\/wp-json\/wp\/v2\/comments?post=9749"}],"wp:featuredmedia":[{"embeddable":true,"href":"https:\/\/jacekplacek.com.pl\/nb\/wp-json\/wp\/v2\/media\/11446"}],"wp:attachment":[{"href":"https:\/\/jacekplacek.com.pl\/nb\/wp-json\/wp\/v2\/media?parent=9749"}],"wp:term":[{"taxonomy":"product_brand","embeddable":true,"href":"https:\/\/jacekplacek.com.pl\/nb\/wp-json\/wp\/v2\/product_brand?post=9749"},{"taxonomy":"product_cat","embeddable":true,"href":"https:\/\/jacekplacek.com.pl\/nb\/wp-json\/wp\/v2\/product_cat?post=9749"},{"taxonomy":"product_tag","embeddable":true,"href":"https:\/\/jacekplacek.com.pl\/nb\/wp-json\/wp\/v2\/product_tag?post=9749"}],"curies":[{"name":"wp","href":"https:\/\/api.w.org\/{rel}","templated":true}]}}