{"id":9560,"date":"2023-06-12T12:08:26","date_gmt":"2023-06-12T10:08:26","guid":{"rendered":"https:\/\/jacekplacek.com.pl\/?post_type=product&#038;p=9560"},"modified":"2025-11-18T18:28:46","modified_gmt":"2025-11-18T17:28:46","slug":"bringebaer-nanokake-med-bjorkesukker-xylitol-6-stk","status":"publish","type":"product","link":"https:\/\/jacekplacek.com.pl\/nb\/lager\/torty_i_desery\/monoporcje-na-catering\/bringebaer-nanokake-med-bjorkesukker-xylitol-6-stk\/","title":{"rendered":"Bringeb\u00e6r nanokake med bj\u00f8rkesukker - xylitol, 6 stk"},"content":{"rendered":"<p>Dessert ikke bare for elegante bord - perfekt for \u00e5 feire navnedager, bursdager eller andre feiringer hjemme eller p\u00e5 jobb...<\/p>\n<p>Elsker du kremaktige kj\u00f8lte desserter og den karakteristiske skumteksturen? N\u00e5 kan du nyte den fruktige og kremete smaken av kald ostekake, som ikke inneholder tradisjonelt sukker. Vi erstattet ham\u00a0<strong>bj\u00f8rkesukker \u2013 xylitol<\/strong>. Xylitol har mye<strong>\u00a0lav glykemisk indeks<\/strong>, noe som gj\u00f8r det trygt for folk som lider av\u00a0<strong>diabetes<\/strong>\u00a0og villig brukt i kosten for<strong>\u00a0diabetikere<\/strong>.<\/p>\n<p>\u00d8nsker du \u00e5 bestille andre kaker med bj\u00f8rkesukker i stedet for den tradisjonelle, oppfordrer vi deg til det\u00a0<strong><a href=\"https:\/\/jacekplacek.com.pl\/nb\/kontakt\/\" target=\"_blank\" rel=\"noopener\">kontakt<\/a>\u00a0<\/strong>med produksjonsavdelingen.<\/p>\n<p>Produkt tilgjengelig i <strong>samleemballasje 6 stk (1 stk ca. 50g).<\/strong><\/p>","protected":false},"excerpt":{"rendered":"<p>Kald ostekake med bj\u00f8rkesukker - en bunn av speltkjeks med xylitol, ostemasse med mascarpone og bringeb\u00e6r, dekorert med et lag bringeb\u00e6rgel\u00e9.<\/p>\n<p>Produkt tilgjengelig i <strong>samleemballasje 6 stk (1 stk ca. 50g).<\/strong><\/p>","protected":false},"featured_media":11484,"comment_status":"closed","ping_status":"closed","template":"","meta":{"content-type":""},"product_brand":[],"product_cat":[693],"product_tag":[720,721,551,539,697,719,701],"class_list":{"0":"post-9560","1":"product","2":"type-product","3":"status-publish","4":"has-post-thumbnail","6":"product_cat-monoporcje-na-catering","7":"product_tag-catering-impreza","8":"product_tag-catering-urodziny","9":"product_tag-cukier-brzozowy","10":"product_tag-ksylitol","11":"product_tag-mini-deser","12":"product_tag-mini-porcje","13":"product_tag-nano-deser","15":"entry","16":"has-media","18":"first","19":"instock","20":"shipping-taxable","21":"product-type-simple","22":"has-product-nav","23":"col","24":"span_1_of_4","25":"owp-content-center","26":"owp-thumbs-layout-horizontal","27":"owp-btn-normal","28":"owp-tabs-layout-horizontal"},"acf":[],"_links":{"self":[{"href":"https:\/\/jacekplacek.com.pl\/nb\/wp-json\/wp\/v2\/product\/9560","targetHints":{"allow":["GET"]}}],"collection":[{"href":"https:\/\/jacekplacek.com.pl\/nb\/wp-json\/wp\/v2\/product"}],"about":[{"href":"https:\/\/jacekplacek.com.pl\/nb\/wp-json\/wp\/v2\/types\/product"}],"replies":[{"embeddable":true,"href":"https:\/\/jacekplacek.com.pl\/nb\/wp-json\/wp\/v2\/comments?post=9560"}],"wp:featuredmedia":[{"embeddable":true,"href":"https:\/\/jacekplacek.com.pl\/nb\/wp-json\/wp\/v2\/media\/11484"}],"wp:attachment":[{"href":"https:\/\/jacekplacek.com.pl\/nb\/wp-json\/wp\/v2\/media?parent=9560"}],"wp:term":[{"taxonomy":"product_brand","embeddable":true,"href":"https:\/\/jacekplacek.com.pl\/nb\/wp-json\/wp\/v2\/product_brand?post=9560"},{"taxonomy":"product_cat","embeddable":true,"href":"https:\/\/jacekplacek.com.pl\/nb\/wp-json\/wp\/v2\/product_cat?post=9560"},{"taxonomy":"product_tag","embeddable":true,"href":"https:\/\/jacekplacek.com.pl\/nb\/wp-json\/wp\/v2\/product_tag?post=9560"}],"curies":[{"name":"wp","href":"https:\/\/api.w.org\/{rel}","templated":true}]}}