{"id":9540,"date":"2023-06-12T11:22:43","date_gmt":"2023-06-12T09:22:43","guid":{"rendered":"https:\/\/jacekplacek.com.pl\/?post_type=product&#038;p=9540"},"modified":"2025-11-18T18:28:46","modified_gmt":"2025-11-18T17:28:46","slug":"nano-tiramisu-6-deler","status":"publish","type":"product","link":"https:\/\/jacekplacek.com.pl\/nb\/lager\/torty_i_desery\/monoporcje-na-catering\/nano-tiramisu-6-deler\/","title":{"rendered":"Nano italiensk tiramisu kake, 6 stk"},"content":{"rendered":"<p><b>En italiensk klassiker i sin deiligste versjon - v\u00e5r nano italienske Tiramisu kake.<\/b><\/p>\n<p><span style=\"font-weight: 400;\">V\u00e5r kake er en hyllest til den tradisjonelle italienske desserten basert p\u00e5 mascarponeost, som ikke bare er ekstremt kremet, men ogs\u00e5 rik p\u00e5 smak. For \u00e5 tilf\u00f8re enda mer aroma legger vi den i kaffepunch med et hint av amarettolik\u00f8r. Det er en kombinasjon av smaker som gleder sansene og fortryller ganen.<\/span><\/p>\n<p><b>V\u00e5r italienske nano-tiramisu-kake er det perfekte valget for de som \u00f8nsker \u00e5 fordype seg i tradisjonen og smakene til Italia. Kom til konfektbutikken v\u00e5r og dra p\u00e5 denne smaksreisen med oss i dag! <\/b><\/p>\n<p>Dessert ikke bare for elegante bord - perfekt for \u00e5 feire navnedager, bursdager eller andre feiringer hjemme eller p\u00e5 jobb...<\/p>\n<p>Produkt tilgjengelig i <strong>samlepakke 6 stk (1 stk ca 60g).<\/strong><\/p>","protected":false},"excerpt":{"rendered":"<p><span style=\"font-weight: 400;\">Det er en ekte fest for ganen som tar deg til hjertet av Italia med hver bit. <\/span>Dessert ikke bare for elegante bord - perfekt for \u00e5 feire navnedager, bursdager eller andre feiringer hjemme eller p\u00e5 jobb...<\/p>\n<p>Produkt tilgjengelig i <strong>samlepakke 6 stk (1 stk ca 60g).<\/strong><\/p>","protected":false},"featured_media":11487,"comment_status":"closed","ping_status":"closed","template":"","meta":{"content-type":""},"product_brand":[],"product_cat":[693],"product_tag":[697,696,701,700,267,702],"class_list":{"0":"post-9540","1":"product","2":"type-product","3":"status-publish","4":"has-post-thumbnail","6":"product_cat-monoporcje-na-catering","7":"product_tag-mini-deser","8":"product_tag-nano","9":"product_tag-nano-deser","10":"product_tag-nano-porcja","11":"product_tag-tiramisu","12":"product_tag-wloskie-tiramisu","14":"entry","15":"has-media","17":"first","18":"instock","19":"shipping-taxable","20":"product-type-simple","21":"has-product-nav","22":"col","23":"span_1_of_4","24":"owp-content-center","25":"owp-thumbs-layout-horizontal","26":"owp-btn-normal","27":"owp-tabs-layout-horizontal"},"acf":[],"_links":{"self":[{"href":"https:\/\/jacekplacek.com.pl\/nb\/wp-json\/wp\/v2\/product\/9540","targetHints":{"allow":["GET"]}}],"collection":[{"href":"https:\/\/jacekplacek.com.pl\/nb\/wp-json\/wp\/v2\/product"}],"about":[{"href":"https:\/\/jacekplacek.com.pl\/nb\/wp-json\/wp\/v2\/types\/product"}],"replies":[{"embeddable":true,"href":"https:\/\/jacekplacek.com.pl\/nb\/wp-json\/wp\/v2\/comments?post=9540"}],"wp:featuredmedia":[{"embeddable":true,"href":"https:\/\/jacekplacek.com.pl\/nb\/wp-json\/wp\/v2\/media\/11487"}],"wp:attachment":[{"href":"https:\/\/jacekplacek.com.pl\/nb\/wp-json\/wp\/v2\/media?parent=9540"}],"wp:term":[{"taxonomy":"product_brand","embeddable":true,"href":"https:\/\/jacekplacek.com.pl\/nb\/wp-json\/wp\/v2\/product_brand?post=9540"},{"taxonomy":"product_cat","embeddable":true,"href":"https:\/\/jacekplacek.com.pl\/nb\/wp-json\/wp\/v2\/product_cat?post=9540"},{"taxonomy":"product_tag","embeddable":true,"href":"https:\/\/jacekplacek.com.pl\/nb\/wp-json\/wp\/v2\/product_tag?post=9540"}],"curies":[{"name":"wp","href":"https:\/\/api.w.org\/{rel}","templated":true}]}}