{"id":9531,"date":"2023-06-12T11:06:13","date_gmt":"2023-06-12T09:06:13","guid":{"rendered":"https:\/\/jacekplacek.com.pl\/?post_type=product&#038;p=9531"},"modified":"2025-11-18T18:28:46","modified_gmt":"2025-11-18T17:28:46","slug":"nano-rod-floyel","status":"publish","type":"product","link":"https:\/\/jacekplacek.com.pl\/nb\/lager\/torty_i_desery\/monoporcje-na-catering\/nano-rod-floyel\/","title":{"rendered":"Nano Red Velvet kake, 6 stk"},"content":{"rendered":"<p><b>Vi inviterer deg til \u00e5 pr\u00f8ve flaggskipet v\u00e5rt nano Red Velvet Cake \u2013 en klassisk dessert i ny utgave.<\/b><\/p>\n<p><b>Kaken v\u00e5r er ikke bare appetittvekkende, men ogs\u00e5 sunn fordi vi unng\u00e5r kunstige tilsetningsstoffer ved \u00e5 bruke et naturlig lykopenfargestoff fra tomater.<\/b><span style=\"font-weight: 400;\"> Vi fyller innsiden av kaken med deilig mascarponekrem og bringeb\u00e6rsyltet\u00f8y, som gir den en unik smak. Se selv at tradisjonell smak kan g\u00e5 h\u00e5nd i h\u00e5nd med oppmerksomhet p\u00e5 kvaliteten p\u00e5 ingrediensene.<\/span><\/p>\n<p>Dessert ikke bare for elegante bord - perfekt for \u00e5 feire navnedager, bursdager eller andre feiringer hjemme eller p\u00e5 jobb...<\/p>\n<p>Produkt tilgjengelig i\u00a0<strong>samlepakke p\u00e5 6 stk (1 stk ca. 70g).<\/strong><\/p>","protected":false},"excerpt":{"rendered":"<p><span style=\"font-weight: 400;\">V\u00e5rt flaggskip Red Velvet Cake - en klassisk dessert med en ny vri. Se selv at tradisjonell smak kan g\u00e5 h\u00e5nd i h\u00e5nd med oppmerksomhet p\u00e5 kvaliteten p\u00e5 ingrediensene.<\/span><\/p>\n<p>Produkt tilgjengelig i <strong>samlepakke p\u00e5 6 stk (1 stk ca. 70g).<\/strong><\/p>","protected":false},"featured_media":11359,"comment_status":"closed","ping_status":"closed","template":"","meta":{"content-type":""},"product_brand":[],"product_cat":[693],"product_tag":[697,696,336,447],"class_list":{"0":"post-9531","1":"product","2":"type-product","3":"status-publish","4":"has-post-thumbnail","6":"product_cat-monoporcje-na-catering","7":"product_tag-mini-deser","8":"product_tag-nano","9":"product_tag-red-velvet","10":"product_tag-tort-red-velvet","12":"entry","13":"has-media","15":"first","16":"instock","17":"shipping-taxable","18":"product-type-simple","19":"has-product-nav","20":"col","21":"span_1_of_4","22":"owp-content-center","23":"owp-thumbs-layout-horizontal","24":"owp-btn-normal","25":"owp-tabs-layout-horizontal"},"acf":[],"_links":{"self":[{"href":"https:\/\/jacekplacek.com.pl\/nb\/wp-json\/wp\/v2\/product\/9531","targetHints":{"allow":["GET"]}}],"collection":[{"href":"https:\/\/jacekplacek.com.pl\/nb\/wp-json\/wp\/v2\/product"}],"about":[{"href":"https:\/\/jacekplacek.com.pl\/nb\/wp-json\/wp\/v2\/types\/product"}],"replies":[{"embeddable":true,"href":"https:\/\/jacekplacek.com.pl\/nb\/wp-json\/wp\/v2\/comments?post=9531"}],"wp:featuredmedia":[{"embeddable":true,"href":"https:\/\/jacekplacek.com.pl\/nb\/wp-json\/wp\/v2\/media\/11359"}],"wp:attachment":[{"href":"https:\/\/jacekplacek.com.pl\/nb\/wp-json\/wp\/v2\/media?parent=9531"}],"wp:term":[{"taxonomy":"product_brand","embeddable":true,"href":"https:\/\/jacekplacek.com.pl\/nb\/wp-json\/wp\/v2\/product_brand?post=9531"},{"taxonomy":"product_cat","embeddable":true,"href":"https:\/\/jacekplacek.com.pl\/nb\/wp-json\/wp\/v2\/product_cat?post=9531"},{"taxonomy":"product_tag","embeddable":true,"href":"https:\/\/jacekplacek.com.pl\/nb\/wp-json\/wp\/v2\/product_tag?post=9531"}],"curies":[{"name":"wp","href":"https:\/\/api.w.org\/{rel}","templated":true}]}}