{"id":9522,"date":"2023-06-12T10:57:05","date_gmt":"2023-06-12T08:57:05","guid":{"rendered":"https:\/\/jacekplacek.com.pl\/?post_type=product&#038;p=9522"},"modified":"2025-11-18T18:28:45","modified_gmt":"2025-11-18T17:28:45","slug":"nano-bueno-6-stykker","status":"publish","type":"product","link":"https:\/\/jacekplacek.com.pl\/nb\/lager\/torty_i_desery\/monoporcje-na-catering\/nano-bueno-6-stykker\/","title":{"rendered":"Nano Bueno kake, 6 stk"},"content":{"rendered":"<p><strong>Vi presenterer nano Bueno Cake - en kombinasjon av delikat hvit sjokoladekrem og spr\u00f8 hasseln\u00f8tter.<\/strong><\/p>\n<p>V\u00e5r versjon av denne popul\u00e6re kaken er en skikkelig fest for ganen. Hva gj\u00f8r at den skiller seg ut? Det faktum at det ikke er altfor s\u00f8tt gj\u00f8r det til et ideelt alternativ for barn som elsker denne unike sammensetningen av smaker.\u00a0<strong>Vi inviterer deg til v\u00e5r konfektbutikk for \u00e5 oppdage hvorfor Bueno Cake har blitt favorittdessert for mange gourmeter!<\/strong><\/p>\n<p>Dessert ikke bare for elegante bord - perfekt for \u00e5 feire navnedager, bursdager eller andre feiringer hjemme eller p\u00e5 jobb...<\/p>\n<p>Produkt tilgjengelig i\u00a0<strong>6 stk i en samlepakke (6 stk ca. 360g).<\/strong><\/p>","protected":false},"excerpt":{"rendered":"<p>Vi inviterer deg til v\u00e5r konfektbutikk for \u00e5 oppdage hvorfor Bueno Cake har blitt favorittdessert for mange gourmeter!<\/p>\n<p>Produkt tilgjengelig i\u00a0<strong>6 stk i en samlepakke (6 stk ca. 360g).<\/strong><\/p>","protected":false},"featured_media":11490,"comment_status":"closed","ping_status":"closed","template":"","meta":{"content-type":""},"product_brand":[],"product_cat":[693],"product_tag":[357,380,694,253,254,695,174],"class_list":{"0":"post-9522","1":"product","2":"type-product","3":"status-publish","4":"has-post-thumbnail","6":"product_cat-monoporcje-na-catering","7":"product_tag-ciasteczka","8":"product_tag-ciasto","9":"product_tag-ciasto-bueno","10":"product_tag-ciasto-z-kajmakiem","11":"product_tag-kajmak","12":"product_tag-nano-bueno","13":"product_tag-polewa-kajmakowa","15":"entry","16":"has-media","18":"first","19":"instock","20":"shipping-taxable","21":"product-type-simple","22":"has-product-nav","23":"col","24":"span_1_of_4","25":"owp-content-center","26":"owp-thumbs-layout-horizontal","27":"owp-btn-normal","28":"owp-tabs-layout-horizontal"},"acf":[],"_links":{"self":[{"href":"https:\/\/jacekplacek.com.pl\/nb\/wp-json\/wp\/v2\/product\/9522","targetHints":{"allow":["GET"]}}],"collection":[{"href":"https:\/\/jacekplacek.com.pl\/nb\/wp-json\/wp\/v2\/product"}],"about":[{"href":"https:\/\/jacekplacek.com.pl\/nb\/wp-json\/wp\/v2\/types\/product"}],"replies":[{"embeddable":true,"href":"https:\/\/jacekplacek.com.pl\/nb\/wp-json\/wp\/v2\/comments?post=9522"}],"wp:featuredmedia":[{"embeddable":true,"href":"https:\/\/jacekplacek.com.pl\/nb\/wp-json\/wp\/v2\/media\/11490"}],"wp:attachment":[{"href":"https:\/\/jacekplacek.com.pl\/nb\/wp-json\/wp\/v2\/media?parent=9522"}],"wp:term":[{"taxonomy":"product_brand","embeddable":true,"href":"https:\/\/jacekplacek.com.pl\/nb\/wp-json\/wp\/v2\/product_brand?post=9522"},{"taxonomy":"product_cat","embeddable":true,"href":"https:\/\/jacekplacek.com.pl\/nb\/wp-json\/wp\/v2\/product_cat?post=9522"},{"taxonomy":"product_tag","embeddable":true,"href":"https:\/\/jacekplacek.com.pl\/nb\/wp-json\/wp\/v2\/product_tag?post=9522"}],"curies":[{"name":"wp","href":"https:\/\/api.w.org\/{rel}","templated":true}]}}