{"id":783,"date":"2020-11-27T13:33:06","date_gmt":"2020-11-27T12:33:06","guid":{"rendered":"https:\/\/jacekplacek.com.pl\/?post_type=product&#038;p=783"},"modified":"2025-11-18T18:30:05","modified_gmt":"2025-11-18T17:30:05","slug":"tre-biter","status":"publish","type":"product","link":"https:\/\/jacekplacek.com.pl\/nb\/lager\/krem-kaker\/kaker-med-vaniljesaus\/tre-biter\/","title":{"rendered":"tre biter"},"content":{"rendered":"<p><span style=\"font-weight: 400;\">Sm\u00f8rdeig med butterscotch, vaniljesaus og kremkrem, sandkaker og sjokoladetopping<\/span><\/p>\n<p>&nbsp;<\/p>","protected":false},"excerpt":{"rendered":"<p><span data-sheets-root=\"1\">Kruche ciasto z warstwami kremu kajmakowego, budyniowego i bitej \u015bmietany, udekorowane polew\u0105 czekoladow\u0105 z ciasteczkami kruchymi.<\/span><\/p>","protected":false},"featured_media":3365,"comment_status":"closed","ping_status":"closed","template":"","meta":{"content-type":""},"product_brand":[],"product_cat":[79,80],"product_tag":[360,361,444,446,445,449,190,603],"class_list":{"0":"post-783","1":"product","2":"type-product","3":"status-publish","4":"has-post-thumbnail","6":"product_cat-ciasta-z-kremem-budyniowym","7":"product_cat-ciasta-z-kremem-smietanowym","8":"product_tag-ciasto-batonik","9":"product_tag-ciasto-karmel","10":"product_tag-cukiernia-jacek-placek","11":"product_tag-jacek-placek-gdansk","12":"product_tag-jacek-placek-gowino","13":"product_tag-jacek-placek-sopot","14":"product_tag-toffi","15":"product_tag-trzybit","17":"entry","18":"has-media","20":"first","21":"instock","22":"shipping-taxable","23":"product-type-variable","24":"has-default-attributes","25":"has-product-nav","26":"col","27":"span_1_of_4","28":"owp-content-center","29":"owp-thumbs-layout-horizontal","30":"owp-btn-normal","31":"owp-tabs-layout-horizontal"},"acf":[],"_links":{"self":[{"href":"https:\/\/jacekplacek.com.pl\/nb\/wp-json\/wp\/v2\/product\/783","targetHints":{"allow":["GET"]}}],"collection":[{"href":"https:\/\/jacekplacek.com.pl\/nb\/wp-json\/wp\/v2\/product"}],"about":[{"href":"https:\/\/jacekplacek.com.pl\/nb\/wp-json\/wp\/v2\/types\/product"}],"replies":[{"embeddable":true,"href":"https:\/\/jacekplacek.com.pl\/nb\/wp-json\/wp\/v2\/comments?post=783"}],"wp:featuredmedia":[{"embeddable":true,"href":"https:\/\/jacekplacek.com.pl\/nb\/wp-json\/wp\/v2\/media\/3365"}],"wp:attachment":[{"href":"https:\/\/jacekplacek.com.pl\/nb\/wp-json\/wp\/v2\/media?parent=783"}],"wp:term":[{"taxonomy":"product_brand","embeddable":true,"href":"https:\/\/jacekplacek.com.pl\/nb\/wp-json\/wp\/v2\/product_brand?post=783"},{"taxonomy":"product_cat","embeddable":true,"href":"https:\/\/jacekplacek.com.pl\/nb\/wp-json\/wp\/v2\/product_cat?post=783"},{"taxonomy":"product_tag","embeddable":true,"href":"https:\/\/jacekplacek.com.pl\/nb\/wp-json\/wp\/v2\/product_tag?post=783"}],"curies":[{"name":"wp","href":"https:\/\/api.w.org\/{rel}","templated":true}]}}