{"id":6908,"date":"2022-06-23T09:21:33","date_gmt":"2022-06-23T07:21:33","guid":{"rendered":"https:\/\/jacekplacek.com.pl\/?post_type=product&#038;p=6908"},"modified":"2025-11-18T18:27:31","modified_gmt":"2025-11-18T17:27:31","slug":"kald-ostekake-med-bjorke-sukker","status":"publish","type":"product","link":"https:\/\/jacekplacek.com.pl\/nb\/lager\/ostekaker-alt\/kalde-ostekaker\/kald-ostekake-med-bjorke-sukker\/","title":{"rendered":"Bringeb\u00e6rkake med bj\u00f8rkesukker - xylitol"},"content":{"rendered":"<p><span style=\"font-size: 16px;\">Elsker du kremaktige kj\u00f8lte desserter og den karakteristiske skumteksturen? N\u00e5 kan du nyte den fruktige og kremete smaken av kald ostekake, som ikke inneholder tradisjonelt sukker. Vi erstattet ham <strong>bj\u00f8rkesukker - xylitol, som<\/strong>\u00a0har mye<strong> lav glykemisk indeks.<\/strong><\/span><\/p>\n<p><span style=\"font-weight: 400;\">(Planten bruker: mel, egg, n\u00f8tter, sesam og melk. Derfor kan hvert produkt inneholde spor av de nevnte allergener, selv om de ikke er spesifisert i beskrivelsen og ingredienslisten.)<\/span><\/p>","protected":false},"excerpt":{"rendered":"<p><span style=\"font-weight: 400;\">Kald ostekake med bj\u00f8rkesukker - en bunn av speltkjeks med xylitol, ostemasse med mascarpone og bringeb\u00e6r, dekorert med et lag bringeb\u00e6rgel\u00e9.<\/span><\/p>","protected":false},"featured_media":11449,"comment_status":"closed","ping_status":"closed","template":"","meta":{"content-type":""},"product_brand":[],"product_cat":[76,534],"product_tag":[551,444,553,552,446,445,449,539,198,135],"class_list":{"0":"post-6908","1":"product","2":"type-product","3":"status-publish","4":"has-post-thumbnail","6":"product_cat-serniki-na-zimno","7":"product_cat-ciasta-weganskie-i-keto","8":"product_tag-cukier-brzozowy","9":"product_tag-cukiernia-jacek-placek","10":"product_tag-dla-cukrzykow","11":"product_tag-dla-diabetykow","12":"product_tag-jacek-placek-gdansk","13":"product_tag-jacek-placek-gowino","14":"product_tag-jacek-placek-sopot","15":"product_tag-ksylitol","16":"product_tag-malinowa-poezja","17":"product_tag-sernik-na-zimno","19":"entry","20":"has-media","22":"first","23":"instock","24":"shipping-taxable","25":"product-type-variable","26":"has-product-nav","27":"col","28":"span_1_of_4","29":"owp-content-center","30":"owp-thumbs-layout-horizontal","31":"owp-btn-normal","32":"owp-tabs-layout-horizontal"},"acf":[],"_links":{"self":[{"href":"https:\/\/jacekplacek.com.pl\/nb\/wp-json\/wp\/v2\/product\/6908","targetHints":{"allow":["GET"]}}],"collection":[{"href":"https:\/\/jacekplacek.com.pl\/nb\/wp-json\/wp\/v2\/product"}],"about":[{"href":"https:\/\/jacekplacek.com.pl\/nb\/wp-json\/wp\/v2\/types\/product"}],"replies":[{"embeddable":true,"href":"https:\/\/jacekplacek.com.pl\/nb\/wp-json\/wp\/v2\/comments?post=6908"}],"wp:featuredmedia":[{"embeddable":true,"href":"https:\/\/jacekplacek.com.pl\/nb\/wp-json\/wp\/v2\/media\/11449"}],"wp:attachment":[{"href":"https:\/\/jacekplacek.com.pl\/nb\/wp-json\/wp\/v2\/media?parent=6908"}],"wp:term":[{"taxonomy":"product_brand","embeddable":true,"href":"https:\/\/jacekplacek.com.pl\/nb\/wp-json\/wp\/v2\/product_brand?post=6908"},{"taxonomy":"product_cat","embeddable":true,"href":"https:\/\/jacekplacek.com.pl\/nb\/wp-json\/wp\/v2\/product_cat?post=6908"},{"taxonomy":"product_tag","embeddable":true,"href":"https:\/\/jacekplacek.com.pl\/nb\/wp-json\/wp\/v2\/product_tag?post=6908"}],"curies":[{"name":"wp","href":"https:\/\/api.w.org\/{rel}","templated":true}]}}