{"id":6811,"date":"2022-06-20T13:18:01","date_gmt":"2022-06-20T11:18:01","guid":{"rendered":"https:\/\/jacekplacek.com.pl\/?post_type=product&#038;p=6811"},"modified":"2025-11-18T18:32:37","modified_gmt":"2025-11-18T17:32:37","slug":"valmuefro-vegansk-2","status":"publish","type":"product","link":"https:\/\/jacekplacek.com.pl\/nb\/lager\/babki-i-makowce\/valmuefro-vegansk-2\/","title":{"rendered":"Vegansk valmuefr\u00f8kake"},"content":{"rendered":"<p>Vegansk valmuefr\u00f8kake p\u00e5 spr\u00f8 bunn, kun vegetabilske ingredienser. Rik valmuefr\u00f8masse med n\u00f8tter og t\u00f8rket frukt og hirse med tilsetning av linfr\u00f8.<\/p>\n<p><span style=\"font-weight: 400;\">(Planten bruker: mel, egg, n\u00f8tter, sesam og melk. Derfor kan hvert produkt inneholde spor av de nevnte allergener, selv om de ikke er spesifisert i beskrivelsen og ingredienslisten.)<\/span><\/p>","protected":false},"excerpt":{"rendered":"<p>Vegansk valmuefr\u00f8kake p\u00e5 spr\u00f8 bunn med valmuefyll beriket med hirse og linfr\u00f8.<\/p>","protected":false},"featured_media":6815,"comment_status":"closed","ping_status":"closed","template":"","meta":{"content-type":""},"product_brand":[],"product_cat":[907,81,534],"product_tag":[444,446,445,449,537,453,536],"class_list":{"0":"post-6811","1":"product","2":"type-product","3":"status-publish","4":"has-post-thumbnail","6":"product_cat-ciasta-swiateczne","7":"product_cat-babki-i-makowce","8":"product_cat-ciasta-weganskie-i-keto","9":"product_tag-cukiernia-jacek-placek","10":"product_tag-jacek-placek-gdansk","11":"product_tag-jacek-placek-gowino","12":"product_tag-jacek-placek-sopot","13":"product_tag-makowiec-roslinny","14":"product_tag-makowiec-weganski","15":"product_tag-wege","17":"entry","18":"has-media","20":"first","21":"instock","22":"shipping-taxable","23":"product-type-variable","24":"has-product-nav","25":"col","26":"span_1_of_4","27":"owp-content-center","28":"owp-thumbs-layout-horizontal","29":"owp-btn-normal","30":"owp-tabs-layout-horizontal"},"acf":[],"_links":{"self":[{"href":"https:\/\/jacekplacek.com.pl\/nb\/wp-json\/wp\/v2\/product\/6811","targetHints":{"allow":["GET"]}}],"collection":[{"href":"https:\/\/jacekplacek.com.pl\/nb\/wp-json\/wp\/v2\/product"}],"about":[{"href":"https:\/\/jacekplacek.com.pl\/nb\/wp-json\/wp\/v2\/types\/product"}],"replies":[{"embeddable":true,"href":"https:\/\/jacekplacek.com.pl\/nb\/wp-json\/wp\/v2\/comments?post=6811"}],"wp:featuredmedia":[{"embeddable":true,"href":"https:\/\/jacekplacek.com.pl\/nb\/wp-json\/wp\/v2\/media\/6815"}],"wp:attachment":[{"href":"https:\/\/jacekplacek.com.pl\/nb\/wp-json\/wp\/v2\/media?parent=6811"}],"wp:term":[{"taxonomy":"product_brand","embeddable":true,"href":"https:\/\/jacekplacek.com.pl\/nb\/wp-json\/wp\/v2\/product_brand?post=6811"},{"taxonomy":"product_cat","embeddable":true,"href":"https:\/\/jacekplacek.com.pl\/nb\/wp-json\/wp\/v2\/product_cat?post=6811"},{"taxonomy":"product_tag","embeddable":true,"href":"https:\/\/jacekplacek.com.pl\/nb\/wp-json\/wp\/v2\/product_tag?post=6811"}],"curies":[{"name":"wp","href":"https:\/\/api.w.org\/{rel}","templated":true}]}}