{"id":601,"date":"2020-11-27T10:20:43","date_gmt":"2020-11-27T09:20:43","guid":{"rendered":"https:\/\/jacekplacek.com.pl\/?post_type=product&#038;p=601"},"modified":"2025-11-18T18:28:57","modified_gmt":"2025-11-18T17:28:57","slug":"valmuefrokake","status":"publish","type":"product","link":"https:\/\/jacekplacek.com.pl\/nb\/lager\/babki-i-makowce\/valmuefrokake\/","title":{"rendered":"Valmuefr\u00f8kake"},"content":{"rendered":"<p><span style=\"font-weight: 400;\">Smakfull m\u00f8rdeig med vanvittig valmuefr\u00f8fyll full av n\u00f8tter og t\u00f8rket frukt. <\/span><\/p>\n<p>Makowiec er en typisk julekake i polsk mat. I f\u00f8lge tradisjonen sies dens intense smak og rike fylling \u00e5 bringe lykke og fruktbarhet.<\/p>\n<p>&nbsp;<\/p>","protected":false},"excerpt":{"rendered":"<p><span data-sheets-root=\"1\">En bunn laget av m\u00f8rdeig, et fuktig valmuefr\u00f8fyll fullt av t\u00f8rket frukt, og en topp laget av strimler av m\u00f8rdeig drysset med n\u00f8tter og rosiner.<\/span><\/p>","protected":false},"featured_media":8030,"comment_status":"closed","ping_status":"closed","template":"","meta":{"content-type":""},"product_brand":[],"product_cat":[81],"product_tag":[213,99,444,446,445,449,141,214,144,98],"class_list":{"0":"post-601","1":"product","2":"type-product","3":"status-publish","4":"has-post-thumbnail","6":"product_cat-babki-i-makowce","7":"product_tag-bakalie","8":"product_tag-ciasto-swiateczne","9":"product_tag-cukiernia-jacek-placek","10":"product_tag-jacek-placek-gdansk","11":"product_tag-jacek-placek-gowino","12":"product_tag-jacek-placek-sopot","13":"product_tag-makowiec","14":"product_tag-makowiec-bakaliowy","15":"product_tag-swiateczne","16":"product_tag-swieta","18":"entry","19":"has-media","21":"first","22":"instock","23":"shipping-taxable","24":"product-type-variable","25":"has-default-attributes","26":"has-product-nav","27":"col","28":"span_1_of_4","29":"owp-content-center","30":"owp-thumbs-layout-horizontal","31":"owp-btn-normal","32":"owp-tabs-layout-horizontal"},"acf":[],"_links":{"self":[{"href":"https:\/\/jacekplacek.com.pl\/nb\/wp-json\/wp\/v2\/product\/601","targetHints":{"allow":["GET"]}}],"collection":[{"href":"https:\/\/jacekplacek.com.pl\/nb\/wp-json\/wp\/v2\/product"}],"about":[{"href":"https:\/\/jacekplacek.com.pl\/nb\/wp-json\/wp\/v2\/types\/product"}],"replies":[{"embeddable":true,"href":"https:\/\/jacekplacek.com.pl\/nb\/wp-json\/wp\/v2\/comments?post=601"}],"wp:featuredmedia":[{"embeddable":true,"href":"https:\/\/jacekplacek.com.pl\/nb\/wp-json\/wp\/v2\/media\/8030"}],"wp:attachment":[{"href":"https:\/\/jacekplacek.com.pl\/nb\/wp-json\/wp\/v2\/media?parent=601"}],"wp:term":[{"taxonomy":"product_brand","embeddable":true,"href":"https:\/\/jacekplacek.com.pl\/nb\/wp-json\/wp\/v2\/product_brand?post=601"},{"taxonomy":"product_cat","embeddable":true,"href":"https:\/\/jacekplacek.com.pl\/nb\/wp-json\/wp\/v2\/product_cat?post=601"},{"taxonomy":"product_tag","embeddable":true,"href":"https:\/\/jacekplacek.com.pl\/nb\/wp-json\/wp\/v2\/product_tag?post=601"}],"curies":[{"name":"wp","href":"https:\/\/api.w.org\/{rel}","templated":true}]}}