{"id":577,"date":"2020-11-27T10:02:50","date_gmt":"2020-11-27T09:02:50","guid":{"rendered":"https:\/\/jacekplacek.com.pl\/?post_type=product&#038;p=577"},"modified":"2025-11-18T18:28:52","modified_gmt":"2025-11-18T17:28:52","slug":"shortcake-med-kirsebaer-2","status":"publish","type":"product","link":"https:\/\/jacekplacek.com.pl\/nb\/lager\/fruktkaker\/shortcake-med-kirsebaer-2\/","title":{"rendered":"Spr\u00f8 kake med kirseb\u00e6r"},"content":{"rendered":"<p><strong>S\u00f8te og litt syrlige kirseb\u00e6r.<\/strong><\/p>\n<p>Sm\u00f8rdeig tilberedt etter tradisjonell oppskrift. F\u00f8l den hjemmelagde smaken av v\u00e5re bakverk.<\/p>","protected":false},"excerpt":{"rendered":"<p><span data-sheets-root=\"1\">Tradisjonell m\u00f8rdeig, kirseb\u00e6rfyll og et konditorgitter p\u00e5 toppen. En enkel kake med klassisk smak.<\/span><\/p>","protected":false},"featured_media":9906,"comment_status":"closed","ping_status":"closed","template":"","meta":{"content-type":""},"product_brand":[],"product_cat":[74],"product_tag":[65,207,444,446,445,449,208],"class_list":{"0":"post-577","1":"product","2":"type-product","3":"status-publish","4":"has-post-thumbnail","6":"product_cat-ciasta-owocowe","7":"product_tag-ciasto-kruche","8":"product_tag-ciasto-w-wisniami","9":"product_tag-cukiernia-jacek-placek","10":"product_tag-jacek-placek-gdansk","11":"product_tag-jacek-placek-gowino","12":"product_tag-jacek-placek-sopot","13":"product_tag-wisnie","15":"entry","16":"has-media","18":"first","19":"instock","20":"shipping-taxable","21":"product-type-variable","22":"has-default-attributes","23":"has-product-nav","24":"col","25":"span_1_of_4","26":"owp-content-center","27":"owp-thumbs-layout-horizontal","28":"owp-btn-normal","29":"owp-tabs-layout-horizontal"},"acf":[],"_links":{"self":[{"href":"https:\/\/jacekplacek.com.pl\/nb\/wp-json\/wp\/v2\/product\/577","targetHints":{"allow":["GET"]}}],"collection":[{"href":"https:\/\/jacekplacek.com.pl\/nb\/wp-json\/wp\/v2\/product"}],"about":[{"href":"https:\/\/jacekplacek.com.pl\/nb\/wp-json\/wp\/v2\/types\/product"}],"replies":[{"embeddable":true,"href":"https:\/\/jacekplacek.com.pl\/nb\/wp-json\/wp\/v2\/comments?post=577"}],"wp:featuredmedia":[{"embeddable":true,"href":"https:\/\/jacekplacek.com.pl\/nb\/wp-json\/wp\/v2\/media\/9906"}],"wp:attachment":[{"href":"https:\/\/jacekplacek.com.pl\/nb\/wp-json\/wp\/v2\/media?parent=577"}],"wp:term":[{"taxonomy":"product_brand","embeddable":true,"href":"https:\/\/jacekplacek.com.pl\/nb\/wp-json\/wp\/v2\/product_brand?post=577"},{"taxonomy":"product_cat","embeddable":true,"href":"https:\/\/jacekplacek.com.pl\/nb\/wp-json\/wp\/v2\/product_cat?post=577"},{"taxonomy":"product_tag","embeddable":true,"href":"https:\/\/jacekplacek.com.pl\/nb\/wp-json\/wp\/v2\/product_tag?post=577"}],"curies":[{"name":"wp","href":"https:\/\/api.w.org\/{rel}","templated":true}]}}