{"id":4919,"date":"2022-03-01T17:55:49","date_gmt":"2022-03-01T16:55:49","guid":{"rendered":"https:\/\/jacekplacek.com.pl\/?post_type=product&#038;p=4919"},"modified":"2025-11-18T18:28:48","modified_gmt":"2025-11-18T17:28:48","slug":"hjemmelaget-ostekake-2","status":"publish","type":"product","link":"https:\/\/jacekplacek.com.pl\/nb\/lager\/ostekaker-alt\/ostekaker\/hjemmelaget-ostekake-2\/","title":{"rendered":"Hjemmelaget ostekake"},"content":{"rendered":"<p><strong>Tidl\u00f8s, verdsatt av generasjoner, v\u00e5r bestemors oppskrift p\u00e5 en herlig fuktig, luftig ostekake som smelter i munnen med rosiner, laget av den beste typen cottage cheese. <\/strong><\/p>\n<p><span style=\"font-weight: 400;\">Hvis vi skulle indikere det produktet som er mest knyttet til v\u00e5re kunder og mest knyttet til v\u00e5rt merke, ville det v\u00e6rt hjemmelaget ostekake!\u00a0<\/span><\/p>\n<p>Andre typer ostekaker tilgjengelig\u00a0<a href=\"https:\/\/jacekplacek.com.pl\/nb\/produktkategori\/ostekaker-alt\/ostekaker\/\" target=\"_blank\" rel=\"noopener\">her<\/a> og i versjon\u00a0<a href=\"https:\/\/jacekplacek.com.pl\/nb\/produktkategori\/ostekaker-alt\/kalde-ostekaker\/\" target=\"_blank\" rel=\"noopener\">kald.<\/a><\/p>","protected":false},"excerpt":{"rendered":"<p><span data-sheets-root=\"1\">Luftig cottage cheese-masse med poteter og rosiner, uten mel og bakepulver. Tradisjonell hjemmelaget ostekake fra en familieoppskrift.<\/span><\/p>","protected":false},"featured_media":8383,"comment_status":"closed","ping_status":"closed","template":"","meta":{"content-type":""},"product_brand":[],"product_cat":[60],"product_tag":[444,446,445,449,68,61,55,69],"class_list":{"0":"post-4919","1":"product","2":"type-product","3":"status-publish","4":"has-post-thumbnail","6":"product_cat-serniki","7":"product_tag-cukiernia-jacek-placek","8":"product_tag-jacek-placek-gdansk","9":"product_tag-jacek-placek-gowino","10":"product_tag-jacek-placek-sopot","11":"product_tag-klasyczny","12":"product_tag-sernik","13":"product_tag-sernik-domowy","14":"product_tag-tradycyjny-sernik","16":"entry","17":"has-media","19":"first","20":"instock","21":"shipping-taxable","22":"product-type-variable","23":"has-default-attributes","24":"has-product-nav","25":"col","26":"span_1_of_4","27":"owp-content-center","28":"owp-thumbs-layout-horizontal","29":"owp-btn-normal","30":"owp-tabs-layout-horizontal"},"acf":[],"_links":{"self":[{"href":"https:\/\/jacekplacek.com.pl\/nb\/wp-json\/wp\/v2\/product\/4919","targetHints":{"allow":["GET"]}}],"collection":[{"href":"https:\/\/jacekplacek.com.pl\/nb\/wp-json\/wp\/v2\/product"}],"about":[{"href":"https:\/\/jacekplacek.com.pl\/nb\/wp-json\/wp\/v2\/types\/product"}],"replies":[{"embeddable":true,"href":"https:\/\/jacekplacek.com.pl\/nb\/wp-json\/wp\/v2\/comments?post=4919"}],"wp:featuredmedia":[{"embeddable":true,"href":"https:\/\/jacekplacek.com.pl\/nb\/wp-json\/wp\/v2\/media\/8383"}],"wp:attachment":[{"href":"https:\/\/jacekplacek.com.pl\/nb\/wp-json\/wp\/v2\/media?parent=4919"}],"wp:term":[{"taxonomy":"product_brand","embeddable":true,"href":"https:\/\/jacekplacek.com.pl\/nb\/wp-json\/wp\/v2\/product_brand?post=4919"},{"taxonomy":"product_cat","embeddable":true,"href":"https:\/\/jacekplacek.com.pl\/nb\/wp-json\/wp\/v2\/product_cat?post=4919"},{"taxonomy":"product_tag","embeddable":true,"href":"https:\/\/jacekplacek.com.pl\/nb\/wp-json\/wp\/v2\/product_tag?post=4919"}],"curies":[{"name":"wp","href":"https:\/\/api.w.org\/{rel}","templated":true}]}}