{"id":485,"date":"2020-11-25T12:56:19","date_gmt":"2020-11-25T11:56:19","guid":{"rendered":"https:\/\/jacekplacek.com.pl\/?post_type=product&#038;p=485"},"modified":"2025-11-18T18:30:04","modified_gmt":"2025-11-18T17:30:04","slug":"ostekake-og-valmuefrokake","status":"publish","type":"product","link":"https:\/\/jacekplacek.com.pl\/nb\/lager\/ostekaker-alt\/ostekaker\/ostekake-og-valmuefrokake\/","title":{"rendered":"Ostekake-valmuefr\u00f8kake"},"content":{"rendered":"<p>Det er perfekte kombinasjoner p\u00e5 kj\u00f8kkenet \u2013 som kombinasjonen av ostekake og valmuefr\u00f8kake!<\/p>\n<p><span style=\"font-weight: 400;\">S\u00f8rg for \u00e5 planlegge et sted for denne enkle, men unike kaken p\u00e5 feriemenyen. Hjemmelaget ostekake og valmuefr\u00f8kake er en deilig valmuefr\u00f8masse rik p\u00e5 t\u00f8rket frukt: rosiner, n\u00f8tter og fiken.<\/span><\/p>\n<p>Andre typer ostekaker tilgjengelig\u00a0<strong><a href=\"https:\/\/jacekplacek.com.pl\/nb\/produktkategori\/ostekaker-alt\/\" target=\"_blank\" rel=\"noopener\">her.<\/a><\/strong><\/p>","protected":false},"excerpt":{"rendered":"<p>En kombinasjon av ost og valmuefr\u00f8masse med t\u00f8rket frukt og n\u00f8tter p\u00e5 m\u00f8rdeig.<\/p>","protected":false},"featured_media":8032,"comment_status":"closed","ping_status":"closed","template":"","meta":{"content-type":""},"product_brand":[],"product_cat":[60,81],"product_tag":[444,446,445,449,544,141,61,545],"class_list":{"0":"post-485","1":"product","2":"type-product","3":"status-publish","4":"has-post-thumbnail","6":"product_cat-serniki","7":"product_cat-babki-i-makowce","8":"product_tag-cukiernia-jacek-placek","9":"product_tag-jacek-placek-gdansk","10":"product_tag-jacek-placek-gowino","11":"product_tag-jacek-placek-sopot","12":"product_tag-kruche-ciasto","13":"product_tag-makowiec","14":"product_tag-sernik","15":"product_tag-serniko-makowiec","17":"entry","18":"has-media","20":"first","21":"instock","22":"shipping-taxable","23":"product-type-variable","24":"has-default-attributes","25":"has-product-nav","26":"col","27":"span_1_of_4","28":"owp-content-center","29":"owp-thumbs-layout-horizontal","30":"owp-btn-normal","31":"owp-tabs-layout-horizontal"},"acf":[],"_links":{"self":[{"href":"https:\/\/jacekplacek.com.pl\/nb\/wp-json\/wp\/v2\/product\/485","targetHints":{"allow":["GET"]}}],"collection":[{"href":"https:\/\/jacekplacek.com.pl\/nb\/wp-json\/wp\/v2\/product"}],"about":[{"href":"https:\/\/jacekplacek.com.pl\/nb\/wp-json\/wp\/v2\/types\/product"}],"replies":[{"embeddable":true,"href":"https:\/\/jacekplacek.com.pl\/nb\/wp-json\/wp\/v2\/comments?post=485"}],"wp:featuredmedia":[{"embeddable":true,"href":"https:\/\/jacekplacek.com.pl\/nb\/wp-json\/wp\/v2\/media\/8032"}],"wp:attachment":[{"href":"https:\/\/jacekplacek.com.pl\/nb\/wp-json\/wp\/v2\/media?parent=485"}],"wp:term":[{"taxonomy":"product_brand","embeddable":true,"href":"https:\/\/jacekplacek.com.pl\/nb\/wp-json\/wp\/v2\/product_brand?post=485"},{"taxonomy":"product_cat","embeddable":true,"href":"https:\/\/jacekplacek.com.pl\/nb\/wp-json\/wp\/v2\/product_cat?post=485"},{"taxonomy":"product_tag","embeddable":true,"href":"https:\/\/jacekplacek.com.pl\/nb\/wp-json\/wp\/v2\/product_tag?post=485"}],"curies":[{"name":"wp","href":"https:\/\/api.w.org\/{rel}","templated":true}]}}