{"id":4515,"date":"2022-02-08T14:15:05","date_gmt":"2022-02-08T13:15:05","guid":{"rendered":"https:\/\/jacekplacek.com.pl\/?post_type=product&#038;p=4515"},"modified":"2025-11-18T18:27:21","modified_gmt":"2025-11-18T17:27:21","slug":"mini-kake-rod-floyel","status":"publish","type":"product","link":"https:\/\/jacekplacek.com.pl\/nb\/lager\/torty_i_desery\/mini-desserter-til-kafeen\/mini-kake-rod-floyel\/","title":{"rendered":"Mini Red Velvet cake, 3 stk"},"content":{"rendered":"<p><b>Vi inviterer deg til \u00e5 pr\u00f8ve v\u00e5r flaggskip mini Red Velvet Cake - en klassisk dessert med en ny vri.<\/b><\/p>\n<p><b>Kaken v\u00e5r er ikke bare appetittvekkende, men ogs\u00e5 sunn fordi vi unng\u00e5r kunstige tilsetningsstoffer ved \u00e5 bruke et naturlig lykopenfargestoff fra tomater.<\/b><span style=\"font-weight: 400;\"> Vi fyller innsiden av kaken med deilig mascarponekrem og bringeb\u00e6rsyltet\u00f8y, som gir den en unik smak. Se selv at tradisjonell smak kan g\u00e5 h\u00e5nd i h\u00e5nd med oppmerksomhet p\u00e5 kvaliteten p\u00e5 ingrediensene.<\/span><\/p>\n<p>Dessert ikke bare for elegante bord - perfekt for \u00e5 feire navnedager, bursdager eller andre feiringer hjemme eller p\u00e5 jobb...<\/p>\n<p>Produkt tilgjengelig i\u00a0<strong>3 stk i en samlepakke (3 stk ca. 450g).<\/strong><\/p>","protected":false},"excerpt":{"rendered":"<p><span style=\"font-weight: 400;\">V\u00e5rt flaggskip Red Velvet Cake - en klassisk dessert med en ny vri. Se selv at tradisjonell smak kan g\u00e5 h\u00e5nd i h\u00e5nd med oppmerksomhet p\u00e5 kvaliteten p\u00e5 ingrediensene.<\/span><\/p>\n<p>Produkt tilgjengelig i\u00a0<strong>3 stk i en samlepakke (3 stk ca. 450g).<\/strong><\/p>","protected":false},"featured_media":11347,"comment_status":"closed","ping_status":"closed","template":"","meta":{"content-type":""},"product_brand":[],"product_cat":[723],"product_tag":[444,442,446,445,291,450,447,448],"class_list":{"0":"post-4515","1":"product","2":"type-product","3":"status-publish","4":"has-post-thumbnail","6":"product_cat-mini-desery-do-kawiarni","7":"product_tag-cukiernia-jacek-placek","8":"product_tag-deser-jednoporcjowy","9":"product_tag-jacek-placek-gdansk","10":"product_tag-jacek-placek-gowino","11":"product_tag-tort-malinowy","12":"product_tag-tort-mini","13":"product_tag-tort-red-velvet","14":"product_tag-tort-z-mascarpone","16":"entry","17":"has-media","19":"first","20":"instock","21":"shipping-taxable","22":"product-type-simple","23":"has-product-nav","24":"col","25":"span_1_of_4","26":"owp-content-center","27":"owp-thumbs-layout-horizontal","28":"owp-btn-normal","29":"owp-tabs-layout-horizontal"},"acf":[],"_links":{"self":[{"href":"https:\/\/jacekplacek.com.pl\/nb\/wp-json\/wp\/v2\/product\/4515","targetHints":{"allow":["GET"]}}],"collection":[{"href":"https:\/\/jacekplacek.com.pl\/nb\/wp-json\/wp\/v2\/product"}],"about":[{"href":"https:\/\/jacekplacek.com.pl\/nb\/wp-json\/wp\/v2\/types\/product"}],"replies":[{"embeddable":true,"href":"https:\/\/jacekplacek.com.pl\/nb\/wp-json\/wp\/v2\/comments?post=4515"}],"wp:featuredmedia":[{"embeddable":true,"href":"https:\/\/jacekplacek.com.pl\/nb\/wp-json\/wp\/v2\/media\/11347"}],"wp:attachment":[{"href":"https:\/\/jacekplacek.com.pl\/nb\/wp-json\/wp\/v2\/media?parent=4515"}],"wp:term":[{"taxonomy":"product_brand","embeddable":true,"href":"https:\/\/jacekplacek.com.pl\/nb\/wp-json\/wp\/v2\/product_brand?post=4515"},{"taxonomy":"product_cat","embeddable":true,"href":"https:\/\/jacekplacek.com.pl\/nb\/wp-json\/wp\/v2\/product_cat?post=4515"},{"taxonomy":"product_tag","embeddable":true,"href":"https:\/\/jacekplacek.com.pl\/nb\/wp-json\/wp\/v2\/product_tag?post=4515"}],"curies":[{"name":"wp","href":"https:\/\/api.w.org\/{rel}","templated":true}]}}