{"id":3997,"date":"2021-12-08T15:51:34","date_gmt":"2021-12-08T14:51:34","guid":{"rendered":"https:\/\/jacekplacek.com.pl\/?post_type=product&#038;p=3997"},"modified":"2025-11-18T18:27:20","modified_gmt":"2025-11-18T17:27:20","slug":"pepperkakestjerne","status":"publish","type":"product","link":"https:\/\/jacekplacek.com.pl\/nb\/lager\/babki-i-makowce\/pepperkakestjerne\/","title":{"rendered":"Pepperkakestjerne"},"content":{"rendered":"<h1>Ferier \u2013 en tid med tradisjon, smak og familie\u00f8yeblikk<\/h1>\n<p>Julen er en tid som kombinerer familiesammenkomster, magiske dekorasjoner og uforglemmelige smaker. Felles fest og aromatisk baking er en integrert del av disse spesielle dagene.<\/p>\n<h2>Pepperkaker - en tradisjon i generasjoner<\/h2>\n<p>Pepperkaker er et bakt produkt med en rik historie tilbake til middelalderen. En gang et symbol p\u00e5 velstand, i dag er det et tradisjonelt element p\u00e5 julebordet. Deres unike smak kommer fra en blanding av krydder som gir dem en s\u00e6regen aroma som passer perfekt til julestemningen.<\/p>\n<h2>V\u00e5rt produkt \u2013 julepepperkaker med stjerneformet gresskar<\/h2>\n<p>Vi presenterer en unik stjerneformet pepperkake som kombinerer tradisjonell smak med en moderne tiln\u00e6rming til baking. Denne krydrede kaken er beriket med gresskar, honning og v\u00e5r egen pepperkakekrydderblanding. Basen, laget av hvete- og rugmel, gir en delikat struktur, mens tilsetningsstoffer som appelsinskall og valn\u00f8tter gir den en s\u00e6regen smak. Det hele er dekket med sjokoladeglasur, som gj\u00f8r den til et ideelt valg til julebordet.<\/p>\n<p>&nbsp;<\/p>\n<h3>Kaker verdt \u00e5 huske i ferien<\/h3>\n<p>H\u00f8ytidsbordet domineres av klassiske bakevarer som har skapt julens magi i \u00e5revis. Tradisjonelt dukker de opp <strong>valmuefr\u00f8kaker<\/strong>, fylt med aromatiske valmuefr\u00f8 og t\u00f8rket frukt, og <strong>ostekaker<\/strong>, hvis kremete konsistens gleder gjestene. De er ogs\u00e5 popul\u00e6re <strong>kaker rike p\u00e5 t\u00f8rket frukt<\/strong>, som fruktkake, full av t\u00f8rket frukt og n\u00f8tter.<\/p>\n<p>De siste \u00e5rene har julebord blitt stadig mer bes\u00f8kt av <strong>kaker i en festlig utgave<\/strong> \u2013 dekorert med krem, frukt eller sjokolade, og kombinerer eleganse med tradisjonell smak. Dette er et utmerket valg for de som leter etter moderne bakevarer, ideelt for spesielle anledninger. H\u00f8ytiden er en tid for \u00e5 nyte en rekke smaker, b\u00e5de tradisjonelle og nye!<\/p>\n<p>Velg v\u00e5re bakevarer for \u00e5 gi en unik smak til feiringene dine og nyt \u00f8yeblikk med dine kj\u00e6re. \ud83c\udf84<\/p>\n<p>Du finner andre forslag til jul\u00a0<strong><a href=\"https:\/\/jacekplacek.com.pl\/nb\/produktkategori\/jul\/\" target=\"_blank\" rel=\"noopener\">her.<\/a><\/strong><\/p>\n<h3>Produktinformasjon:<\/h3>\n<ul>\n<li>Vekt ca 150 g.<\/li>\n<li>Emballasje: papirskuff, beskyttelsesfolie<\/li>\n<\/ul>\n<p>&nbsp;<\/p>","protected":false},"excerpt":{"rendered":"<h1>Julepepperkaker med et stjerneformet gresskar<\/h1>\n<p>Krydret kake med gresskar, honning og v\u00e5r egen blanding av pepperkakekrydder, basert p\u00e5 hvete- og rugmel, beriket med appelsinskall og valn\u00f8tter. Dekket med sjokoladeglasur.<\/p>","protected":false},"featured_media":1706,"comment_status":"closed","ping_status":"closed","template":"","meta":{"content-type":""},"product_brand":[],"product_cat":[907,81],"product_tag":[664,99,444,96,437,446,445,449,91,95,98],"class_list":{"0":"post-3997","1":"product","2":"type-product","3":"status-publish","4":"has-post-thumbnail","6":"product_cat-ciasta-swiateczne","7":"product_cat-babki-i-makowce","8":"product_tag-ciasta-na-boze-narodzenie","9":"product_tag-ciasto-swiateczne","10":"product_tag-cukiernia-jacek-placek","11":"product_tag-dzem","12":"product_tag-gwiazdka","13":"product_tag-jacek-placek-gdansk","14":"product_tag-jacek-placek-gowino","15":"product_tag-jacek-placek-sopot","16":"product_tag-orzechy-wloskie","17":"product_tag-piernik","18":"product_tag-swieta","20":"entry","21":"has-media","23":"first","24":"instock","25":"shipping-taxable","26":"product-type-simple","27":"has-product-nav","28":"col","29":"span_1_of_4","30":"owp-content-center","31":"owp-thumbs-layout-horizontal","32":"owp-btn-normal","33":"owp-tabs-layout-horizontal","34":"has-no-thumbnails"},"acf":[],"_links":{"self":[{"href":"https:\/\/jacekplacek.com.pl\/nb\/wp-json\/wp\/v2\/product\/3997","targetHints":{"allow":["GET"]}}],"collection":[{"href":"https:\/\/jacekplacek.com.pl\/nb\/wp-json\/wp\/v2\/product"}],"about":[{"href":"https:\/\/jacekplacek.com.pl\/nb\/wp-json\/wp\/v2\/types\/product"}],"replies":[{"embeddable":true,"href":"https:\/\/jacekplacek.com.pl\/nb\/wp-json\/wp\/v2\/comments?post=3997"}],"wp:featuredmedia":[{"embeddable":true,"href":"https:\/\/jacekplacek.com.pl\/nb\/wp-json\/wp\/v2\/media\/1706"}],"wp:attachment":[{"href":"https:\/\/jacekplacek.com.pl\/nb\/wp-json\/wp\/v2\/media?parent=3997"}],"wp:term":[{"taxonomy":"product_brand","embeddable":true,"href":"https:\/\/jacekplacek.com.pl\/nb\/wp-json\/wp\/v2\/product_brand?post=3997"},{"taxonomy":"product_cat","embeddable":true,"href":"https:\/\/jacekplacek.com.pl\/nb\/wp-json\/wp\/v2\/product_cat?post=3997"},{"taxonomy":"product_tag","embeddable":true,"href":"https:\/\/jacekplacek.com.pl\/nb\/wp-json\/wp\/v2\/product_tag?post=3997"}],"curies":[{"name":"wp","href":"https:\/\/api.w.org\/{rel}","templated":true}]}}