{"id":3996,"date":"2021-12-08T15:49:40","date_gmt":"2021-12-08T14:49:40","guid":{"rendered":"https:\/\/jacekplacek.com.pl\/?post_type=product&#038;p=3996"},"modified":"2025-11-18T18:27:20","modified_gmt":"2025-11-18T17:27:20","slug":"pepperkaker-juletre","status":"publish","type":"product","link":"https:\/\/jacekplacek.com.pl\/nb\/lager\/babki-i-makowce\/pepperkaker-juletre\/","title":{"rendered":"Pepperkake juletre"},"content":{"rendered":"<h1>Ferier - en tid med unike smaker og tradisjoner<\/h1>\n<p>Julen er en tid da vi m\u00f8tes med familien, pynter juletreet og nyter deilige, tradisjonelle bakevarer. Duften av krydder, kanel og honning f\u00f8lger oss under forberedelsene, og skaper en uforglemmelig atmosf\u00e6re.<\/p>\n<h2>Pepperkaker \u2013 en uatskillelig del av h\u00f8ytiden<\/h2>\n<p>Pepperkaker er en av de mest karakteristiske julebakstene. De har dominert bord i \u00e5revis i ulike former \u2013 fra pepperkakehus til aromatiske kaker. Deres s\u00f8te og krydrede noter matcher perfekt atmosf\u00e6ren p\u00e5 vinterdager.<\/p>\n<h2>V\u00e5re gresskar pepperkaker i form av et juletre<\/h2>\n<p>Vi tilbyr julepepperkaker med gresskar i form av et juletre, perfekt til julebordet. Denne krydrede kaken er beriket med gresskar, honning og v\u00e5r egen blanding av pepperkakekrydder. Bakebunnen er hvete- og rugmel, som gir den en unik struktur. Smaken er supplert med appelsinskall og valn\u00f8tter. Det hele var dekket med sjokoladeglasur, som passer perfekt sammen med den krydrede aromaen. V\u00e5re pepperkaker smaker ikke bare deilig, men ser ogs\u00e5 vakkert ut p\u00e5 julebordet.<\/p>\n<h3>Andre julekaker verdt \u00e5 velge<\/h3>\n<p>Ser du etter andre feriebakst? Her er v\u00e5re forslag:<\/p>\n<ul>\n<li><strong>Vegansk valmuefr\u00f8kake<\/strong> \u2013 tilberedt basert p\u00e5 planteingredienser, med valmuefr\u00f8masse og t\u00f8rket frukt.<\/li>\n<li><strong>Julekake<\/strong> \u2013 full av t\u00f8rket frukt og n\u00f8tter, perfekt for elskere av klassikerne.<\/li>\n<li><strong>Traneb\u00e6rterte med hvit sjokolade<\/strong> \u2013 surs\u00f8t terte p\u00e5 havrebunn, med en delikat hvit sjokoladekrem.<\/li>\n<\/ul>\n<p>Bestill v\u00e5re bakevarer og nyt den unike smaken som vil bringe en festlig atmosf\u00e6re til hjemmet ditt. \ud83c\udf84<\/p>\n<p>Du finner andre forslag til jul\u00a0<strong><a href=\"https:\/\/jacekplacek.com.pl\/nb\/produktkategori\/jul\/\" target=\"_blank\" rel=\"noopener\">her.<\/a><\/strong><\/p>\n<h3>Produktinformasjon:<\/h3>\n<ul>\n<li>Vekt ca 250 g.<\/li>\n<li>Emballasje: papirskuff, beskyttelsesfolie<\/li>\n<\/ul>","protected":false},"excerpt":{"rendered":"<h1>Julepepperkaker med gresskar i form av et juletre<\/h1>\n<p>Krydret kake med gresskar, honning og v\u00e5r egen blanding av pepperkakekrydder, basert p\u00e5 hvete- og rugmel, beriket med appelsinskall og valn\u00f8tter. Dekket med sjokoladeglasur.<\/p>","protected":false},"featured_media":8249,"comment_status":"closed","ping_status":"closed","template":"","meta":{"content-type":""},"product_brand":[],"product_cat":[907,81],"product_tag":[436,664,99,444,96,446,445,449,91,95,97,98],"class_list":{"0":"post-3996","1":"product","2":"type-product","3":"status-publish","4":"has-post-thumbnail","6":"product_cat-ciasta-swiateczne","7":"product_cat-babki-i-makowce","8":"product_tag-choinka","9":"product_tag-ciasta-na-boze-narodzenie","10":"product_tag-ciasto-swiateczne","11":"product_tag-cukiernia-jacek-placek","12":"product_tag-dzem","13":"product_tag-jacek-placek-gdansk","14":"product_tag-jacek-placek-gowino","15":"product_tag-jacek-placek-sopot","16":"product_tag-orzechy-wloskie","17":"product_tag-piernik","18":"product_tag-piernik-z-dzemem","19":"product_tag-swieta","21":"entry","22":"has-media","24":"first","25":"instock","26":"shipping-taxable","27":"product-type-simple","28":"has-product-nav","29":"col","30":"span_1_of_4","31":"owp-content-center","32":"owp-thumbs-layout-horizontal","33":"owp-btn-normal","34":"owp-tabs-layout-horizontal","35":"has-no-thumbnails"},"acf":[],"_links":{"self":[{"href":"https:\/\/jacekplacek.com.pl\/nb\/wp-json\/wp\/v2\/product\/3996","targetHints":{"allow":["GET"]}}],"collection":[{"href":"https:\/\/jacekplacek.com.pl\/nb\/wp-json\/wp\/v2\/product"}],"about":[{"href":"https:\/\/jacekplacek.com.pl\/nb\/wp-json\/wp\/v2\/types\/product"}],"replies":[{"embeddable":true,"href":"https:\/\/jacekplacek.com.pl\/nb\/wp-json\/wp\/v2\/comments?post=3996"}],"wp:featuredmedia":[{"embeddable":true,"href":"https:\/\/jacekplacek.com.pl\/nb\/wp-json\/wp\/v2\/media\/8249"}],"wp:attachment":[{"href":"https:\/\/jacekplacek.com.pl\/nb\/wp-json\/wp\/v2\/media?parent=3996"}],"wp:term":[{"taxonomy":"product_brand","embeddable":true,"href":"https:\/\/jacekplacek.com.pl\/nb\/wp-json\/wp\/v2\/product_brand?post=3996"},{"taxonomy":"product_cat","embeddable":true,"href":"https:\/\/jacekplacek.com.pl\/nb\/wp-json\/wp\/v2\/product_cat?post=3996"},{"taxonomy":"product_tag","embeddable":true,"href":"https:\/\/jacekplacek.com.pl\/nb\/wp-json\/wp\/v2\/product_tag?post=3996"}],"curies":[{"name":"wp","href":"https:\/\/api.w.org\/{rel}","templated":true}]}}