{"id":257,"date":"2020-09-08T13:59:09","date_gmt":"2020-09-08T11:59:09","guid":{"rendered":"https:\/\/jacekplacek.com.pl\/?post_type=product&#038;p=257"},"modified":"2025-11-18T18:26:47","modified_gmt":"2025-11-18T17:26:47","slug":"hunter-pierogi","status":"publish","type":"product","link":"https:\/\/jacekplacek.com.pl\/nb\/lager\/pierogi-i-paszteciki\/frosne-dumplings\/hunter-pierogi\/","title":{"rendered":"Jakt dumplings"},"content":{"rendered":"<p>Pierogi My\u015bliwskie \u2013 mi\u0119sne z dodatkiem kapusty i grzyb\u00f3w, to wyj\u0105tkowe pierogi domowej roboty, lepione z ciasta tworzonego wed\u0142ug starej, rodzinnej receptury. Ich wspania\u0142y smak zadowol\u0105 ka\u017cdego smakosza. Nasze pierogi s\u0105 wykonane z najwy\u017cszej jako\u015bci sk\u0142adnik\u00f3w, dlatego ich smak i aromat s\u0105 niepowtarzalne.<\/p>\n<p>Vi tilbyr dem frosne, i pakker som veier ca. 0,4 kg. Pakken inneholder cirka 13 stykker dumplings.<\/p>\n<p>Sjekk ut tilbudet v\u00e5rt og kjenn smaken av ekte hjemmelagde dumplings!<\/p>\n<p><strong><a href=\"https:\/\/jacekplacek.com.pl\/nb\/produktkategori\/snacks-og-dumplings\/frosne-dumplings\/\">Vi inviterer deg til \u00e5 bli kjent med v\u00e5re andre smaker.<\/a><\/strong><\/p>","protected":false},"excerpt":{"rendered":"<p>Pierogi z tradycyjnego domowego ciasta z nadzieniem z mi\u0119sa, kapusty i grzyb\u00f3w. W opakowaniu znajduje si\u0119 ok. 13 sztuk pierog\u00f3w.<\/p>","protected":false},"featured_media":8549,"comment_status":"closed","ping_status":"closed","template":"","meta":{"content-type":""},"product_brand":[],"product_cat":[82],"product_tag":[108,103,107,111,110,109],"class_list":{"0":"post-257","1":"product","2":"type-product","3":"status-publish","4":"has-post-thumbnail","6":"product_cat-pierogi-mrozone","7":"product_tag-mysliwskie","8":"product_tag-pierogi","9":"product_tag-pierogi-mysliwskie","10":"product_tag-z-grzybami","11":"product_tag-z-kapusta","12":"product_tag-z-miesem","14":"entry","15":"has-media","17":"first","18":"instock","19":"shipping-taxable","20":"product-type-simple","21":"has-product-nav","22":"col","23":"span_1_of_4","24":"owp-content-center","25":"owp-thumbs-layout-horizontal","26":"owp-btn-normal","27":"owp-tabs-layout-horizontal"},"acf":[],"_links":{"self":[{"href":"https:\/\/jacekplacek.com.pl\/nb\/wp-json\/wp\/v2\/product\/257","targetHints":{"allow":["GET"]}}],"collection":[{"href":"https:\/\/jacekplacek.com.pl\/nb\/wp-json\/wp\/v2\/product"}],"about":[{"href":"https:\/\/jacekplacek.com.pl\/nb\/wp-json\/wp\/v2\/types\/product"}],"replies":[{"embeddable":true,"href":"https:\/\/jacekplacek.com.pl\/nb\/wp-json\/wp\/v2\/comments?post=257"}],"wp:featuredmedia":[{"embeddable":true,"href":"https:\/\/jacekplacek.com.pl\/nb\/wp-json\/wp\/v2\/media\/8549"}],"wp:attachment":[{"href":"https:\/\/jacekplacek.com.pl\/nb\/wp-json\/wp\/v2\/media?parent=257"}],"wp:term":[{"taxonomy":"product_brand","embeddable":true,"href":"https:\/\/jacekplacek.com.pl\/nb\/wp-json\/wp\/v2\/product_brand?post=257"},{"taxonomy":"product_cat","embeddable":true,"href":"https:\/\/jacekplacek.com.pl\/nb\/wp-json\/wp\/v2\/product_cat?post=257"},{"taxonomy":"product_tag","embeddable":true,"href":"https:\/\/jacekplacek.com.pl\/nb\/wp-json\/wp\/v2\/product_tag?post=257"}],"curies":[{"name":"wp","href":"https:\/\/api.w.org\/{rel}","templated":true}]}}