{"id":246,"date":"2020-09-08T13:41:40","date_gmt":"2020-09-08T11:41:40","guid":{"rendered":"https:\/\/jacekplacek.com.pl\/?post_type=product&#038;p=246"},"modified":"2025-11-18T18:28:57","modified_gmt":"2025-11-18T17:28:57","slug":"fullkorns-eplepai","status":"publish","type":"product","link":"https:\/\/jacekplacek.com.pl\/nb\/lager\/fruktkaker\/fullkorns-eplepai\/","title":{"rendered":"Luksuri\u00f8s eplepai"},"content":{"rendered":"<p><strong>En versjon av eplepai laget med fullkornshvetemel, laget med tanke p\u00e5 helsen v\u00e5r.\u00a0<\/strong><\/p>\n<p>Sm\u00f8rdeig tilberedt etter tradisjonell oppskrift. F\u00f8l den hjemmelagde smaken av v\u00e5re bakverk.<\/p>\n<p><span style=\"font-weight: 400;\">Kake laget av grovt hvetemel med honning og valn\u00f8tter, med deilige epler med et hint av kanel, drysset med melis p\u00e5 toppen.<\/span><\/p>","protected":false},"excerpt":{"rendered":"<p><span data-sheets-root=\"1\">Ciasto z m\u0105ki razowej z dodatkiem miodu i orzech\u00f3w prze\u0142o\u017cone jab\u0142kami z cynamonem z kruszonk\u0105 przypr\u00f3szon\u0105 cukrem pudrem.<\/span><\/p>","protected":false},"featured_media":8382,"comment_status":"closed","ping_status":"closed","template":"","meta":{"content-type":""},"product_brand":[],"product_cat":[74],"product_tag":[444,92,84,475,446,445,449,90,94,93,91,85,89],"class_list":{"0":"post-246","1":"product","2":"type-product","3":"status-publish","4":"has-post-thumbnail","6":"product_cat-ciasta-owocowe","7":"product_tag-cukiernia-jacek-placek","8":"product_tag-cynamon","9":"product_tag-jablecznik","10":"product_tag-jablecznik-luksusowy","11":"product_tag-jacek-placek-gdansk","12":"product_tag-jacek-placek-gowino","13":"product_tag-jacek-placek-sopot","14":"product_tag-luksusowa","15":"product_tag-maka-razowa","16":"product_tag-miod","17":"product_tag-orzechy-wloskie","18":"product_tag-szarlotka","19":"product_tag-szarlotka-luksusowa","21":"entry","22":"has-media","24":"first","25":"instock","26":"shipping-taxable","27":"product-type-variable","28":"has-default-attributes","29":"has-product-nav","30":"col","31":"span_1_of_4","32":"owp-content-center","33":"owp-thumbs-layout-horizontal","34":"owp-btn-normal","35":"owp-tabs-layout-horizontal"},"acf":[],"_links":{"self":[{"href":"https:\/\/jacekplacek.com.pl\/nb\/wp-json\/wp\/v2\/product\/246","targetHints":{"allow":["GET"]}}],"collection":[{"href":"https:\/\/jacekplacek.com.pl\/nb\/wp-json\/wp\/v2\/product"}],"about":[{"href":"https:\/\/jacekplacek.com.pl\/nb\/wp-json\/wp\/v2\/types\/product"}],"replies":[{"embeddable":true,"href":"https:\/\/jacekplacek.com.pl\/nb\/wp-json\/wp\/v2\/comments?post=246"}],"wp:featuredmedia":[{"embeddable":true,"href":"https:\/\/jacekplacek.com.pl\/nb\/wp-json\/wp\/v2\/media\/8382"}],"wp:attachment":[{"href":"https:\/\/jacekplacek.com.pl\/nb\/wp-json\/wp\/v2\/media?parent=246"}],"wp:term":[{"taxonomy":"product_brand","embeddable":true,"href":"https:\/\/jacekplacek.com.pl\/nb\/wp-json\/wp\/v2\/product_brand?post=246"},{"taxonomy":"product_cat","embeddable":true,"href":"https:\/\/jacekplacek.com.pl\/nb\/wp-json\/wp\/v2\/product_cat?post=246"},{"taxonomy":"product_tag","embeddable":true,"href":"https:\/\/jacekplacek.com.pl\/nb\/wp-json\/wp\/v2\/product_tag?post=246"}],"curies":[{"name":"wp","href":"https:\/\/api.w.org\/{rel}","templated":true}]}}