{"id":2005,"date":"2021-02-03T20:27:28","date_gmt":"2021-02-03T19:27:28","guid":{"rendered":"https:\/\/jacekplacek.com.pl\/?post_type=product&#038;p=2005"},"modified":"2025-12-16T15:38:40","modified_gmt":"2025-12-16T14:38:40","slug":"shortcrust-cookies-med-solsikkefro","status":"publish","type":"product","link":"https:\/\/jacekplacek.com.pl\/nb\/lager\/informasjonskapsler-og-informasjonskapsler\/informasjonskapsler\/shortcrust-cookies-med-solsikkefro\/","title":{"rendered":"FIT veganske kjeks"},"content":{"rendered":"<p>S\u00e5 fint \u00e5 kombinere en svakhet for sandkaker med et fors\u00f8k p\u00e5 \u00e5 supplere kostholdet ditt med verdifulle fr\u00f8...<\/p>\n<p><span style=\"font-weight: 400;\">Oppdag den fantastiske smaken av v\u00e5re unike FIT veganske cookies. V\u00e5r n\u00f8ye utvalgte kombinasjon av ingredienser gj\u00f8r at disse kjeksene ikke bare smaker deilig, men gir ogs\u00e5 en rekke fordeler for helsen din. <\/span><\/p>\n<p><span style=\"font-weight: 400;\">Overfloden av korn, fiber og n\u00e6ringsstoffer gj\u00f8r dem n\u00e6ringsrike og mettende. I tillegg har de et redusert innhold av gluten og animalske produkter. <span style=\"color: #000000;\">(P\u00e5 grunn av mangel p\u00e5 egen produksjonslinje kan produktet inneholde spor av gluten og andre allergener. Planten bruker: mel, egg, n\u00f8tter, sesam og melk, derfor kan hvert produkt inneholde spor av de nevnte allergener, selv om det er ikke spesifisert i beskrivelsen og listen over ingredienser.)<\/span><\/span><\/p>\n<p><span style=\"font-weight: 400;\">Nyt den deilige smaken uten \u00e5 ofre dens fordelaktige egenskaper.<\/span><\/p>\n<p>&nbsp;<\/p>\n<p>&nbsp;<\/p>","protected":false},"excerpt":{"rendered":"<p><span style=\"font-weight: 400;\">Vi inviterer deg til \u00e5 pr\u00f8ve v\u00e5re fantastiske FIT veganske cookies. <\/span><\/p>\n<p><span style=\"font-weight: 400;\">Ikke bare vil de smake deilig, men de vil ogs\u00e5 gi kroppen din de n\u00f8dvendige n\u00e6ringsstoffene, noe som sikrer at du kan nyte \u00e5 spise p\u00e5 en sunn m\u00e5te.<\/span><\/p>","protected":false},"featured_media":9884,"comment_status":"closed","ping_status":"closed","template":"","meta":{"content-type":""},"product_brand":[],"product_cat":[121],"product_tag":[348,454,444,446,445,449,354,355],"class_list":{"0":"post-2005","1":"product","2":"type-product","3":"status-publish","4":"has-post-thumbnail","6":"product_cat-ciasteczka","7":"product_tag-ciasteczka-kruche","8":"product_tag-ciasteczka-na-wage","9":"product_tag-cukiernia-jacek-placek","10":"product_tag-jacek-placek-gdansk","11":"product_tag-jacek-placek-gowino","12":"product_tag-jacek-placek-sopot","13":"product_tag-z-nasionami","14":"product_tag-ze-slonecznikiem","16":"entry","17":"has-media","19":"first","20":"outofstock","21":"shipping-taxable","22":"product-type-variable","23":"has-default-attributes","24":"has-product-nav","25":"col","26":"span_1_of_4","27":"owp-content-center","28":"owp-thumbs-layout-horizontal","29":"owp-btn-normal","30":"owp-tabs-layout-horizontal"},"acf":[],"_links":{"self":[{"href":"https:\/\/jacekplacek.com.pl\/nb\/wp-json\/wp\/v2\/product\/2005","targetHints":{"allow":["GET"]}}],"collection":[{"href":"https:\/\/jacekplacek.com.pl\/nb\/wp-json\/wp\/v2\/product"}],"about":[{"href":"https:\/\/jacekplacek.com.pl\/nb\/wp-json\/wp\/v2\/types\/product"}],"replies":[{"embeddable":true,"href":"https:\/\/jacekplacek.com.pl\/nb\/wp-json\/wp\/v2\/comments?post=2005"}],"wp:featuredmedia":[{"embeddable":true,"href":"https:\/\/jacekplacek.com.pl\/nb\/wp-json\/wp\/v2\/media\/9884"}],"wp:attachment":[{"href":"https:\/\/jacekplacek.com.pl\/nb\/wp-json\/wp\/v2\/media?parent=2005"}],"wp:term":[{"taxonomy":"product_brand","embeddable":true,"href":"https:\/\/jacekplacek.com.pl\/nb\/wp-json\/wp\/v2\/product_brand?post=2005"},{"taxonomy":"product_cat","embeddable":true,"href":"https:\/\/jacekplacek.com.pl\/nb\/wp-json\/wp\/v2\/product_cat?post=2005"},{"taxonomy":"product_tag","embeddable":true,"href":"https:\/\/jacekplacek.com.pl\/nb\/wp-json\/wp\/v2\/product_tag?post=2005"}],"curies":[{"name":"wp","href":"https:\/\/api.w.org\/{rel}","templated":true}]}}