{"id":181,"date":"2020-09-03T12:38:25","date_gmt":"2020-09-03T10:38:25","guid":{"rendered":"https:\/\/jacekplacek.com.pl\/?post_type=product&#038;p=181"},"modified":"2025-11-18T18:26:45","modified_gmt":"2025-11-18T17:26:45","slug":"jakt-patties-kopi","status":"publish","type":"product","link":"https:\/\/jacekplacek.com.pl\/nb\/lager\/pierogi-i-paszteciki\/patties\/jakt-patties-kopi\/","title":{"rendered":"Jaktkaker 100g\/stk"},"content":{"rendered":"<p>Det er vanskelig \u00e5 forestille seg dagens verden uten butterdeig \u2013 hva skulle en pariser gjort uten kaffecroissanten sin, for ikke \u00e5 snakke om pavelige kremkaker... Polakkene derimot elsker salte butterdeigssnacks, gjerne med ren borsjtsj.<\/p>\n<p><span style=\"font-weight: 400;\">Konditoriet v\u00e5rt bruker ogs\u00e5 denne arkdeigen til \u00e5 lage karbonader fylt med spinat, feta, k\u00e5l og sopp - du finner dem<strong><a href=\"https:\/\/jacekplacek.com.pl\/nb\/produktkategori\/snacks-og-dumplings\/patties\/\" target=\"_blank\" rel=\"noopener\"> her\u2026<\/a><\/strong><\/span><\/p>","protected":false},"excerpt":{"rendered":"<p>En velsmakende snack med kj\u00f8tt, k\u00e5l og sopp - p\u00e5 butterdeig laget utelukkende med sm\u00f8r.<\/p>","protected":false},"featured_media":277,"comment_status":"closed","ping_status":"closed","template":"","meta":{"content-type":""},"product_brand":[],"product_cat":[37],"product_tag":[42,444,41,446,445,449,40,39,38,43],"class_list":{"0":"post-181","1":"product","2":"type-product","3":"status-publish","4":"has-post-thumbnail","6":"product_cat-paszteciki","7":"product_tag-ciasto-francuskie","8":"product_tag-cukiernia-jacek-placek","9":"product_tag-grzyby","10":"product_tag-jacek-placek-gdansk","11":"product_tag-jacek-placek-gowino","12":"product_tag-jacek-placek-sopot","13":"product_tag-kapusta","14":"product_tag-mieso","15":"product_tag-paszteciki","16":"product_tag-przekaska","18":"entry","19":"has-media","21":"first","22":"instock","23":"shipping-taxable","24":"product-type-simple","25":"has-product-nav","26":"col","27":"span_1_of_4","28":"owp-content-center","29":"owp-thumbs-layout-horizontal","30":"owp-btn-normal","31":"owp-tabs-layout-horizontal","32":"has-no-thumbnails"},"acf":[],"_links":{"self":[{"href":"https:\/\/jacekplacek.com.pl\/nb\/wp-json\/wp\/v2\/product\/181","targetHints":{"allow":["GET"]}}],"collection":[{"href":"https:\/\/jacekplacek.com.pl\/nb\/wp-json\/wp\/v2\/product"}],"about":[{"href":"https:\/\/jacekplacek.com.pl\/nb\/wp-json\/wp\/v2\/types\/product"}],"replies":[{"embeddable":true,"href":"https:\/\/jacekplacek.com.pl\/nb\/wp-json\/wp\/v2\/comments?post=181"}],"wp:featuredmedia":[{"embeddable":true,"href":"https:\/\/jacekplacek.com.pl\/nb\/wp-json\/wp\/v2\/media\/277"}],"wp:attachment":[{"href":"https:\/\/jacekplacek.com.pl\/nb\/wp-json\/wp\/v2\/media?parent=181"}],"wp:term":[{"taxonomy":"product_brand","embeddable":true,"href":"https:\/\/jacekplacek.com.pl\/nb\/wp-json\/wp\/v2\/product_brand?post=181"},{"taxonomy":"product_cat","embeddable":true,"href":"https:\/\/jacekplacek.com.pl\/nb\/wp-json\/wp\/v2\/product_cat?post=181"},{"taxonomy":"product_tag","embeddable":true,"href":"https:\/\/jacekplacek.com.pl\/nb\/wp-json\/wp\/v2\/product_tag?post=181"}],"curies":[{"name":"wp","href":"https:\/\/api.w.org\/{rel}","templated":true}]}}