{"id":178,"date":"2020-09-03T12:22:32","date_gmt":"2020-09-03T10:22:32","guid":{"rendered":"https:\/\/jacekplacek.com.pl\/?post_type=product&#038;p=178"},"modified":"2025-11-18T18:26:45","modified_gmt":"2025-11-18T17:26:45","slug":"jakt-paier","status":"publish","type":"product","link":"https:\/\/jacekplacek.com.pl\/nb\/lager\/pierogi-i-paszteciki\/patties\/jakt-paier\/","title":{"rendered":"Deilige karbonader 100g\/stk"},"content":{"rendered":"<p>Det er vanskelig \u00e5 forestille seg dagens verden uten butterdeig \u2013 hva skulle en pariser gjort uten kaffecroissanten sin, for ikke \u00e5 snakke om pavelige kremkaker... Polakkene derimot elsker salte butterdeigssnacks, gjerne med ren borsjtsj.<\/p>\n<p><span style=\"font-weight: 400;\">Denne bladdeigen brukes ogs\u00e5 i v\u00e5r konfekt til \u00e5 lage karbonader fylt med spinat, feta og kj\u00f8tt, k\u00e5l og sopp \u2013 du finner<strong><a href=\"https:\/\/jacekplacek.com.pl\/nb\/produktkategori\/snacks-og-dumplings\/patties\/\" target=\"_blank\" rel=\"noopener\"> her\u2026<\/a><\/strong><\/span><\/p>","protected":false},"excerpt":{"rendered":"<p>Tro mot navnet deres er de deilige p\u00e5 smak. En deilig kombinasjon av k\u00e5l og sopp - p\u00e5 butterdeig laget kun med sm\u00f8r.<\/p>","protected":false},"featured_media":281,"comment_status":"closed","ping_status":"closed","template":"","meta":{"content-type":""},"product_brand":[],"product_cat":[37],"product_tag":[42,444,41,446,445,449,40,38,44,43],"class_list":{"0":"post-178","1":"product","2":"type-product","3":"status-publish","4":"has-post-thumbnail","6":"product_cat-paszteciki","7":"product_tag-ciasto-francuskie","8":"product_tag-cukiernia-jacek-placek","9":"product_tag-grzyby","10":"product_tag-jacek-placek-gdansk","11":"product_tag-jacek-placek-gowino","12":"product_tag-jacek-placek-sopot","13":"product_tag-kapusta","14":"product_tag-paszteciki","15":"product_tag-pieczarki","16":"product_tag-przekaska","18":"entry","19":"has-media","21":"first","22":"instock","23":"shipping-taxable","24":"product-type-simple","25":"has-product-nav","26":"col","27":"span_1_of_4","28":"owp-content-center","29":"owp-thumbs-layout-horizontal","30":"owp-btn-normal","31":"owp-tabs-layout-horizontal"},"acf":[],"_links":{"self":[{"href":"https:\/\/jacekplacek.com.pl\/nb\/wp-json\/wp\/v2\/product\/178","targetHints":{"allow":["GET"]}}],"collection":[{"href":"https:\/\/jacekplacek.com.pl\/nb\/wp-json\/wp\/v2\/product"}],"about":[{"href":"https:\/\/jacekplacek.com.pl\/nb\/wp-json\/wp\/v2\/types\/product"}],"replies":[{"embeddable":true,"href":"https:\/\/jacekplacek.com.pl\/nb\/wp-json\/wp\/v2\/comments?post=178"}],"wp:featuredmedia":[{"embeddable":true,"href":"https:\/\/jacekplacek.com.pl\/nb\/wp-json\/wp\/v2\/media\/281"}],"wp:attachment":[{"href":"https:\/\/jacekplacek.com.pl\/nb\/wp-json\/wp\/v2\/media?parent=178"}],"wp:term":[{"taxonomy":"product_brand","embeddable":true,"href":"https:\/\/jacekplacek.com.pl\/nb\/wp-json\/wp\/v2\/product_brand?post=178"},{"taxonomy":"product_cat","embeddable":true,"href":"https:\/\/jacekplacek.com.pl\/nb\/wp-json\/wp\/v2\/product_cat?post=178"},{"taxonomy":"product_tag","embeddable":true,"href":"https:\/\/jacekplacek.com.pl\/nb\/wp-json\/wp\/v2\/product_tag?post=178"}],"curies":[{"name":"wp","href":"https:\/\/api.w.org\/{rel}","templated":true}]}}