{"id":14646,"date":"2024-11-15T13:03:56","date_gmt":"2024-11-15T12:03:56","guid":{"rendered":"https:\/\/jacekplacek.com.pl\/?post_type=product&#038;p=14646"},"modified":"2025-11-18T18:31:26","modified_gmt":"2025-11-18T17:31:26","slug":"japansk-valmuefrokake-uten-mel","status":"publish","type":"product","link":"https:\/\/jacekplacek.com.pl\/nb\/lager\/babki-i-makowce\/japansk-valmuefrokake-uten-mel\/","title":{"rendered":"Japansk valmuefr\u00f8kake \u2013 uten mel"},"content":{"rendered":"<p><strong>Japansk valmuefr\u00f8kake uten mel<\/strong> er det perfekte valget til julebordet \u2013 sunt, lett, og samtidig fullt av tradisjonelle smaker som forbindes med varme og en familieatmosf\u00e6re. Den er ogs\u00e5 perfekt som dessert til spesielle anledninger eller som en s\u00f8t godbit med en kopp kaffe eller te. Nyt ferien med denne unike bakingen som kombinerer enkelhet og raffinement!<\/p>\n<p>Grunnlaget for denne valmuefr\u00f8kaken er valmuefr\u00f8, som gir den en rik, litt n\u00f8tteaktig karakter. Subtil s\u00f8dme, oppn\u00e5dd takket v\u00e6re naturlige ingredienser, understreker smaken av valmuefr\u00f8, og en delikat vaniljetone fullf\u00f8rer helheten. Dekorert med lys sjokoladeglasur eller et dryss melis, ser valmuefr\u00f8kaken elegant og appetittvekkende ut.<\/p>","protected":false},"excerpt":{"rendered":"<p><span data-sheets-root=\"1\">Fuktig, luftig valmuefr\u00f8kake med t\u00f8rket frukt, epler, hirsemel og sterk mandelaroma. Oppskriften v\u00e5r inneholder ikke mel, s\u00e5 den er vennlig for folk som unng\u00e5r gluten.<\/span><\/p>","protected":false},"featured_media":14657,"comment_status":"closed","ping_status":"closed","template":"","meta":{"content-type":""},"product_brand":[],"product_cat":[81,907],"product_tag":[557,866,868,867,99,854,444,446,445,449,141,865],"class_list":{"0":"post-14646","1":"product","2":"type-product","3":"status-publish","4":"has-post-thumbnail","6":"product_cat-babki-i-makowce","7":"product_cat-ciasta-swiateczne","8":"product_tag-ciasto-bez-maki","9":"product_tag-ciasto-bezglutenowe","10":"product_tag-ciasto-boze-narodzenie","11":"product_tag-ciasto-specjalistyczne","12":"product_tag-ciasto-swiateczne","13":"product_tag-cukiernia-gdansk","14":"product_tag-cukiernia-jacek-placek","15":"product_tag-jacek-placek-gdansk","16":"product_tag-jacek-placek-gowino","17":"product_tag-jacek-placek-sopot","18":"product_tag-makowiec","19":"product_tag-makowiec-japonski","21":"entry","22":"has-media","24":"first","25":"instock","26":"shipping-taxable","27":"product-type-variable","28":"has-product-nav","29":"col","30":"span_1_of_4","31":"owp-content-center","32":"owp-thumbs-layout-horizontal","33":"owp-btn-normal","34":"owp-tabs-layout-horizontal"},"acf":[],"_links":{"self":[{"href":"https:\/\/jacekplacek.com.pl\/nb\/wp-json\/wp\/v2\/product\/14646","targetHints":{"allow":["GET"]}}],"collection":[{"href":"https:\/\/jacekplacek.com.pl\/nb\/wp-json\/wp\/v2\/product"}],"about":[{"href":"https:\/\/jacekplacek.com.pl\/nb\/wp-json\/wp\/v2\/types\/product"}],"replies":[{"embeddable":true,"href":"https:\/\/jacekplacek.com.pl\/nb\/wp-json\/wp\/v2\/comments?post=14646"}],"wp:featuredmedia":[{"embeddable":true,"href":"https:\/\/jacekplacek.com.pl\/nb\/wp-json\/wp\/v2\/media\/14657"}],"wp:attachment":[{"href":"https:\/\/jacekplacek.com.pl\/nb\/wp-json\/wp\/v2\/media?parent=14646"}],"wp:term":[{"taxonomy":"product_brand","embeddable":true,"href":"https:\/\/jacekplacek.com.pl\/nb\/wp-json\/wp\/v2\/product_brand?post=14646"},{"taxonomy":"product_cat","embeddable":true,"href":"https:\/\/jacekplacek.com.pl\/nb\/wp-json\/wp\/v2\/product_cat?post=14646"},{"taxonomy":"product_tag","embeddable":true,"href":"https:\/\/jacekplacek.com.pl\/nb\/wp-json\/wp\/v2\/product_tag?post=14646"}],"curies":[{"name":"wp","href":"https:\/\/api.w.org\/{rel}","templated":true}]}}