{"id":14627,"date":"2024-11-14T16:50:42","date_gmt":"2024-11-14T15:50:42","guid":{"rendered":"https:\/\/jacekplacek.com.pl\/?post_type=product&#038;p=14627"},"modified":"2025-11-18T18:31:26","modified_gmt":"2025-11-18T17:31:26","slug":"sjokolade-pepperkake-terte","status":"publish","type":"product","link":"https:\/\/jacekplacek.com.pl\/nb\/lager\/terter\/sjokolade-pepperkake-terte\/","title":{"rendered":"Sjokolade pepperkake terte"},"content":{"rendered":"<p>Gj\u00f8r deg klar for en ekte smaksfest med v\u00e5r <strong>Sjokolade-pepperkake terte<\/strong> \u2013 en perfekt kombinasjon av dyp aroma av krydder og fl\u00f8yelsmyk, intens sjokolade. Dette er en elegant dessert som kombinerer tradisjonelle julesmaker med en moderne finish.<\/p>\n<p>Basen til denne terten er en delikat, fuktig pepperkakedeig, laget av v\u00e5r originale blanding av krydder. Kanel, nellik, muskat og ingef\u00e6r gjennomsyrer hver bit, og gir den en karakteristisk, varm aroma som setter deg perfekt i julestemning.<\/p>\n<p>P\u00e5 pepperkakebunnen er det et lag hjemmelaget syltet\u00f8y med tytteb\u00e6r, som med sin lett syrlige tone perfekt bryter s\u00f8dmen og understreker smaksrikdommen. Det hele er toppet med en jevn, intens sjokoladeglasur, som gir fl\u00f8yelsmyk og dybde til desserten, samtidig som den st\u00e5r i vakker kontrast til tertens krydrete karakter.<\/p>","protected":false},"excerpt":{"rendered":"<p><span data-sheets-root=\"1\">Pepperkakebunn med en original blanding av krydder, hjemmelaget tytteb\u00e6rsyltet\u00f8y og intens sjokoladetopping.<\/span><\/p>","protected":false},"featured_media":14641,"comment_status":"closed","ping_status":"closed","template":"","meta":{"content-type":""},"product_brand":[],"product_cat":[830],"product_tag":[868,99,854,747,831,425,872,834,166,730,733,731,732,734],"class_list":{"0":"post-14627","1":"product","2":"type-product","3":"status-publish","4":"has-post-thumbnail","6":"product_cat-tarty","7":"product_tag-ciasto-boze-narodzenie","8":"product_tag-ciasto-swiateczne","9":"product_tag-cukiernia-gdansk","10":"product_tag-luksusowy-tort","11":"product_tag-slodka-tarta","12":"product_tag-tarta","13":"product_tag-tarta-czekoladowo-piernikowa","14":"product_tag-tarta-slony-karmel","15":"product_tag-tort","16":"product_tag-tort-na-urodziny","17":"product_tag-tort-naturalny","18":"product_tag-tort-urodzinowy","19":"product_tag-torty-naturalne","20":"product_tag-zdrowy-sklad","22":"entry","23":"has-media","25":"first","26":"instock","27":"shipping-taxable","28":"product-type-variable","29":"has-default-attributes","30":"has-product-nav","31":"col","32":"span_1_of_4","33":"owp-content-center","34":"owp-thumbs-layout-horizontal","35":"owp-btn-normal","36":"owp-tabs-layout-horizontal"},"acf":[],"_links":{"self":[{"href":"https:\/\/jacekplacek.com.pl\/nb\/wp-json\/wp\/v2\/product\/14627","targetHints":{"allow":["GET"]}}],"collection":[{"href":"https:\/\/jacekplacek.com.pl\/nb\/wp-json\/wp\/v2\/product"}],"about":[{"href":"https:\/\/jacekplacek.com.pl\/nb\/wp-json\/wp\/v2\/types\/product"}],"replies":[{"embeddable":true,"href":"https:\/\/jacekplacek.com.pl\/nb\/wp-json\/wp\/v2\/comments?post=14627"}],"wp:featuredmedia":[{"embeddable":true,"href":"https:\/\/jacekplacek.com.pl\/nb\/wp-json\/wp\/v2\/media\/14641"}],"wp:attachment":[{"href":"https:\/\/jacekplacek.com.pl\/nb\/wp-json\/wp\/v2\/media?parent=14627"}],"wp:term":[{"taxonomy":"product_brand","embeddable":true,"href":"https:\/\/jacekplacek.com.pl\/nb\/wp-json\/wp\/v2\/product_brand?post=14627"},{"taxonomy":"product_cat","embeddable":true,"href":"https:\/\/jacekplacek.com.pl\/nb\/wp-json\/wp\/v2\/product_cat?post=14627"},{"taxonomy":"product_tag","embeddable":true,"href":"https:\/\/jacekplacek.com.pl\/nb\/wp-json\/wp\/v2\/product_tag?post=14627"}],"curies":[{"name":"wp","href":"https:\/\/api.w.org\/{rel}","templated":true}]}}