{"id":14624,"date":"2024-11-14T16:50:40","date_gmt":"2024-11-14T15:50:40","guid":{"rendered":"https:\/\/jacekplacek.com.pl\/?post_type=product&#038;p=14624"},"modified":"2025-11-18T18:31:26","modified_gmt":"2025-11-18T17:31:26","slug":"kahlua-valmuefro-terte","status":"publish","type":"product","link":"https:\/\/jacekplacek.com.pl\/nb\/lager\/terter\/kahlua-valmuefro-terte\/","title":{"rendered":"Valmuefr\u00f8terte med Kahlua-krem"},"content":{"rendered":"<p><strong>Valmuefr\u00f8terte med Kahlua-krem<\/strong> Denne harmoniske kombinasjonen av valmuefr\u00f8 og kaffekrem vil overraske deg med sin rikdom av smak og eleganse, og blir en dekorasjon p\u00e5 hvert julebord.<\/p>\n<p>Delikat, m\u00f8rdeig skaper en ideell base for en fuktig og aromatisk valmuefr\u00f8masse, tilberedt av valmuefr\u00f8 av h\u00f8yeste kvalitet. Fyllet er supplert med en krem basert p\u00e5 Kahlua-lik\u00f8r, som tilf\u00f8rer en raffinert kaffedybde og fl\u00f8yelsmyk tekstur til desserten. Det hele toppes med en lett dekorasjon som setter en festlig karakter til desserten.<\/p>\n<p><strong>Valmuefr\u00f8terte med Kahlua-krem<\/strong> er et utmerket valg for elskere av unike desserter som kombinerer tradisjonelle smaker med moderne aksenter. Den er perfekt som et imponerende tillegg til julekaffen, en m\u00e5te \u00e5 glede gjester p\u00e5 eller en unik, s\u00f8t gave til dine kj\u00e6re. Hvis du leter etter noe for \u00e5 f\u00e5 ferien til \u00e5 skille seg ut, vil denne terten v\u00e6re et uforglemmelig valg.<\/p>","protected":false},"excerpt":{"rendered":"<p><strong>Valmuefr\u00f8terte med Kahlua-krem<\/strong> er en unik dessert som kombinerer den tradisjonelle smaken av valmuefr\u00f8 med et hint av krem med kaffesmak og aroma.<\/p>","protected":false},"featured_media":14630,"comment_status":"closed","ping_status":"closed","template":"","meta":{"content-type":""},"product_brand":[],"product_cat":[830],"product_tag":[878,877,99,854,831,425,876,875,166,730,733,731,732,734],"class_list":{"0":"post-14624","1":"product","2":"type-product","3":"status-publish","4":"has-post-thumbnail","6":"product_cat-tarty","7":"product_tag-ciasto-na-boze-narodzenie","8":"product_tag-ciasto-na-swieta","9":"product_tag-ciasto-swiateczne","10":"product_tag-cukiernia-gdansk","11":"product_tag-slodka-tarta","12":"product_tag-tarta","13":"product_tag-tarta-makowa","14":"product_tag-tarta-makowa-z-kremem-kahlua","15":"product_tag-tort","16":"product_tag-tort-na-urodziny","17":"product_tag-tort-naturalny","18":"product_tag-tort-urodzinowy","19":"product_tag-torty-naturalne","20":"product_tag-zdrowy-sklad","22":"entry","23":"has-media","25":"first","26":"instock","27":"shipping-taxable","28":"product-type-variable","29":"has-default-attributes","30":"has-product-nav","31":"col","32":"span_1_of_4","33":"owp-content-center","34":"owp-thumbs-layout-horizontal","35":"owp-btn-normal","36":"owp-tabs-layout-horizontal"},"acf":[],"_links":{"self":[{"href":"https:\/\/jacekplacek.com.pl\/nb\/wp-json\/wp\/v2\/product\/14624","targetHints":{"allow":["GET"]}}],"collection":[{"href":"https:\/\/jacekplacek.com.pl\/nb\/wp-json\/wp\/v2\/product"}],"about":[{"href":"https:\/\/jacekplacek.com.pl\/nb\/wp-json\/wp\/v2\/types\/product"}],"replies":[{"embeddable":true,"href":"https:\/\/jacekplacek.com.pl\/nb\/wp-json\/wp\/v2\/comments?post=14624"}],"wp:featuredmedia":[{"embeddable":true,"href":"https:\/\/jacekplacek.com.pl\/nb\/wp-json\/wp\/v2\/media\/14630"}],"wp:attachment":[{"href":"https:\/\/jacekplacek.com.pl\/nb\/wp-json\/wp\/v2\/media?parent=14624"}],"wp:term":[{"taxonomy":"product_brand","embeddable":true,"href":"https:\/\/jacekplacek.com.pl\/nb\/wp-json\/wp\/v2\/product_brand?post=14624"},{"taxonomy":"product_cat","embeddable":true,"href":"https:\/\/jacekplacek.com.pl\/nb\/wp-json\/wp\/v2\/product_cat?post=14624"},{"taxonomy":"product_tag","embeddable":true,"href":"https:\/\/jacekplacek.com.pl\/nb\/wp-json\/wp\/v2\/product_tag?post=14624"}],"curies":[{"name":"wp","href":"https:\/\/api.w.org\/{rel}","templated":true}]}}