{"id":14601,"date":"2024-11-14T16:08:31","date_gmt":"2024-11-14T15:08:31","guid":{"rendered":"https:\/\/jacekplacek.com.pl\/?post_type=product&#038;p=14601"},"modified":"2025-11-18T18:31:23","modified_gmt":"2025-11-18T17:31:23","slug":"mini-pepperkakekake-3-stk","status":"publish","type":"product","link":"https:\/\/jacekplacek.com.pl\/nb\/lager\/torty_i_desery\/mini-desserter-til-kafeen\/mini-pepperkakekake-3-stk\/","title":{"rendered":"Mini pepperkakekake"},"content":{"rendered":"<p><strong>Mini pepperkakekake <\/strong>\u2013 dybden av krydder som kanel, ingef\u00e6r og nellik, kombinert med fuktig pepperkake, skaper en unik smak som vil glede enhver elsker av jules\u00f8tsaker.<\/p>\n<ul>\n<li style=\"font-weight: 400;\" aria-level=\"1\"><span style=\"font-weight: 400;\">Pepperkakekake basert p\u00e5 egen blanding av krydder.<\/span><\/li>\n<li style=\"font-weight: 400;\" aria-level=\"1\"><span style=\"font-weight: 400;\">Hjemmelaget plommesyltet\u00f8y.<\/span><\/li>\n<li style=\"font-weight: 400;\" aria-level=\"1\"><span style=\"font-weight: 400;\">Sjokolade sm\u00f8rkrem basert p\u00e5 sm\u00f8r.<\/span><\/li>\n<\/ul>\n<p>Unn deg selv litt luksus og kjenn julemagien innesluttet i denne sjarmerende kaken!<\/p>\n<p>Produkt tilgjengelig i\u00a0<strong>3 stk i en samlepakke (3 stk ca. 390g).<\/strong><\/p>","protected":false},"excerpt":{"rendered":"<p>V\u00e5r <strong>Mini pepperkakekake<\/strong> er en unik dessert som kombinerer alt som er best i tradisjonelle julesmaker.<\/p>\n<p>Produkt tilgjengelig i\u00a0<strong>3 stk i en samlepakke (3 stk ca. 390g).<\/strong><\/p>","protected":false},"featured_media":14597,"comment_status":"closed","ping_status":"closed","template":"","meta":{"content-type":""},"product_brand":[],"product_cat":[723],"product_tag":[444,442,446,445,450,848],"class_list":{"0":"post-14601","1":"product","2":"type-product","3":"status-publish","4":"has-post-thumbnail","6":"product_cat-mini-desery-do-kawiarni","7":"product_tag-cukiernia-jacek-placek","8":"product_tag-deser-jednoporcjowy","9":"product_tag-jacek-placek-gdansk","10":"product_tag-jacek-placek-gowino","11":"product_tag-tort-mini","12":"product_tag-tort-piernikowy","14":"entry","15":"has-media","17":"first","18":"instock","19":"shipping-taxable","20":"product-type-simple","21":"has-product-nav","22":"col","23":"span_1_of_4","24":"owp-content-center","25":"owp-thumbs-layout-horizontal","26":"owp-btn-normal","27":"owp-tabs-layout-horizontal"},"acf":[],"_links":{"self":[{"href":"https:\/\/jacekplacek.com.pl\/nb\/wp-json\/wp\/v2\/product\/14601","targetHints":{"allow":["GET"]}}],"collection":[{"href":"https:\/\/jacekplacek.com.pl\/nb\/wp-json\/wp\/v2\/product"}],"about":[{"href":"https:\/\/jacekplacek.com.pl\/nb\/wp-json\/wp\/v2\/types\/product"}],"replies":[{"embeddable":true,"href":"https:\/\/jacekplacek.com.pl\/nb\/wp-json\/wp\/v2\/comments?post=14601"}],"wp:featuredmedia":[{"embeddable":true,"href":"https:\/\/jacekplacek.com.pl\/nb\/wp-json\/wp\/v2\/media\/14597"}],"wp:attachment":[{"href":"https:\/\/jacekplacek.com.pl\/nb\/wp-json\/wp\/v2\/media?parent=14601"}],"wp:term":[{"taxonomy":"product_brand","embeddable":true,"href":"https:\/\/jacekplacek.com.pl\/nb\/wp-json\/wp\/v2\/product_brand?post=14601"},{"taxonomy":"product_cat","embeddable":true,"href":"https:\/\/jacekplacek.com.pl\/nb\/wp-json\/wp\/v2\/product_cat?post=14601"},{"taxonomy":"product_tag","embeddable":true,"href":"https:\/\/jacekplacek.com.pl\/nb\/wp-json\/wp\/v2\/product_tag?post=14601"}],"curies":[{"name":"wp","href":"https:\/\/api.w.org\/{rel}","templated":true}]}}