{"id":14587,"date":"2024-11-14T15:42:53","date_gmt":"2024-11-14T14:42:53","guid":{"rendered":"https:\/\/jacekplacek.com.pl\/?post_type=product&#038;p=14587"},"modified":"2025-11-18T18:31:26","modified_gmt":"2025-11-18T17:31:26","slug":"veganske-pepperkaker","status":"publish","type":"product","link":"https:\/\/jacekplacek.com.pl\/nb\/lager\/babki-i-makowce\/veganske-pepperkaker\/","title":{"rendered":"Pepperkaker med plommesyltet\u00f8y \u2013 vegansk kake"},"content":{"rendered":"<p>V\u00e5r <strong>Pepperkaker med plommesyltet\u00f8y<\/strong> er en vegansk tolkning av en klassisk julekake som fryder seg med sin dype smak og aroma. Fuktig, intenst krydret, beriket med den naturlige s\u00f8dmen fra v\u00e5r plommesyltet\u00f8y. Denne pepperkaken er den perfekte kombinasjonen av tradisjonell smak og planteingredienser som lar alle nyte julebakst uten kompromisser.<\/p>\n<p>Pepperkaker med plommesyltet\u00f8y <span style=\"font-weight: 400;\"> egen produksjon <\/span>den er usedvanlig aromatisk, og de krydrede tonene harmonerer fantastisk med den dype smaken av plommer, og skaper en koselig, festlig atmosf\u00e6re. <span style=\"font-weight: 400;\">S\u00f8tet deig <strong>agavesirup og Muscovadosukker<\/strong>, og hans v<\/span>Den veganske oppskriften gj\u00f8r kaken ikke bare sunn, men ogs\u00e5 egnet for folk som unng\u00e5r animalske produkter, uten at det g\u00e5r p\u00e5 akkord med smak og tekstur.<\/p>","protected":false},"excerpt":{"rendered":"<p><strong>Veganske pepperkaker med plommesyltet\u00f8y<\/strong>\u00a0\u2013 denne kaken vil v\u00e6re perfekt til julebordet \u2013 b\u00e5de for veganere og alle som vil pr\u00f8ve en moderne versjon av tradisjonell baking \u2013 den veganske versjonen vil gj\u00f8re den til et ideelt valg for \u00e5 feire med dine kj\u00e6re.<\/p>","protected":false},"featured_media":14593,"comment_status":"closed","ping_status":"closed","template":"","meta":{"content-type":""},"product_brand":[],"product_cat":[81,907],"product_tag":[452,444,446,445,449,846],"class_list":{"0":"post-14587","1":"product","2":"type-product","3":"status-publish","4":"has-post-thumbnail","6":"product_cat-babki-i-makowce","7":"product_cat-ciasta-swiateczne","8":"product_tag-ciasto-weganskie","9":"product_tag-cukiernia-jacek-placek","10":"product_tag-jacek-placek-gdansk","11":"product_tag-jacek-placek-gowino","12":"product_tag-jacek-placek-sopot","13":"product_tag-piernik-z-powidlami-sliwkowymi","15":"entry","16":"has-media","18":"first","19":"instock","20":"shipping-taxable","21":"product-type-variable","22":"has-product-nav","23":"col","24":"span_1_of_4","25":"owp-content-center","26":"owp-thumbs-layout-horizontal","27":"owp-btn-normal","28":"owp-tabs-layout-horizontal"},"acf":[],"_links":{"self":[{"href":"https:\/\/jacekplacek.com.pl\/nb\/wp-json\/wp\/v2\/product\/14587","targetHints":{"allow":["GET"]}}],"collection":[{"href":"https:\/\/jacekplacek.com.pl\/nb\/wp-json\/wp\/v2\/product"}],"about":[{"href":"https:\/\/jacekplacek.com.pl\/nb\/wp-json\/wp\/v2\/types\/product"}],"replies":[{"embeddable":true,"href":"https:\/\/jacekplacek.com.pl\/nb\/wp-json\/wp\/v2\/comments?post=14587"}],"wp:featuredmedia":[{"embeddable":true,"href":"https:\/\/jacekplacek.com.pl\/nb\/wp-json\/wp\/v2\/media\/14593"}],"wp:attachment":[{"href":"https:\/\/jacekplacek.com.pl\/nb\/wp-json\/wp\/v2\/media?parent=14587"}],"wp:term":[{"taxonomy":"product_brand","embeddable":true,"href":"https:\/\/jacekplacek.com.pl\/nb\/wp-json\/wp\/v2\/product_brand?post=14587"},{"taxonomy":"product_cat","embeddable":true,"href":"https:\/\/jacekplacek.com.pl\/nb\/wp-json\/wp\/v2\/product_cat?post=14587"},{"taxonomy":"product_tag","embeddable":true,"href":"https:\/\/jacekplacek.com.pl\/nb\/wp-json\/wp\/v2\/product_tag?post=14587"}],"curies":[{"name":"wp","href":"https:\/\/api.w.org\/{rel}","templated":true}]}}