{"id":14572,"date":"2024-11-14T15:11:59","date_gmt":"2024-11-14T14:11:59","guid":{"rendered":"https:\/\/jacekplacek.com.pl\/?post_type=product&#038;p=14572"},"modified":"2025-11-18T18:31:21","modified_gmt":"2025-11-18T17:31:21","slug":"gulrot-pepperkaker","status":"publish","type":"product","link":"https:\/\/jacekplacek.com.pl\/nb\/lager\/babki-i-makowce\/gulrot-pepperkaker\/","title":{"rendered":"Pepperkake gulrot"},"content":{"rendered":"<p>V\u00e5r <strong>Gulrot pepperkaker<\/strong> er et unikt bakt produkt som kombinerer krydret aroma med den naturlige s\u00f8dmen fra gulr\u00f8tter, og tilf\u00f8rer letthet og litt friskhet til den tradisjonelle julesmaken. Denne pepperkaken er et perfekt valg for de som vil ha noe nytt, men samtidig n\u00e6rme juleklassikerne.<\/p>\n<p>Friske gulr\u00f8tter gir pepperkakene en delikat s\u00f8dme og naturlig aroma, samtidig som den fremhever fuktigheten, og i tillegg, som en utmerket kilde til fiber, st\u00f8tter den ford\u00f8yelsen og gj\u00f8r denne bakingen til et sunt alternativ for h\u00f8ytiden. En tone av kanel, nellik og litt ingef\u00e6r skaper en perfekt balansert smak som vil fylle hjemmet ditt med en julearoma.<\/p>\n<p>&nbsp;<\/p>","protected":false},"excerpt":{"rendered":"<p><strong>Gulrot pepperkaker<\/strong> Den vil fungere som en deilig juledessert, en gave til sine kj\u00e6re eller et sunt mellomm\u00e5ltid til vinterkveldene. Kombinasjonen av tradisjon med et snev av modernitet gj\u00f8r det til det perfekte valget for \u00e5rets h\u00f8ytider!<\/p>","protected":false},"featured_media":14738,"comment_status":"closed","ping_status":"closed","template":"","meta":{"content-type":""},"product_brand":[],"product_cat":[907,81],"product_tag":[845,444,446,445,449,95,435],"class_list":{"0":"post-14572","1":"product","2":"type-product","3":"status-publish","4":"has-post-thumbnail","6":"product_cat-ciasta-swiateczne","7":"product_cat-babki-i-makowce","8":"product_tag-ciasto-dyniowe","9":"product_tag-cukiernia-jacek-placek","10":"product_tag-jacek-placek-gdansk","11":"product_tag-jacek-placek-gowino","12":"product_tag-jacek-placek-sopot","13":"product_tag-piernik","14":"product_tag-piernik-z-dynia","16":"entry","17":"has-media","19":"first","20":"instock","21":"shipping-taxable","22":"product-type-variable","23":"has-default-attributes","24":"has-product-nav","25":"col","26":"span_1_of_4","27":"owp-content-center","28":"owp-thumbs-layout-horizontal","29":"owp-btn-normal","30":"owp-tabs-layout-horizontal"},"acf":[],"_links":{"self":[{"href":"https:\/\/jacekplacek.com.pl\/nb\/wp-json\/wp\/v2\/product\/14572","targetHints":{"allow":["GET"]}}],"collection":[{"href":"https:\/\/jacekplacek.com.pl\/nb\/wp-json\/wp\/v2\/product"}],"about":[{"href":"https:\/\/jacekplacek.com.pl\/nb\/wp-json\/wp\/v2\/types\/product"}],"replies":[{"embeddable":true,"href":"https:\/\/jacekplacek.com.pl\/nb\/wp-json\/wp\/v2\/comments?post=14572"}],"wp:featuredmedia":[{"embeddable":true,"href":"https:\/\/jacekplacek.com.pl\/nb\/wp-json\/wp\/v2\/media\/14738"}],"wp:attachment":[{"href":"https:\/\/jacekplacek.com.pl\/nb\/wp-json\/wp\/v2\/media?parent=14572"}],"wp:term":[{"taxonomy":"product_brand","embeddable":true,"href":"https:\/\/jacekplacek.com.pl\/nb\/wp-json\/wp\/v2\/product_brand?post=14572"},{"taxonomy":"product_cat","embeddable":true,"href":"https:\/\/jacekplacek.com.pl\/nb\/wp-json\/wp\/v2\/product_cat?post=14572"},{"taxonomy":"product_tag","embeddable":true,"href":"https:\/\/jacekplacek.com.pl\/nb\/wp-json\/wp\/v2\/product_tag?post=14572"}],"curies":[{"name":"wp","href":"https:\/\/api.w.org\/{rel}","templated":true}]}}