{"id":11963,"date":"2024-01-18T11:49:22","date_gmt":"2024-01-18T10:49:22","guid":{"rendered":"https:\/\/jacekplacek.com.pl\/?post_type=product&#038;p=11963"},"modified":"2025-11-18T18:31:05","modified_gmt":"2025-11-18T17:31:05","slug":"yoghurt-muffins-med-baer-12","status":"publish","type":"product","link":"https:\/\/jacekplacek.com.pl\/nb\/lager\/krem-kaker\/yoghurt-muffins-med-baer-12\/","title":{"rendered":"S\u00f8t pakkesett \u2013 for bedrifter"},"content":{"rendered":"<p><b>S\u0142odka paczka<\/b><span style=\"font-weight: 400;\"> to 24 pokrojone porcje ciasta w papilotkach o \u015bredniej wadze 1,90kg (w indywidualnych, pergaminowych os\u0142onkach). Zestaw zawiera 3 gatunki ciasta, u\u0142o\u017cone na dedykowanej tacce, w ochronnym kartoniku.<\/span><\/p>\n<p><span style=\"font-weight: 400;\">Do zestaw\u00f3w wybieramy ciasta, kt\u00f3re mo\u017cna przechowywa\u0107 w temperaturze pokojowej przez ca\u0142y dzie\u0144, a w lod\u00f3wce nawet przez <\/span><b>5 dni!<\/b><\/p>\n<div class=\"x1e56ztr\" data-block=\"true\" data-editor=\"9812b\" data-offset-key=\"atun-0-0\"><\/div>\n<div class=\"x1e56ztr\" data-block=\"true\" data-editor=\"9812b\" data-offset-key=\"clmd4-0-0\">\n<div class=\"_1mf _1mj\" data-offset-key=\"clmd4-0-0\"><span data-offset-key=\"clmd4-0-0\"> Jest to idealna propozycja dla firm i zak\u0142ad\u00f3w pracy, gdzie cz\u0119sto bywa organizowany s\u0142odki pocz\u0119stunek dla pracownik\u00f3w oraz go\u015bci. <\/span>Nasz zestaw to gotowe, pokrojone kawa\u0142ki ciasta, kt\u00f3re wystarczy tylko chwyci\u0107 i zje\u015b\u0107.<\/div>\n<\/div>\n<div class=\"x1e56ztr\" data-block=\"true\" data-editor=\"9812b\" data-offset-key=\"54kc3-0-0\">\n<div class=\"_1mf _1mj\" data-offset-key=\"54kc3-0-0\"><span data-offset-key=\"54kc3-0-0\">Co tydzie\u0144 oferujemy w paczce inne rodzaje wypiek\u00f3w &#8211; z<\/span><span data-offset-key=\"2709o-0-0\">apraszamy do skorzystania z naszej nowej oferty i kontakt ciasto@jacekplacek.com.pl .<\/span><\/div>\n<\/div>","protected":false},"excerpt":{"rendered":"<p><span style=\"font-weight: 400;\"><b>S\u0142odka paczka<\/b> to 24 porcje ciasta w papilotkach &#8211; a\u017c <\/span><span style=\"font-weight: 400;\">3 r\u00f3\u017cne smaki &#8211; ka\u017cdy znajdzie co\u015b dla siebie!\u00a0<\/span><span style=\"font-weight: 400;\">Co tydzie\u0144 inne smaki! Zam\u00f3w abonament do swojej firmy ju\u017c dzi\u015b &#8211; ciasto@jacekplacek.com.pl .\u00a0<\/span><\/p>","protected":false},"featured_media":11969,"comment_status":"closed","ping_status":"closed","template":"","meta":{"content-type":""},"product_brand":[],"product_cat":[398],"product_tag":[805,804,444,803,446,445,449,801,802],"class_list":{"0":"post-11963","1":"product","2":"type-product","3":"status-publish","4":"has-post-thumbnail","6":"product_cat-ciasta-kremowe","7":"product_tag-abonament-ciast","8":"product_tag-ciasto-do-firm","9":"product_tag-cukiernia-jacek-placek","10":"product_tag-dla-firm","11":"product_tag-jacek-placek-gdansk","12":"product_tag-jacek-placek-gowino","13":"product_tag-jacek-placek-sopot","14":"product_tag-zestaw-ciast","15":"product_tag-zestaw-dla-firm","17":"entry","18":"has-media","20":"first","21":"instock","22":"shipping-taxable","23":"product-type-simple","24":"has-product-nav","25":"col","26":"span_1_of_4","27":"owp-content-center","28":"owp-thumbs-layout-horizontal","29":"owp-btn-normal","30":"owp-tabs-layout-horizontal"},"acf":[],"_links":{"self":[{"href":"https:\/\/jacekplacek.com.pl\/nb\/wp-json\/wp\/v2\/product\/11963","targetHints":{"allow":["GET"]}}],"collection":[{"href":"https:\/\/jacekplacek.com.pl\/nb\/wp-json\/wp\/v2\/product"}],"about":[{"href":"https:\/\/jacekplacek.com.pl\/nb\/wp-json\/wp\/v2\/types\/product"}],"replies":[{"embeddable":true,"href":"https:\/\/jacekplacek.com.pl\/nb\/wp-json\/wp\/v2\/comments?post=11963"}],"wp:featuredmedia":[{"embeddable":true,"href":"https:\/\/jacekplacek.com.pl\/nb\/wp-json\/wp\/v2\/media\/11969"}],"wp:attachment":[{"href":"https:\/\/jacekplacek.com.pl\/nb\/wp-json\/wp\/v2\/media?parent=11963"}],"wp:term":[{"taxonomy":"product_brand","embeddable":true,"href":"https:\/\/jacekplacek.com.pl\/nb\/wp-json\/wp\/v2\/product_brand?post=11963"},{"taxonomy":"product_cat","embeddable":true,"href":"https:\/\/jacekplacek.com.pl\/nb\/wp-json\/wp\/v2\/product_cat?post=11963"},{"taxonomy":"product_tag","embeddable":true,"href":"https:\/\/jacekplacek.com.pl\/nb\/wp-json\/wp\/v2\/product_tag?post=11963"}],"curies":[{"name":"wp","href":"https:\/\/api.w.org\/{rel}","templated":true}]}}