{"id":11455,"date":"2023-11-28T16:20:39","date_gmt":"2023-11-28T15:20:39","guid":{"rendered":"https:\/\/jacekplacek.com.pl\/?post_type=product&#038;p=11455"},"modified":"2025-11-18T18:31:02","modified_gmt":"2025-11-18T17:31:02","slug":"mini-marengs-bmw-3-stykker-2","status":"publish","type":"product","link":"https:\/\/jacekplacek.com.pl\/nb\/lager\/torty_i_desery\/mini-desserter-til-kafeen\/mini-marengs-bmw-3-stykker-2\/","title":{"rendered":"Espresso mini marengskake, 3 stk"},"content":{"rendered":"<p>Dessert ikke bare for elegante bord - perfekt for \u00e5 feire navnedager, bursdager eller andre feiringer hjemme eller p\u00e5 jobb...<\/p>\n<p><strong>Krem kawowy na bazie likieru kawowego Kahula w po\u0142\u0105czeniu z mleczn\u0105 czekolad\u0105 to wyj\u0105tkowa gratka smakowa dla mi\u0142o\u015bnik\u00f3w kawy z bez\u0105, czy jak w tym przypadku &#8211; bezy z kaw\u0105. \u015arodek tortu skrywa lekko gorzk\u0105 i p\u00f3\u0142p\u0142ynn\u0105 mas\u0119 kakaow\u0105.<\/strong><\/p>\n<p>Hvis du liker marengsdesserter, er det bare \u00e5 legge til en h\u00e5ndfull t\u00f8rket frukt, frukt eller en ball av favorittisen din, s\u00e5 er den klar!<\/p>\n<p>Produkt tilgjengelig i\u00a0<strong>samlepakke 3 stk (1 stk ca 150g).<\/strong><\/p>","protected":false},"excerpt":{"rendered":"<p><span style=\"font-weight: 400;\">Krem kawowy na bazie likieru kawowego Kahula w po\u0142\u0105czeniu z mleczn\u0105 czekolad\u0105 to wyj\u0105tkowa gratka smakowa dla mi\u0142o\u015bnik\u00f3w bezy kawowej.<\/span><\/p>\n<p>Produkt tilgjengelig i\u00a0<strong>samlepakke 3 stk (1 stk ca 150g).<\/strong><\/p>","protected":false},"featured_media":11458,"comment_status":"closed","ping_status":"closed","template":"","meta":{"content-type":""},"product_brand":[],"product_cat":[723],"product_tag":[444,442,446,445,291,450,447,448],"class_list":{"0":"post-11455","1":"product","2":"type-product","3":"status-publish","4":"has-post-thumbnail","6":"product_cat-mini-desery-do-kawiarni","7":"product_tag-cukiernia-jacek-placek","8":"product_tag-deser-jednoporcjowy","9":"product_tag-jacek-placek-gdansk","10":"product_tag-jacek-placek-gowino","11":"product_tag-tort-malinowy","12":"product_tag-tort-mini","13":"product_tag-tort-red-velvet","14":"product_tag-tort-z-mascarpone","16":"entry","17":"has-media","19":"first","20":"instock","21":"shipping-taxable","22":"product-type-simple","23":"has-product-nav","24":"col","25":"span_1_of_4","26":"owp-content-center","27":"owp-thumbs-layout-horizontal","28":"owp-btn-normal","29":"owp-tabs-layout-horizontal"},"acf":[],"_links":{"self":[{"href":"https:\/\/jacekplacek.com.pl\/nb\/wp-json\/wp\/v2\/product\/11455","targetHints":{"allow":["GET"]}}],"collection":[{"href":"https:\/\/jacekplacek.com.pl\/nb\/wp-json\/wp\/v2\/product"}],"about":[{"href":"https:\/\/jacekplacek.com.pl\/nb\/wp-json\/wp\/v2\/types\/product"}],"replies":[{"embeddable":true,"href":"https:\/\/jacekplacek.com.pl\/nb\/wp-json\/wp\/v2\/comments?post=11455"}],"wp:featuredmedia":[{"embeddable":true,"href":"https:\/\/jacekplacek.com.pl\/nb\/wp-json\/wp\/v2\/media\/11458"}],"wp:attachment":[{"href":"https:\/\/jacekplacek.com.pl\/nb\/wp-json\/wp\/v2\/media?parent=11455"}],"wp:term":[{"taxonomy":"product_brand","embeddable":true,"href":"https:\/\/jacekplacek.com.pl\/nb\/wp-json\/wp\/v2\/product_brand?post=11455"},{"taxonomy":"product_cat","embeddable":true,"href":"https:\/\/jacekplacek.com.pl\/nb\/wp-json\/wp\/v2\/product_cat?post=11455"},{"taxonomy":"product_tag","embeddable":true,"href":"https:\/\/jacekplacek.com.pl\/nb\/wp-json\/wp\/v2\/product_tag?post=11455"}],"curies":[{"name":"wp","href":"https:\/\/api.w.org\/{rel}","templated":true}]}}