{"id":11219,"date":"2023-11-09T16:12:40","date_gmt":"2023-11-09T15:12:40","guid":{"rendered":"https:\/\/jacekplacek.com.pl\/?post_type=product&#038;p=11219"},"modified":"2025-11-18T18:31:01","modified_gmt":"2025-11-18T17:31:01","slug":"mini-royal-sjokoladekake-6-stk","status":"publish","type":"product","link":"https:\/\/jacekplacek.com.pl\/nb\/lager\/torty_i_desery\/monoporcje-na-catering\/mini-royal-sjokoladekake-6-stk\/","title":{"rendered":"Nanokake Royal Chocolate 6 stk"},"content":{"rendered":"<p><b>Royal Chocolate nano-kake er en skikkelig godbit for sjokoladeelskere.<\/b><\/p>\n<p><span style=\"font-weight: 400;\">Denne fantastiske sjokolademoussen f\u00e5r ekstraordin\u00e6re smaker takket v\u00e6re et hint av bisonost, som gir den karakter og en unik smaksdybde. I tillegg, mellom lagene p\u00e5 denne unike kaken finner du spr\u00f8 puff som gir den en unik tekstur.<\/span><\/p>\n<p><span style=\"font-weight: 400;\">Men det er ikke slutten p\u00e5 overraskelsene! Moussen v\u00e5r er dekket med delikat bl\u00e5b\u00e6r- og ripssyltet\u00f8y, som tilf\u00f8rer litt friskhet og fruktig sjarm. <\/span><b>Dette er en kake som tilbyr en harmoni av s\u00f8dme og s\u00e6regen smak i hver bit. Kom til v\u00e5r konfektbutikk og unn deg selv med en Royal Chocolate nano-kake!<\/b><\/p>\n<p>Dessert ikke bare for elegante bord - perfekt for \u00e5 feire navnedager, bursdager eller andre feiringer hjemme eller p\u00e5 jobb...<\/p>\n<p>Produkt tilgjengelig i\u00a0<strong>6 stk i en samlepakke (6 stk ca. 360g).<\/strong><\/p>","protected":false},"excerpt":{"rendered":"<p><span style=\"font-weight: 400;\">Dette er en kake som tilbyr en harmoni av s\u00f8dme og s\u00e6regen smak i hver bit. Kom til v\u00e5r konfektbutikk og unn deg selv med en kongelig sjokoladekake!<\/span><\/p>\n<p>Produkt tilgjengelig i\u00a0<strong>6 stk i en samlepakke (6 stk ca. 360g).<\/strong><\/p>","protected":false},"featured_media":11465,"comment_status":"closed","ping_status":"closed","template":"","meta":{"content-type":""},"product_brand":[],"product_cat":[693],"product_tag":[444,442,446,445,176,291,450,771],"class_list":{"0":"post-11219","1":"product","2":"type-product","3":"status-publish","4":"has-post-thumbnail","6":"product_cat-monoporcje-na-catering","7":"product_tag-cukiernia-jacek-placek","8":"product_tag-deser-jednoporcjowy","9":"product_tag-jacek-placek-gdansk","10":"product_tag-jacek-placek-gowino","11":"product_tag-tort-czekoladowy","12":"product_tag-tort-malinowy","13":"product_tag-tort-mini","14":"product_tag-tort-royal-chocolate","16":"entry","17":"has-media","19":"first","20":"instock","21":"shipping-taxable","22":"product-type-simple","23":"has-product-nav","24":"col","25":"span_1_of_4","26":"owp-content-center","27":"owp-thumbs-layout-horizontal","28":"owp-btn-normal","29":"owp-tabs-layout-horizontal"},"acf":[],"_links":{"self":[{"href":"https:\/\/jacekplacek.com.pl\/nb\/wp-json\/wp\/v2\/product\/11219","targetHints":{"allow":["GET"]}}],"collection":[{"href":"https:\/\/jacekplacek.com.pl\/nb\/wp-json\/wp\/v2\/product"}],"about":[{"href":"https:\/\/jacekplacek.com.pl\/nb\/wp-json\/wp\/v2\/types\/product"}],"replies":[{"embeddable":true,"href":"https:\/\/jacekplacek.com.pl\/nb\/wp-json\/wp\/v2\/comments?post=11219"}],"wp:featuredmedia":[{"embeddable":true,"href":"https:\/\/jacekplacek.com.pl\/nb\/wp-json\/wp\/v2\/media\/11465"}],"wp:attachment":[{"href":"https:\/\/jacekplacek.com.pl\/nb\/wp-json\/wp\/v2\/media?parent=11219"}],"wp:term":[{"taxonomy":"product_brand","embeddable":true,"href":"https:\/\/jacekplacek.com.pl\/nb\/wp-json\/wp\/v2\/product_brand?post=11219"},{"taxonomy":"product_cat","embeddable":true,"href":"https:\/\/jacekplacek.com.pl\/nb\/wp-json\/wp\/v2\/product_cat?post=11219"},{"taxonomy":"product_tag","embeddable":true,"href":"https:\/\/jacekplacek.com.pl\/nb\/wp-json\/wp\/v2\/product_tag?post=11219"}],"curies":[{"name":"wp","href":"https:\/\/api.w.org\/{rel}","templated":true}]}}