{"id":11218,"date":"2023-11-09T16:12:37","date_gmt":"2023-11-09T15:12:37","guid":{"rendered":"https:\/\/jacekplacek.com.pl\/?post_type=product&#038;p=11218"},"modified":"2025-11-18T18:30:59","modified_gmt":"2025-11-18T17:30:59","slug":"mini-pistasjkake-6-stk","status":"publish","type":"product","link":"https:\/\/jacekplacek.com.pl\/nb\/lager\/torty_i_desery\/monoporcje-na-catering\/mini-pistasjkake-6-stk\/","title":{"rendered":"Nano pistasjkake 6 stk"},"content":{"rendered":"<p><b>Velkommen til en verden av den unike smaken av nano-pistasjkake!<\/b><\/p>\n<p><span style=\"font-weight: 400;\">Det er en kombinasjon av delikat middelhavspistasjmousse og skogsfruktsyltet\u00f8y. Innsiden av kaken ble beriket med knasende puffs, noe som ga den en interessant tekstur. Pistasjkaken v\u00e5r er en skikkelig godbit for elskere av pistasjn\u00f8tter og fruktsmaker. Tillat deg selv et \u00f8yeblikk med nytelse med denne unike kaken!<\/span><\/p>\n<p><span style=\"font-weight: 400;\">Vi oppfordrer deg til \u00e5 bestille en kake i form av en gave, med den utvalgte <\/span><b>gratulasjonskort<\/b><span style=\"font-weight: 400;\"> og matchende <\/span><b>stearinlys<\/b><span style=\"font-weight: 400;\">.<\/span><\/p>\n<p>Dessert ikke bare for elegante bord - perfekt for \u00e5 feire navnedager, bursdager eller andre feiringer hjemme eller p\u00e5 jobb...<\/p>\n<p>Produkt tilgjengelig i\u00a0<strong>samlepakke p\u00e5 6 stk (6 stk ca. 300g).<\/strong><\/p>","protected":false},"excerpt":{"rendered":"<p><span style=\"font-weight: 400;\">Pistasjkaken v\u00e5r er en skikkelig godbit for elskere av pistasjn\u00f8tter og fruktsmaker. Tillat deg selv et \u00f8yeblikk med nytelse med denne unike kaken!<\/span><\/p>\n<p>Produkt tilgjengelig i\u00a0<strong>samlepakke p\u00e5 6 stk (6 stk ca. 300g).<\/strong><\/p>","protected":false},"featured_media":11467,"comment_status":"closed","ping_status":"closed","template":"","meta":{"content-type":""},"product_brand":[],"product_cat":[693],"product_tag":[444,442,446,445,450,743],"class_list":{"0":"post-11218","1":"product","2":"type-product","3":"status-publish","4":"has-post-thumbnail","6":"product_cat-monoporcje-na-catering","7":"product_tag-cukiernia-jacek-placek","8":"product_tag-deser-jednoporcjowy","9":"product_tag-jacek-placek-gdansk","10":"product_tag-jacek-placek-gowino","11":"product_tag-tort-mini","12":"product_tag-tort-pistacjowy","14":"entry","15":"has-media","17":"first","18":"instock","19":"shipping-taxable","20":"product-type-simple","21":"has-product-nav","22":"col","23":"span_1_of_4","24":"owp-content-center","25":"owp-thumbs-layout-horizontal","26":"owp-btn-normal","27":"owp-tabs-layout-horizontal"},"acf":[],"_links":{"self":[{"href":"https:\/\/jacekplacek.com.pl\/nb\/wp-json\/wp\/v2\/product\/11218","targetHints":{"allow":["GET"]}}],"collection":[{"href":"https:\/\/jacekplacek.com.pl\/nb\/wp-json\/wp\/v2\/product"}],"about":[{"href":"https:\/\/jacekplacek.com.pl\/nb\/wp-json\/wp\/v2\/types\/product"}],"replies":[{"embeddable":true,"href":"https:\/\/jacekplacek.com.pl\/nb\/wp-json\/wp\/v2\/comments?post=11218"}],"wp:featuredmedia":[{"embeddable":true,"href":"https:\/\/jacekplacek.com.pl\/nb\/wp-json\/wp\/v2\/media\/11467"}],"wp:attachment":[{"href":"https:\/\/jacekplacek.com.pl\/nb\/wp-json\/wp\/v2\/media?parent=11218"}],"wp:term":[{"taxonomy":"product_brand","embeddable":true,"href":"https:\/\/jacekplacek.com.pl\/nb\/wp-json\/wp\/v2\/product_brand?post=11218"},{"taxonomy":"product_cat","embeddable":true,"href":"https:\/\/jacekplacek.com.pl\/nb\/wp-json\/wp\/v2\/product_cat?post=11218"},{"taxonomy":"product_tag","embeddable":true,"href":"https:\/\/jacekplacek.com.pl\/nb\/wp-json\/wp\/v2\/product_tag?post=11218"}],"curies":[{"name":"wp","href":"https:\/\/api.w.org\/{rel}","templated":true}]}}