{"id":11066,"date":"2023-10-26T14:02:41","date_gmt":"2023-10-26T12:02:41","guid":{"rendered":"https:\/\/jacekplacek.com.pl\/?post_type=product&#038;p=11066"},"modified":"2025-11-18T18:31:00","modified_gmt":"2025-11-18T17:31:00","slug":"konge-kake-2","status":"publish","type":"product","link":"https:\/\/jacekplacek.com.pl\/nb\/lager\/torty_i_desery\/kaker\/konge-kake-2\/","title":{"rendered":"kongelig kake"},"content":{"rendered":"<p><strong>Vi presenterer kongekaken - en unik kombinasjon av smaker som gleder ganen. <\/strong><\/p>\n<p><span style=\"font-weight: 400;\">Oppskriften v\u00e5r er basert p\u00e5 den intense smaken av sjokoladekake med tilsetning av n\u00f8tter, som gir den en unik karakter. Kaken er toppet med sjokoladekrem, fylt med plommesyltet\u00f8y og sm\u00f8rkrem med sitron, som gir den letthet og friskhet. For \u00e5 legge til enda flere smaksoverraskelser beriker vi kaken v\u00e5r med spr\u00f8 halva.\u00a0<\/span><\/p>\n<p><strong>Det er en s\u00f8t opplevelse og fortjener \u00e5 bli kalt kongelig. Kom og se hvorfor kongekaken er v\u00e5r ubestridte hit!<\/strong><\/p>\n<p><span style=\"font-weight: 400;\">Vi oppfordrer deg til \u00e5 bestille en kake i form av en gave, med den utvalgte <\/span><b>gratulasjonskort<\/b><span style=\"font-weight: 400;\"> og matchende <\/span><b>stearinlys<\/b><span style=\"font-weight: 400;\">.<\/span><\/p>","protected":false},"excerpt":{"rendered":"<p><span data-sheets-root=\"1\">Sjokoladekake med rik smak med plommesyltet\u00f8y, sitron- og sjokoladekrem, og biter av halva.<\/span><\/p>","protected":false},"featured_media":10969,"comment_status":"closed","ping_status":"closed","template":"","meta":{"content-type":""},"product_brand":[],"product_cat":[123],"product_tag":[747,166,176,309,730,733,731,746,732,734],"class_list":{"0":"post-11066","1":"product","2":"type-product","3":"status-publish","4":"has-post-thumbnail","6":"product_cat-torty","7":"product_tag-luksusowy-tort","8":"product_tag-tort","9":"product_tag-tort-czekoladowy","10":"product_tag-tort-krolewski","11":"product_tag-tort-na-urodziny","12":"product_tag-tort-naturalny","13":"product_tag-tort-urodzinowy","14":"product_tag-tort-z-czekolada-jadalne-zloto","15":"product_tag-torty-naturalne","16":"product_tag-zdrowy-sklad","18":"entry","19":"has-media","21":"first","22":"instock","23":"shipping-taxable","24":"product-type-variable","25":"has-default-attributes","26":"has-product-nav","27":"col","28":"span_1_of_4","29":"owp-content-center","30":"owp-thumbs-layout-horizontal","31":"owp-btn-normal","32":"owp-tabs-layout-horizontal"},"acf":[],"_links":{"self":[{"href":"https:\/\/jacekplacek.com.pl\/nb\/wp-json\/wp\/v2\/product\/11066","targetHints":{"allow":["GET"]}}],"collection":[{"href":"https:\/\/jacekplacek.com.pl\/nb\/wp-json\/wp\/v2\/product"}],"about":[{"href":"https:\/\/jacekplacek.com.pl\/nb\/wp-json\/wp\/v2\/types\/product"}],"replies":[{"embeddable":true,"href":"https:\/\/jacekplacek.com.pl\/nb\/wp-json\/wp\/v2\/comments?post=11066"}],"wp:featuredmedia":[{"embeddable":true,"href":"https:\/\/jacekplacek.com.pl\/nb\/wp-json\/wp\/v2\/media\/10969"}],"wp:attachment":[{"href":"https:\/\/jacekplacek.com.pl\/nb\/wp-json\/wp\/v2\/media?parent=11066"}],"wp:term":[{"taxonomy":"product_brand","embeddable":true,"href":"https:\/\/jacekplacek.com.pl\/nb\/wp-json\/wp\/v2\/product_brand?post=11066"},{"taxonomy":"product_cat","embeddable":true,"href":"https:\/\/jacekplacek.com.pl\/nb\/wp-json\/wp\/v2\/product_cat?post=11066"},{"taxonomy":"product_tag","embeddable":true,"href":"https:\/\/jacekplacek.com.pl\/nb\/wp-json\/wp\/v2\/product_tag?post=11066"}],"curies":[{"name":"wp","href":"https:\/\/api.w.org\/{rel}","templated":true}]}}