{"id":11059,"date":"2023-10-26T14:02:34","date_gmt":"2023-10-26T12:02:34","guid":{"rendered":"https:\/\/jacekplacek.com.pl\/?post_type=product&#038;p=11059"},"modified":"2025-11-18T18:31:00","modified_gmt":"2025-11-18T17:31:00","slug":"kake-med-hvit-sjokolade-og-bringebaer","status":"publish","type":"product","link":"https:\/\/jacekplacek.com.pl\/nb\/lager\/torty_i_desery\/kaker\/kake-med-hvit-sjokolade-og-bringebaer\/","title":{"rendered":"Kake med hvit sjokolade og bringeb\u00e6r"},"content":{"rendered":"<p><strong>En fryd for sansene \u2013 v\u00e5r kake med hvit sjokolade og bringeb\u00e6r! <\/strong><\/p>\n<p><span style=\"font-weight: 400;\">Dette er en delikat kremmousse som kombinerer kremaktig hvit sjokolade med saftige bringeb\u00e6r. Dette er en kombinasjon av smaker som gleder b\u00e5de s\u00f8tsaker og fruktelskere. Vi inviterer deg hjertelig til \u00e5 nyte smaken av kake med hvit sjokolade og bringeb\u00e6r.<\/span><\/p>\n<p><span style=\"font-weight: 400;\">Vi oppfordrer deg til \u00e5 bestille en kake i form av en gave, med den utvalgte <\/span><b>gratulasjonskort<\/b><span style=\"font-weight: 400;\"> og matchende <\/span><b>stearinlys<\/b><span style=\"font-weight: 400;\">.<\/span><\/p>","protected":false},"excerpt":{"rendered":"<p><span data-sheets-root=\"1\">Lette svamperkaker dynket i en delikat punch, lagvis med krem med hvit sjokolade og bringeb\u00e6r.<\/span><\/p>","protected":false},"featured_media":10961,"comment_status":"closed","ping_status":"closed","template":"","meta":{"content-type":""},"product_brand":[],"product_cat":[123],"product_tag":[739,166,736,291,730,733,735,731,737,738,732,734],"class_list":{"0":"post-11059","1":"product","2":"type-product","3":"status-publish","4":"has-post-thumbnail","6":"product_cat-torty","7":"product_tag-biala-czekolada-z-malinami","8":"product_tag-tort","9":"product_tag-tort-biala-czekolada","10":"product_tag-tort-malinowy","11":"product_tag-tort-na-urodziny","12":"product_tag-tort-naturalny","13":"product_tag-tort-owocowy","14":"product_tag-tort-urodzinowy","15":"product_tag-tort-z-bialej-czekolady","16":"product_tag-tort-z-malinami","17":"product_tag-torty-naturalne","18":"product_tag-zdrowy-sklad","20":"entry","21":"has-media","23":"first","24":"instock","25":"shipping-taxable","26":"product-type-variable","27":"has-product-nav","28":"col","29":"span_1_of_4","30":"owp-content-center","31":"owp-thumbs-layout-horizontal","32":"owp-btn-normal","33":"owp-tabs-layout-horizontal"},"acf":[],"_links":{"self":[{"href":"https:\/\/jacekplacek.com.pl\/nb\/wp-json\/wp\/v2\/product\/11059","targetHints":{"allow":["GET"]}}],"collection":[{"href":"https:\/\/jacekplacek.com.pl\/nb\/wp-json\/wp\/v2\/product"}],"about":[{"href":"https:\/\/jacekplacek.com.pl\/nb\/wp-json\/wp\/v2\/types\/product"}],"replies":[{"embeddable":true,"href":"https:\/\/jacekplacek.com.pl\/nb\/wp-json\/wp\/v2\/comments?post=11059"}],"wp:featuredmedia":[{"embeddable":true,"href":"https:\/\/jacekplacek.com.pl\/nb\/wp-json\/wp\/v2\/media\/10961"}],"wp:attachment":[{"href":"https:\/\/jacekplacek.com.pl\/nb\/wp-json\/wp\/v2\/media?parent=11059"}],"wp:term":[{"taxonomy":"product_brand","embeddable":true,"href":"https:\/\/jacekplacek.com.pl\/nb\/wp-json\/wp\/v2\/product_brand?post=11059"},{"taxonomy":"product_cat","embeddable":true,"href":"https:\/\/jacekplacek.com.pl\/nb\/wp-json\/wp\/v2\/product_cat?post=11059"},{"taxonomy":"product_tag","embeddable":true,"href":"https:\/\/jacekplacek.com.pl\/nb\/wp-json\/wp\/v2\/product_tag?post=11059"}],"curies":[{"name":"wp","href":"https:\/\/api.w.org\/{rel}","templated":true}]}}