{"id":11044,"date":"2023-10-26T14:02:26","date_gmt":"2023-10-26T12:02:26","guid":{"rendered":"https:\/\/jacekplacek.com.pl\/?post_type=product&#038;p=11044"},"modified":"2025-11-18T18:30:59","modified_gmt":"2025-11-18T17:30:59","slug":"kongelig-sjokolade-kake-2","status":"publish","type":"product","link":"https:\/\/jacekplacek.com.pl\/nb\/lager\/torty_i_desery\/kaker\/kongelig-sjokolade-kake-2\/","title":{"rendered":"Kongelig sjokoladekake"},"content":{"rendered":"<p><strong>Den kongelige sjokoladekaken er en skikkelig godbit for sjokoladeelskere. <\/strong><\/p>\n<p><span style=\"font-weight: 400;\">Denne fantastiske sjokolademoussen f\u00e5r ekstraordin\u00e6re smaker takket v\u00e6re et hint av bisonost, som gir den karakter og en unik smaksdybde. I tillegg, mellom lagene p\u00e5 denne unike kaken finner du spr\u00f8 puff som gir den en unik tekstur. <\/span><\/p>\n<p><span style=\"font-weight: 400;\">Men det er ikke slutten p\u00e5 overraskelsene! Moussen v\u00e5r er dekket med delikat bl\u00e5b\u00e6r- og ripssyltet\u00f8y, som tilf\u00f8rer litt friskhet og fruktig sjarm. <strong>Dette er en kake som tilbyr en harmoni av s\u00f8dme og s\u00e6regen smak i hver bit. Kom til v\u00e5r konfektbutikk og unn deg selv med den kongelige sjokoladekaken!<\/strong><\/span><\/p>\n<p><span style=\"font-weight: 400;\">Vi oppfordrer deg til \u00e5 bestille en kake i form av en gave, med den utvalgte <\/span><b>gratulasjonskort<\/b><span style=\"font-weight: 400;\"> og matchende <\/span><b>stearinlys<\/b><span style=\"font-weight: 400;\">.<\/span><\/p>","protected":false},"excerpt":{"rendered":"<p><span style=\"font-weight: 400;\">Dette er en kake som tilbyr en harmoni av s\u00f8dme og s\u00e6regen smak i hver bit. Kom til v\u00e5r konfektbutikk og unn deg selv med den kongelige sjokoladekaken!<\/span><\/p>","protected":false},"featured_media":10975,"comment_status":"closed","ping_status":"closed","template":"","meta":{"content-type":""},"product_brand":[],"product_cat":[123],"product_tag":[747,166,176,730,733,731,746,732,734],"class_list":{"0":"post-11044","1":"product","2":"type-product","3":"status-publish","4":"has-post-thumbnail","6":"product_cat-torty","7":"product_tag-luksusowy-tort","8":"product_tag-tort","9":"product_tag-tort-czekoladowy","10":"product_tag-tort-na-urodziny","11":"product_tag-tort-naturalny","12":"product_tag-tort-urodzinowy","13":"product_tag-tort-z-czekolada-jadalne-zloto","14":"product_tag-torty-naturalne","15":"product_tag-zdrowy-sklad","17":"entry","18":"has-media","20":"first","21":"instock","22":"shipping-taxable","23":"product-type-variable","24":"has-default-attributes","25":"has-product-nav","26":"col","27":"span_1_of_4","28":"owp-content-center","29":"owp-thumbs-layout-horizontal","30":"owp-btn-normal","31":"owp-tabs-layout-horizontal"},"acf":[],"_links":{"self":[{"href":"https:\/\/jacekplacek.com.pl\/nb\/wp-json\/wp\/v2\/product\/11044","targetHints":{"allow":["GET"]}}],"collection":[{"href":"https:\/\/jacekplacek.com.pl\/nb\/wp-json\/wp\/v2\/product"}],"about":[{"href":"https:\/\/jacekplacek.com.pl\/nb\/wp-json\/wp\/v2\/types\/product"}],"replies":[{"embeddable":true,"href":"https:\/\/jacekplacek.com.pl\/nb\/wp-json\/wp\/v2\/comments?post=11044"}],"wp:featuredmedia":[{"embeddable":true,"href":"https:\/\/jacekplacek.com.pl\/nb\/wp-json\/wp\/v2\/media\/10975"}],"wp:attachment":[{"href":"https:\/\/jacekplacek.com.pl\/nb\/wp-json\/wp\/v2\/media?parent=11044"}],"wp:term":[{"taxonomy":"product_brand","embeddable":true,"href":"https:\/\/jacekplacek.com.pl\/nb\/wp-json\/wp\/v2\/product_brand?post=11044"},{"taxonomy":"product_cat","embeddable":true,"href":"https:\/\/jacekplacek.com.pl\/nb\/wp-json\/wp\/v2\/product_cat?post=11044"},{"taxonomy":"product_tag","embeddable":true,"href":"https:\/\/jacekplacek.com.pl\/nb\/wp-json\/wp\/v2\/product_tag?post=11044"}],"curies":[{"name":"wp","href":"https:\/\/api.w.org\/{rel}","templated":true}]}}