{"id":11036,"date":"2023-10-26T14:02:09","date_gmt":"2023-10-26T12:02:09","guid":{"rendered":"https:\/\/jacekplacek.com.pl\/?post_type=product&#038;p=11036"},"modified":"2025-11-18T18:30:55","modified_gmt":"2025-11-18T17:30:55","slug":"rod-floyel-kake-2","status":"publish","type":"product","link":"https:\/\/jacekplacek.com.pl\/nb\/lager\/torty_i_desery\/kaker\/rod-floyel-kake-2\/","title":{"rendered":"Red Velvet kake"},"content":{"rendered":"<p><strong>Vi inviterer deg til \u00e5 pr\u00f8ve flaggskipet v\u00e5rt Red Velvet Cake - en klassisk dessert med en ny vri. <\/strong><\/p>\n<p><span style=\"font-weight: 400;\"><strong>Kaken v\u00e5r er ikke bare appetittvekkende, men ogs\u00e5 sunn fordi vi unng\u00e5r kunstige tilsetningsstoffer ved \u00e5 bruke et naturlig lykopenfargestoff fra tomater.<\/strong> Vi fyller innsiden av kaken med deilig mascarponekrem og bringeb\u00e6rsyltet\u00f8y, som gir den en unik smak. <\/span><span style=\"font-weight: 400;\">Se selv at tradisjonell smak kan g\u00e5 h\u00e5nd i h\u00e5nd med oppmerksomhet p\u00e5 kvaliteten p\u00e5 ingrediensene.<\/span><\/p>\n<p><span style=\"font-weight: 400;\">Vi oppfordrer deg til \u00e5 bestille en kake i form av en gave, med den utvalgte <\/span><b>gratulasjonskort<\/b><span style=\"font-weight: 400;\"> og matchende <\/span><b>stearinlys<\/b><span style=\"font-weight: 400;\">.<\/span><\/p>","protected":false},"excerpt":{"rendered":"<p><span data-sheets-root=\"1\">R\u00f8d svampekake, farget med naturlig lykopen fra tomater, lagvis med mascarponekrem og bringeb\u00e6rsyltet\u00f8y. En klassiker i moderne utgave, uten kunstige tillegg.<\/span><\/p>","protected":false},"featured_media":9379,"comment_status":"closed","ping_status":"closed","template":"","meta":{"content-type":""},"product_brand":[],"product_cat":[123],"product_tag":[336,166,730,733,447,731,732,734],"class_list":{"0":"post-11036","1":"product","2":"type-product","3":"status-publish","4":"has-post-thumbnail","6":"product_cat-torty","7":"product_tag-red-velvet","8":"product_tag-tort","9":"product_tag-tort-na-urodziny","10":"product_tag-tort-naturalny","11":"product_tag-tort-red-velvet","12":"product_tag-tort-urodzinowy","13":"product_tag-torty-naturalne","14":"product_tag-zdrowy-sklad","16":"entry","17":"has-media","19":"first","20":"instock","21":"shipping-taxable","22":"product-type-variable","23":"has-default-attributes","24":"has-product-nav","25":"col","26":"span_1_of_4","27":"owp-content-center","28":"owp-thumbs-layout-horizontal","29":"owp-btn-normal","30":"owp-tabs-layout-horizontal"},"acf":[],"_links":{"self":[{"href":"https:\/\/jacekplacek.com.pl\/nb\/wp-json\/wp\/v2\/product\/11036","targetHints":{"allow":["GET"]}}],"collection":[{"href":"https:\/\/jacekplacek.com.pl\/nb\/wp-json\/wp\/v2\/product"}],"about":[{"href":"https:\/\/jacekplacek.com.pl\/nb\/wp-json\/wp\/v2\/types\/product"}],"replies":[{"embeddable":true,"href":"https:\/\/jacekplacek.com.pl\/nb\/wp-json\/wp\/v2\/comments?post=11036"}],"wp:featuredmedia":[{"embeddable":true,"href":"https:\/\/jacekplacek.com.pl\/nb\/wp-json\/wp\/v2\/media\/9379"}],"wp:attachment":[{"href":"https:\/\/jacekplacek.com.pl\/nb\/wp-json\/wp\/v2\/media?parent=11036"}],"wp:term":[{"taxonomy":"product_brand","embeddable":true,"href":"https:\/\/jacekplacek.com.pl\/nb\/wp-json\/wp\/v2\/product_brand?post=11036"},{"taxonomy":"product_cat","embeddable":true,"href":"https:\/\/jacekplacek.com.pl\/nb\/wp-json\/wp\/v2\/product_cat?post=11036"},{"taxonomy":"product_tag","embeddable":true,"href":"https:\/\/jacekplacek.com.pl\/nb\/wp-json\/wp\/v2\/product_tag?post=11036"}],"curies":[{"name":"wp","href":"https:\/\/api.w.org\/{rel}","templated":true}]}}