{"id":11031,"date":"2023-10-26T14:00:48","date_gmt":"2023-10-26T12:00:48","guid":{"rendered":"https:\/\/jacekplacek.com.pl\/?post_type=product&#038;p=11031"},"modified":"2025-11-18T18:30:54","modified_gmt":"2025-11-18T17:30:54","slug":"jordbaer-kake-2","status":"publish","type":"product","link":"https:\/\/jacekplacek.com.pl\/nb\/lager\/torty_i_desery\/kaker\/jordbaer-kake-2\/","title":{"rendered":"jordb\u00e6r kake"},"content":{"rendered":"<p><b>Jordb\u00e6rkake \u2013 en fryd for ganen. V\u00e5r versjon av denne klassiske delikatessen er en ekte fest for sansene!<\/b><\/p>\n<p><span style=\"font-weight: 400;\">Kaken er laget av delikat kremfl\u00f8te og unikt jordb\u00e6rsyltet\u00f8y \u2013 det vil mette b\u00e5de sm\u00e5 og store gourmeter! Hva gj\u00f8r at den skiller seg ut? Dens ekstraordin\u00e6re smak, som kun kommer fra naturlige ingredienser. Dette er s\u00f8theten til jordb\u00e6r skapt av naturen - nyt smaken deres i hver bit og la sansene nyte et lite festm\u00e5ltid!<\/span><\/p>\n<p><span style=\"font-weight: 400;\">Vi oppfordrer deg til \u00e5 bestille en kake i form av en gave, med den utvalgte <\/span><b>gratulasjonskort<\/b><span style=\"font-weight: 400;\"> og matchende <\/span><b>stearinlys<\/b><span style=\"font-weight: 400;\">.<\/span><\/p>","protected":false},"excerpt":{"rendered":"<p><span data-sheets-root=\"1\">En lett kake basert p\u00e5 kremfl\u00f8te og jordb\u00e6rsyltet\u00f8y. Den naturlige s\u00f8dmen til jordb\u00e6r gleder seg over smaken og gj\u00f8r hver bit til en ren nytelse.<\/span><\/p>","protected":false},"featured_media":10321,"comment_status":"closed","ping_status":"closed","template":"","meta":{"content-type":""},"product_brand":[],"product_cat":[123],"product_tag":[728,166,730,733,735,297,731,729,732,734],"class_list":{"0":"post-11031","1":"product","2":"type-product","3":"status-publish","4":"has-post-thumbnail","6":"product_cat-torty","7":"product_tag-ciasto-truskawkowe","8":"product_tag-tort","9":"product_tag-tort-na-urodziny","10":"product_tag-tort-naturalny","11":"product_tag-tort-owocowy","12":"product_tag-tort-truskawkowy","13":"product_tag-tort-urodzinowy","14":"product_tag-tort-z-truskawkami","15":"product_tag-torty-naturalne","16":"product_tag-zdrowy-sklad","18":"entry","19":"has-media","21":"first","22":"instock","23":"shipping-taxable","24":"product-type-variable","25":"has-default-attributes","26":"has-product-nav","27":"col","28":"span_1_of_4","29":"owp-content-center","30":"owp-thumbs-layout-horizontal","31":"owp-btn-normal","32":"owp-tabs-layout-horizontal"},"acf":[],"_links":{"self":[{"href":"https:\/\/jacekplacek.com.pl\/nb\/wp-json\/wp\/v2\/product\/11031","targetHints":{"allow":["GET"]}}],"collection":[{"href":"https:\/\/jacekplacek.com.pl\/nb\/wp-json\/wp\/v2\/product"}],"about":[{"href":"https:\/\/jacekplacek.com.pl\/nb\/wp-json\/wp\/v2\/types\/product"}],"replies":[{"embeddable":true,"href":"https:\/\/jacekplacek.com.pl\/nb\/wp-json\/wp\/v2\/comments?post=11031"}],"wp:featuredmedia":[{"embeddable":true,"href":"https:\/\/jacekplacek.com.pl\/nb\/wp-json\/wp\/v2\/media\/10321"}],"wp:attachment":[{"href":"https:\/\/jacekplacek.com.pl\/nb\/wp-json\/wp\/v2\/media?parent=11031"}],"wp:term":[{"taxonomy":"product_brand","embeddable":true,"href":"https:\/\/jacekplacek.com.pl\/nb\/wp-json\/wp\/v2\/product_brand?post=11031"},{"taxonomy":"product_cat","embeddable":true,"href":"https:\/\/jacekplacek.com.pl\/nb\/wp-json\/wp\/v2\/product_cat?post=11031"},{"taxonomy":"product_tag","embeddable":true,"href":"https:\/\/jacekplacek.com.pl\/nb\/wp-json\/wp\/v2\/product_tag?post=11031"}],"curies":[{"name":"wp","href":"https:\/\/api.w.org\/{rel}","templated":true}]}}