{"id":10987,"date":"2023-10-26T12:14:42","date_gmt":"2023-10-26T10:14:42","guid":{"rendered":"https:\/\/jacekplacek.com.pl\/?post_type=product&#038;p=10987"},"modified":"2025-11-18T18:30:48","modified_gmt":"2025-11-18T17:30:48","slug":"kake-bueno-2","status":"publish","type":"product","link":"https:\/\/jacekplacek.com.pl\/nb\/lager\/torty_i_desery\/kaker\/kake-bueno-2\/","title":{"rendered":"Bueno kake"},"content":{"rendered":"<p><strong>Vi presenterer Bueno-kaken - en kombinasjon av delikat hvit sjokoladekrem og spr\u00f8 hasseln\u00f8tter. <\/strong><\/p>\n<p><span style=\"font-weight: 400;\">V\u00e5r versjon av denne popul\u00e6re kaken er en skikkelig fest for ganen. Hva gj\u00f8r at den skiller seg ut? Det faktum at det ikke er altfor s\u00f8tt gj\u00f8r det til et ideelt alternativ for barn som elsker denne unike sammensetningen av smaker.<strong> Vi inviterer deg til v\u00e5r konfektbutikk for \u00e5 oppdage hvorfor Bueno Cake har blitt favorittdessert for mange gourmeter!<\/strong><\/span><\/p>\n<p><span style=\"font-weight: 400;\">Vi oppfordrer deg til \u00e5 bestille en kake i form av en gave, med den utvalgte <\/span><b>gratulasjonskort<\/b><span style=\"font-weight: 400;\"> og matchende <\/span><b>stearinlys<\/b><span style=\"font-weight: 400;\">.<\/span><\/p>","protected":false},"excerpt":{"rendered":"<p><span style=\"font-weight: 400;\">V\u00e5r versjon av denne popul\u00e6re kaken er selvf\u00f8lgelig en kombinasjon av hvit sjokoladekrem og hasseln\u00f8tter. Kaken er ikke for s\u00f8t, har interessante smaker, og barna elsker den!<\/span><\/p>","protected":false},"featured_media":11010,"comment_status":"closed","ping_status":"closed","template":"","meta":{"content-type":""},"product_brand":[],"product_cat":[123],"product_tag":[761,166,290,730,733,731,732,734],"class_list":{"0":"post-10987","1":"product","2":"type-product","3":"status-publish","4":"has-post-thumbnail","6":"product_cat-torty","7":"product_tag-bueno","8":"product_tag-tort","9":"product_tag-tort-bueno","10":"product_tag-tort-na-urodziny","11":"product_tag-tort-naturalny","12":"product_tag-tort-urodzinowy","13":"product_tag-torty-naturalne","14":"product_tag-zdrowy-sklad","16":"entry","17":"has-media","19":"first","20":"instock","21":"shipping-taxable","22":"product-type-variable","23":"has-product-nav","24":"col","25":"span_1_of_4","26":"owp-content-center","27":"owp-thumbs-layout-horizontal","28":"owp-btn-normal","29":"owp-tabs-layout-horizontal"},"acf":[],"_links":{"self":[{"href":"https:\/\/jacekplacek.com.pl\/nb\/wp-json\/wp\/v2\/product\/10987","targetHints":{"allow":["GET"]}}],"collection":[{"href":"https:\/\/jacekplacek.com.pl\/nb\/wp-json\/wp\/v2\/product"}],"about":[{"href":"https:\/\/jacekplacek.com.pl\/nb\/wp-json\/wp\/v2\/types\/product"}],"replies":[{"embeddable":true,"href":"https:\/\/jacekplacek.com.pl\/nb\/wp-json\/wp\/v2\/comments?post=10987"}],"wp:featuredmedia":[{"embeddable":true,"href":"https:\/\/jacekplacek.com.pl\/nb\/wp-json\/wp\/v2\/media\/11010"}],"wp:attachment":[{"href":"https:\/\/jacekplacek.com.pl\/nb\/wp-json\/wp\/v2\/media?parent=10987"}],"wp:term":[{"taxonomy":"product_brand","embeddable":true,"href":"https:\/\/jacekplacek.com.pl\/nb\/wp-json\/wp\/v2\/product_brand?post=10987"},{"taxonomy":"product_cat","embeddable":true,"href":"https:\/\/jacekplacek.com.pl\/nb\/wp-json\/wp\/v2\/product_cat?post=10987"},{"taxonomy":"product_tag","embeddable":true,"href":"https:\/\/jacekplacek.com.pl\/nb\/wp-json\/wp\/v2\/product_tag?post=10987"}],"curies":[{"name":"wp","href":"https:\/\/api.w.org\/{rel}","templated":true}]}}