{"id":10196,"date":"2023-07-28T10:16:02","date_gmt":"2023-07-28T08:16:02","guid":{"rendered":"https:\/\/jacekplacek.com.pl\/?post_type=product&#038;p=10196"},"modified":"2025-12-16T15:38:39","modified_gmt":"2025-12-16T14:38:39","slug":"mandel-kjeks-keto","status":"publish","type":"product","link":"https:\/\/jacekplacek.com.pl\/nb\/lager\/informasjonskapsler-og-informasjonskapsler\/informasjonskapsler\/mandel-kjeks-keto\/","title":{"rendered":"KETO mandelkjeks"},"content":{"rendered":"<p><span style=\"font-weight: 400; color: #000000;\">S\u00e5 fint \u00e5 kombinere svakheten din for sandkaker med \u00e5 supplere kostholdet ditt med verdifulle fr\u00f8...<\/span><\/p>\n<p><span style=\"color: #000000;\">V\u00e5re glutenfrie mandelkaker med xylitol og et hint av appelsin er ikke bare en velsmakende snack, men ogs\u00e5 et produkt som passer inn i en sunn livsstil. Tilberedt for personer p\u00e5 en ketogen diett, er de et perfekt supplement til den daglige menyen. Hver informasjonskapsel er liten, men full av smak, nytelse og helse. <span style=\"font-weight: 400;\"> (P\u00e5 grunn av mangel p\u00e5 egen produksjonslinje kan produktet inneholde spor av gluten og andre allergener. Planten bruker: mel, egg, n\u00f8tter, sesam og melk, derfor kan hvert produkt inneholde spor av de nevnte allergener, selv om det er ikke spesifisert i beskrivelsen og listen over ingredienser.)<\/span><\/span><\/p>\n<p><span style=\"font-weight: 400; color: #000000;\">Det er den perfekte snacksen for enhver anledning!\u00a0<\/span><\/p>\n<p>&nbsp;<\/p>\n<p>&nbsp;<\/p>","protected":false},"excerpt":{"rendered":"<p><span style=\"font-weight: 400;\">Mandelkaker med redusert gluteninnhold med xylitol og et hint av appelsin - et produkt for personer som f\u00f8lger en ketogen diett.\u00a0<\/span><\/p>","protected":false},"featured_media":0,"comment_status":"closed","ping_status":"closed","template":"","meta":{"content-type":""},"product_brand":[],"product_cat":[121],"product_tag":[348,454,444,446,445,449,354,355],"class_list":{"0":"post-10196","1":"product","2":"type-product","3":"status-publish","5":"product_cat-ciasteczka","6":"product_tag-ciasteczka-kruche","7":"product_tag-ciasteczka-na-wage","8":"product_tag-cukiernia-jacek-placek","9":"product_tag-jacek-placek-gdansk","10":"product_tag-jacek-placek-gowino","11":"product_tag-jacek-placek-sopot","12":"product_tag-z-nasionami","13":"product_tag-ze-slonecznikiem","15":"entry","17":"first","18":"outofstock","19":"shipping-taxable","20":"product-type-variable","21":"has-default-attributes","22":"has-product-nav","23":"col","24":"span_1_of_4","25":"owp-content-center","26":"owp-thumbs-layout-horizontal","27":"owp-btn-normal","28":"owp-tabs-layout-horizontal","29":"has-no-thumbnails"},"acf":[],"_links":{"self":[{"href":"https:\/\/jacekplacek.com.pl\/nb\/wp-json\/wp\/v2\/product\/10196","targetHints":{"allow":["GET"]}}],"collection":[{"href":"https:\/\/jacekplacek.com.pl\/nb\/wp-json\/wp\/v2\/product"}],"about":[{"href":"https:\/\/jacekplacek.com.pl\/nb\/wp-json\/wp\/v2\/types\/product"}],"replies":[{"embeddable":true,"href":"https:\/\/jacekplacek.com.pl\/nb\/wp-json\/wp\/v2\/comments?post=10196"}],"wp:attachment":[{"href":"https:\/\/jacekplacek.com.pl\/nb\/wp-json\/wp\/v2\/media?parent=10196"}],"wp:term":[{"taxonomy":"product_brand","embeddable":true,"href":"https:\/\/jacekplacek.com.pl\/nb\/wp-json\/wp\/v2\/product_brand?post=10196"},{"taxonomy":"product_cat","embeddable":true,"href":"https:\/\/jacekplacek.com.pl\/nb\/wp-json\/wp\/v2\/product_cat?post=10196"},{"taxonomy":"product_tag","embeddable":true,"href":"https:\/\/jacekplacek.com.pl\/nb\/wp-json\/wp\/v2\/product_tag?post=10196"}],"curies":[{"name":"wp","href":"https:\/\/api.w.org\/{rel}","templated":true}]}}