{"id":9540,"date":"2023-06-12T11:22:43","date_gmt":"2023-06-12T09:22:43","guid":{"rendered":"https:\/\/jacekplacek.com.pl\/?post_type=product&#038;p=9540"},"modified":"2025-11-18T18:28:46","modified_gmt":"2025-11-18T17:28:46","slug":"nano-tiramisu-6-pezzi-2","status":"publish","type":"product","link":"https:\/\/jacekplacek.com.pl\/it\/negozio\/torty_i_desery\/monoporcje-na-catering\/nano-tiramisu-6-pezzi-2\/","title":{"rendered":"Torta tiramis\u00f9 nano italiano, 6 pezzi"},"content":{"rendered":"<p><b>Il classico italiano nella sua versione pi\u00f9 deliziosa: la nostra nano torta tiramis\u00f9 italiana.<\/b><\/p>\n<p><span style=\"font-weight: 400;\">La nostra torta \u00e8 un omaggio al tradizionale dolce italiano a base di mascarpone, che non solo \u00e8 estremamente cremoso, ma anche ricco di gusto. Per aggiungere ancora pi\u00f9 aroma, lo inzuppiamo nel punch al caff\u00e8 con un pizzico di liquore all&#039;amaretto. \u00c8 un connubio di sapori che delizia i sensi e incanta il palato.<\/span><\/p>\n<p><b>La nostra nano torta tiramis\u00f9 italiana \u00e8 la scelta perfetta per chi vuole immergersi nella tradizione e nei sapori dell&#039;Italia. Vieni nella nostra pasticceria e intraprendi questo viaggio nel gusto con noi oggi! <\/b><\/p>\n<p>Dessert non solo per tavole eleganti - perfetto per festeggiare onomastici, compleanni o altre ricorrenze a casa o al lavoro...<\/p>\n<p>Prodotto disponibile in <strong>6 pezzi in confezione collettiva (1 pezzo ca. 60 g).<\/strong><\/p>","protected":false},"excerpt":{"rendered":"<p><span style=\"font-weight: 400;\">\u00c8 una vera festa per il palato che ad ogni boccone ti porta nel cuore dell&#039;Italia. <\/span>Dessert non solo per tavole eleganti - perfetto per festeggiare onomastici, compleanni o altre ricorrenze a casa o al lavoro...<\/p>\n<p>Prodotto disponibile in <strong>6 pezzi in confezione collettiva (1 pezzo ca. 60 g).<\/strong><\/p>","protected":false},"featured_media":11487,"comment_status":"closed","ping_status":"closed","template":"","meta":{"content-type":""},"product_brand":[],"product_cat":[693],"product_tag":[697,696,701,700,267,702],"class_list":{"0":"post-9540","1":"product","2":"type-product","3":"status-publish","4":"has-post-thumbnail","6":"product_cat-monoporcje-na-catering","7":"product_tag-mini-deser","8":"product_tag-nano","9":"product_tag-nano-deser","10":"product_tag-nano-porcja","11":"product_tag-tiramisu","12":"product_tag-wloskie-tiramisu","14":"entry","15":"has-media","17":"first","18":"instock","19":"shipping-taxable","20":"product-type-simple","21":"has-product-nav","22":"col","23":"span_1_of_4","24":"owp-content-center","25":"owp-thumbs-layout-horizontal","26":"owp-btn-normal","27":"owp-tabs-layout-horizontal"},"acf":[],"_links":{"self":[{"href":"https:\/\/jacekplacek.com.pl\/it\/wp-json\/wp\/v2\/product\/9540","targetHints":{"allow":["GET"]}}],"collection":[{"href":"https:\/\/jacekplacek.com.pl\/it\/wp-json\/wp\/v2\/product"}],"about":[{"href":"https:\/\/jacekplacek.com.pl\/it\/wp-json\/wp\/v2\/types\/product"}],"replies":[{"embeddable":true,"href":"https:\/\/jacekplacek.com.pl\/it\/wp-json\/wp\/v2\/comments?post=9540"}],"wp:featuredmedia":[{"embeddable":true,"href":"https:\/\/jacekplacek.com.pl\/it\/wp-json\/wp\/v2\/media\/11487"}],"wp:attachment":[{"href":"https:\/\/jacekplacek.com.pl\/it\/wp-json\/wp\/v2\/media?parent=9540"}],"wp:term":[{"taxonomy":"product_brand","embeddable":true,"href":"https:\/\/jacekplacek.com.pl\/it\/wp-json\/wp\/v2\/product_brand?post=9540"},{"taxonomy":"product_cat","embeddable":true,"href":"https:\/\/jacekplacek.com.pl\/it\/wp-json\/wp\/v2\/product_cat?post=9540"},{"taxonomy":"product_tag","embeddable":true,"href":"https:\/\/jacekplacek.com.pl\/it\/wp-json\/wp\/v2\/product_tag?post=9540"}],"curies":[{"name":"wp","href":"https:\/\/api.w.org\/{rel}","templated":true}]}}