{"id":3997,"date":"2021-12-08T15:51:34","date_gmt":"2021-12-08T14:51:34","guid":{"rendered":"https:\/\/jacekplacek.com.pl\/?post_type=product&#038;p=3997"},"modified":"2025-11-18T18:27:20","modified_gmt":"2025-11-18T17:27:20","slug":"stella-di-pan-di-zenzero","status":"publish","type":"product","link":"https:\/\/jacekplacek.com.pl\/it\/negozio\/babki-i-makowce\/stella-di-pan-di-zenzero\/","title":{"rendered":"Stella di pan di zenzero"},"content":{"rendered":"<h1>Le feste: un momento di tradizione, gusto e momenti in famiglia<\/h1>\n<p>Il Natale \u00e8 un periodo che unisce riunioni di famiglia, decorazioni magiche e sapori indimenticabili. Feste condivise e dolci aromatici sono parte integrante di queste giornate speciali.<\/p>\n<h2>Pan di zenzero: una tradizione da generazioni<\/h2>\n<p>Il pan di zenzero \u00e8 un prodotto da forno con una ricca storia che risale al Medioevo. Un tempo simbolo di prosperit\u00e0, oggi \u00e8 un elemento tradizionale della tavola natalizia. Il loro sapore unico \u00e8 dato da una miscela di spezie che conferisce loro un aroma caratteristico, perfetto per l&#039;atmosfera natalizia.<\/p>\n<h2>Il nostro prodotto \u2013 Pan di zenzero natalizio con zucca a forma di stella<\/h2>\n<p>Vi presentiamo un pan di zenzero unico a forma di stella che unisce il gusto tradizionale a un approccio moderno alla cottura. Questa torta speziata \u00e8 arricchita con zucca, miele e la nostra miscela di spezie per pan di zenzero. La sua base, composta da farina di grano e segale, conferisce una struttura delicata, mentre additivi come la scorza d&#039;arancia e le noci gli conferiscono un sapore caratteristico. Il tutto \u00e8 ricoperto di glassa al cioccolato, il che lo rende la scelta ideale per la tavola natalizia.<\/p>\n<p>&nbsp;<\/p>\n<h3>Torte da ricordare durante le feste<\/h3>\n<p>La tavola delle feste \u00e8 dominata dai classici prodotti da forno che da anni creano la magia del Natale. Tradizionalmente, appaiono <strong>torte ai semi di papavero<\/strong>, ripieno di semi di papavero aromatici e frutta secca, e <strong>cheesecake<\/strong>, la cui consistenza cremosa delizia gli ospiti. Sono anche popolari <strong>dolci ricchi di frutta secca<\/strong>, come la torta di frutta, ricca di frutta secca e noci.<\/p>\n<p>Negli ultimi anni le tavole natalizie sono state sempre pi\u00f9 frequentate da <strong>torte in edizione festiva<\/strong> \u2013 decorato con crema, frutta o cioccolato, unendo l\u2019eleganza al gusto tradizionale. Questa \u00e8 un&#039;ottima scelta per chi cerca prodotti da forno moderni, ideali per le occasioni speciali. Le feste sono un momento per gustare una variet\u00e0 di sapori, sia tradizionali che nuovi!<\/p>\n<p>Scegli i nostri prodotti da forno per aggiungere un sapore unico alle tue feste e goderti momenti in compagnia dei tuoi cari. \ud83c\udf84<\/p>\n<p>Troverai altre proposte per il Natale\u00a0<strong><a href=\"https:\/\/jacekplacek.com.pl\/it\/categoria-di-prodotto\/natale-2\/\" target=\"_blank\" rel=\"noopener\">Qui.<\/a><\/strong><\/p>\n<h3>Informazioni sul prodotto:<\/h3>\n<ul>\n<li>Peso circa 150 g.<\/li>\n<li>Confezione: vassoio di carta, pellicola protettiva<\/li>\n<\/ul>\n<p>&nbsp;<\/p>","protected":false},"excerpt":{"rendered":"<h1>Pan di zenzero natalizio con zucca a forma di stella<\/h1>\n<p>Torta piccante con zucca, miele e la nostra miscela di spezie per pan di zenzero, a base di farina di frumento e segale, arricchita con scorza d&#039;arancia e noci. Ricoperto con glassa al cioccolato.<\/p>","protected":false},"featured_media":1706,"comment_status":"closed","ping_status":"closed","template":"","meta":{"content-type":""},"product_brand":[],"product_cat":[907,81],"product_tag":[664,99,444,96,437,446,445,449,91,95,98],"class_list":{"0":"post-3997","1":"product","2":"type-product","3":"status-publish","4":"has-post-thumbnail","6":"product_cat-ciasta-swiateczne","7":"product_cat-babki-i-makowce","8":"product_tag-ciasta-na-boze-narodzenie","9":"product_tag-ciasto-swiateczne","10":"product_tag-cukiernia-jacek-placek","11":"product_tag-dzem","12":"product_tag-gwiazdka","13":"product_tag-jacek-placek-gdansk","14":"product_tag-jacek-placek-gowino","15":"product_tag-jacek-placek-sopot","16":"product_tag-orzechy-wloskie","17":"product_tag-piernik","18":"product_tag-swieta","20":"entry","21":"has-media","23":"first","24":"instock","25":"shipping-taxable","26":"product-type-simple","27":"has-product-nav","28":"col","29":"span_1_of_4","30":"owp-content-center","31":"owp-thumbs-layout-horizontal","32":"owp-btn-normal","33":"owp-tabs-layout-horizontal","34":"has-no-thumbnails"},"acf":[],"_links":{"self":[{"href":"https:\/\/jacekplacek.com.pl\/it\/wp-json\/wp\/v2\/product\/3997","targetHints":{"allow":["GET"]}}],"collection":[{"href":"https:\/\/jacekplacek.com.pl\/it\/wp-json\/wp\/v2\/product"}],"about":[{"href":"https:\/\/jacekplacek.com.pl\/it\/wp-json\/wp\/v2\/types\/product"}],"replies":[{"embeddable":true,"href":"https:\/\/jacekplacek.com.pl\/it\/wp-json\/wp\/v2\/comments?post=3997"}],"wp:featuredmedia":[{"embeddable":true,"href":"https:\/\/jacekplacek.com.pl\/it\/wp-json\/wp\/v2\/media\/1706"}],"wp:attachment":[{"href":"https:\/\/jacekplacek.com.pl\/it\/wp-json\/wp\/v2\/media?parent=3997"}],"wp:term":[{"taxonomy":"product_brand","embeddable":true,"href":"https:\/\/jacekplacek.com.pl\/it\/wp-json\/wp\/v2\/product_brand?post=3997"},{"taxonomy":"product_cat","embeddable":true,"href":"https:\/\/jacekplacek.com.pl\/it\/wp-json\/wp\/v2\/product_cat?post=3997"},{"taxonomy":"product_tag","embeddable":true,"href":"https:\/\/jacekplacek.com.pl\/it\/wp-json\/wp\/v2\/product_tag?post=3997"}],"curies":[{"name":"wp","href":"https:\/\/api.w.org\/{rel}","templated":true}]}}