{"id":1963,"date":"2021-01-26T14:59:36","date_gmt":"2021-01-26T13:59:36","guid":{"rendered":"https:\/\/jacekplacek.com.pl\/?post_type=product&#038;p=1963"},"modified":"2025-11-18T18:27:16","modified_gmt":"2025-11-18T17:27:16","slug":"cubo-rosso-velluto","status":"publish","type":"product","link":"https:\/\/jacekplacek.com.pl\/it\/negozio\/torty_i_desery\/cubetti-di-torta\/cubo-rosso-velluto\/","title":{"rendered":"Cubo di velluto rosso"},"content":{"rendered":"<p><strong>Cubo di torta sul fondo della torta di sabbia <\/strong><strong>in una bella tonalit\u00e0 di rosso\u00a0<\/strong><strong>a strati con delicata crema al mascarpone <\/strong><strong>e mousse di lamponi.\u00a0<\/strong><strong>Un allettante contrasto di dolce e aspro,\u00a0<\/strong><strong>decorato con frutti di lampone.<\/strong><\/p>\n<p>&nbsp;<\/p>","protected":false},"excerpt":{"rendered":"<p><span data-sheets-root=\"1\">Tradycyjny czerwony biszkopt, barwiony naturalnym likopenem z pomidor\u00f3w, prze\u0142o\u017cony kremem mascarpone i konfitur\u0105 malinow\u0105. Klasyka w nowoczesnym wydaniu, bez sztucznych dodatk\u00f3w.<\/span><\/p>","protected":false},"featured_media":4089,"comment_status":"closed","ping_status":"closed","template":"","meta":{"content-type":""},"product_brand":[],"product_cat":[268],"product_tag":[444,446,445,449,269,566,199,336],"class_list":{"0":"post-1963","1":"product","2":"type-product","3":"status-publish","4":"has-post-thumbnail","6":"product_cat-kostki-tortowe","7":"product_tag-cukiernia-jacek-placek","8":"product_tag-jacek-placek-gdansk","9":"product_tag-jacek-placek-gowino","10":"product_tag-jacek-placek-sopot","11":"product_tag-kostka-tortowa","12":"product_tag-krem-mascarpone","13":"product_tag-maliny","14":"product_tag-red-velvet","16":"entry","17":"has-media","19":"first","20":"instock","21":"shipping-taxable","22":"product-type-variable","23":"has-default-attributes","24":"has-product-nav","25":"col","26":"span_1_of_4","27":"owp-content-center","28":"owp-thumbs-layout-horizontal","29":"owp-btn-normal","30":"owp-tabs-layout-horizontal"},"acf":[],"_links":{"self":[{"href":"https:\/\/jacekplacek.com.pl\/it\/wp-json\/wp\/v2\/product\/1963","targetHints":{"allow":["GET"]}}],"collection":[{"href":"https:\/\/jacekplacek.com.pl\/it\/wp-json\/wp\/v2\/product"}],"about":[{"href":"https:\/\/jacekplacek.com.pl\/it\/wp-json\/wp\/v2\/types\/product"}],"replies":[{"embeddable":true,"href":"https:\/\/jacekplacek.com.pl\/it\/wp-json\/wp\/v2\/comments?post=1963"}],"wp:featuredmedia":[{"embeddable":true,"href":"https:\/\/jacekplacek.com.pl\/it\/wp-json\/wp\/v2\/media\/4089"}],"wp:attachment":[{"href":"https:\/\/jacekplacek.com.pl\/it\/wp-json\/wp\/v2\/media?parent=1963"}],"wp:term":[{"taxonomy":"product_brand","embeddable":true,"href":"https:\/\/jacekplacek.com.pl\/it\/wp-json\/wp\/v2\/product_brand?post=1963"},{"taxonomy":"product_cat","embeddable":true,"href":"https:\/\/jacekplacek.com.pl\/it\/wp-json\/wp\/v2\/product_cat?post=1963"},{"taxonomy":"product_tag","embeddable":true,"href":"https:\/\/jacekplacek.com.pl\/it\/wp-json\/wp\/v2\/product_tag?post=1963"}],"curies":[{"name":"wp","href":"https:\/\/api.w.org\/{rel}","templated":true}]}}