{"id":14646,"date":"2024-11-15T13:03:56","date_gmt":"2024-11-15T12:03:56","guid":{"rendered":"https:\/\/jacekplacek.com.pl\/?post_type=product&#038;p=14646"},"modified":"2025-11-18T18:31:26","modified_gmt":"2025-11-18T17:31:26","slug":"torta-giapponese-ai-semi-di-papavero-senza-semi-di-papavero","status":"publish","type":"product","link":"https:\/\/jacekplacek.com.pl\/it\/negozio\/babki-i-makowce\/torta-giapponese-ai-semi-di-papavero-senza-semi-di-papavero\/","title":{"rendered":"Torta giapponese ai semi di papavero \u2013 senza farina"},"content":{"rendered":"<p><strong>Torta giapponese ai semi di papavero senza farina<\/strong> \u00e8 la scelta perfetta per una tavola festiva: sana, leggera e allo stesso tempo ricca di sapori tradizionali che evocano calore e atmosfera familiare. \u00c8 perfetto anche come dessert per le occasioni speciali o come dolcetto accompagnato da una tazza di caff\u00e8 o di t\u00e8. Godetevi le feste con questo prodotto da forno unico che unisce semplicit\u00e0 e raffinatezza!<\/p>\n<p>La base di questa torta ai semi di papavero sono i semi di papavero, che le conferiscono un sapore ricco e leggermente nocciolato. La dolcezza delicata, ottenuta grazie agli ingredienti naturali, esalta il sapore dei semi di papavero, mentre una delicata nota di vaniglia completa il tutto. Decorata con una leggera glassa al cioccolato o una spolverata di zucchero a velo, la torta ai semi di papavero appare elegante e appetitosa.<\/p>","protected":false},"excerpt":{"rendered":"<p><span data-sheets-root=\"1\">Massa umida e soffice di semi di papavero con frutta secca, mele e farina di miglio e un forte aroma di mandorle. La nostra ricetta non contiene farina, quindi \u00e8 adatta anche a chi non tollera il glutine.<\/span><\/p>","protected":false},"featured_media":14657,"comment_status":"closed","ping_status":"closed","template":"","meta":{"content-type":""},"product_brand":[],"product_cat":[81,907],"product_tag":[557,866,868,867,99,854,444,446,445,449,141,865],"class_list":{"0":"post-14646","1":"product","2":"type-product","3":"status-publish","4":"has-post-thumbnail","6":"product_cat-babki-i-makowce","7":"product_cat-ciasta-swiateczne","8":"product_tag-ciasto-bez-maki","9":"product_tag-ciasto-bezglutenowe","10":"product_tag-ciasto-boze-narodzenie","11":"product_tag-ciasto-specjalistyczne","12":"product_tag-ciasto-swiateczne","13":"product_tag-cukiernia-gdansk","14":"product_tag-cukiernia-jacek-placek","15":"product_tag-jacek-placek-gdansk","16":"product_tag-jacek-placek-gowino","17":"product_tag-jacek-placek-sopot","18":"product_tag-makowiec","19":"product_tag-makowiec-japonski","21":"entry","22":"has-media","24":"first","25":"instock","26":"shipping-taxable","27":"product-type-variable","28":"has-product-nav","29":"col","30":"span_1_of_4","31":"owp-content-center","32":"owp-thumbs-layout-horizontal","33":"owp-btn-normal","34":"owp-tabs-layout-horizontal"},"acf":[],"_links":{"self":[{"href":"https:\/\/jacekplacek.com.pl\/it\/wp-json\/wp\/v2\/product\/14646","targetHints":{"allow":["GET"]}}],"collection":[{"href":"https:\/\/jacekplacek.com.pl\/it\/wp-json\/wp\/v2\/product"}],"about":[{"href":"https:\/\/jacekplacek.com.pl\/it\/wp-json\/wp\/v2\/types\/product"}],"replies":[{"embeddable":true,"href":"https:\/\/jacekplacek.com.pl\/it\/wp-json\/wp\/v2\/comments?post=14646"}],"wp:featuredmedia":[{"embeddable":true,"href":"https:\/\/jacekplacek.com.pl\/it\/wp-json\/wp\/v2\/media\/14657"}],"wp:attachment":[{"href":"https:\/\/jacekplacek.com.pl\/it\/wp-json\/wp\/v2\/media?parent=14646"}],"wp:term":[{"taxonomy":"product_brand","embeddable":true,"href":"https:\/\/jacekplacek.com.pl\/it\/wp-json\/wp\/v2\/product_brand?post=14646"},{"taxonomy":"product_cat","embeddable":true,"href":"https:\/\/jacekplacek.com.pl\/it\/wp-json\/wp\/v2\/product_cat?post=14646"},{"taxonomy":"product_tag","embeddable":true,"href":"https:\/\/jacekplacek.com.pl\/it\/wp-json\/wp\/v2\/product_tag?post=14646"}],"curies":[{"name":"wp","href":"https:\/\/api.w.org\/{rel}","templated":true}]}}