{"id":14624,"date":"2024-11-14T16:50:40","date_gmt":"2024-11-14T15:50:40","guid":{"rendered":"https:\/\/jacekplacek.com.pl\/?post_type=product&#038;p=14624"},"modified":"2025-11-18T18:31:26","modified_gmt":"2025-11-18T17:31:26","slug":"tarta-makowa-kahlua","status":"publish","type":"product","link":"https:\/\/jacekplacek.com.pl\/it\/negozio\/crostate\/tarta-makowa-kahlua\/","title":{"rendered":"Crostata ai semi di papavero con crema Kahlua"},"content":{"rendered":"<p><strong>Tarta Makowa z Kremem Kahlua<\/strong> to harmonijne po\u0142\u0105czenie maku i kremu kawowego zaskoczy bogactwem smaku i elegancj\u0105, staj\u0105c si\u0119 ozdob\u0105 ka\u017cdego \u015bwi\u0105tecznego sto\u0142u.<\/p>\n<p>Delikatna, kruche ciasto tarty tworzy idealn\u0105 baz\u0119 dla wilgotnej i aromatycznej masy makowej, przygotowanej z najwy\u017cszej jako\u015bci maku. Nadzienie uzupe\u0142nia krem na bazie likieru Kahlua, kt\u00f3ry dodaje deserowi wyrafinowanej kawowej g\u0142\u0119bi oraz aksamitnej tekstury. Ca\u0142o\u015b\u0107 wie\u0144czy lekka dekoracja, kt\u00f3ra dodaj\u0105 deserowi \u015bwi\u0105tecznego charakteru.<\/p>\n<p><strong>Tarta Makowa z Kremem Kahlua<\/strong> to doskona\u0142y wyb\u00f3r dla mi\u0142o\u015bnik\u00f3w nietuzinkowych deser\u00f3w, \u0142\u0105cz\u0105cych tradycyjne smaki z nowoczesnymi akcentami. Idealnie sprawdzi si\u0119 jako efektowny dodatek do \u015bwi\u0105tecznej kawy, spos\u00f3b na zachwycenie go\u015bci czy wyj\u0105tkowy, s\u0142odki prezent dla bliskich. Je\u015bli szukasz czego\u015b, co wyr\u00f3\u017cni Twoje \u015bwi\u0119ta, ta tarta b\u0119dzie niezapomnianym wyborem.<\/p>","protected":false},"excerpt":{"rendered":"<p><strong>Tarta Makowa z Kremem Kahlua<\/strong> to wyj\u0105tkowy deser, kt\u00f3ry \u0142\u0105czy tradycyjny smak maku z nut\u0105 kremu o kawowym smaku i aromacie.<\/p>","protected":false},"featured_media":14630,"comment_status":"closed","ping_status":"closed","template":"","meta":{"content-type":""},"product_brand":[],"product_cat":[830],"product_tag":[878,877,99,854,831,425,876,875,166,730,733,731,732,734],"class_list":{"0":"post-14624","1":"product","2":"type-product","3":"status-publish","4":"has-post-thumbnail","6":"product_cat-tarty","7":"product_tag-ciasto-na-boze-narodzenie","8":"product_tag-ciasto-na-swieta","9":"product_tag-ciasto-swiateczne","10":"product_tag-cukiernia-gdansk","11":"product_tag-slodka-tarta","12":"product_tag-tarta","13":"product_tag-tarta-makowa","14":"product_tag-tarta-makowa-z-kremem-kahlua","15":"product_tag-tort","16":"product_tag-tort-na-urodziny","17":"product_tag-tort-naturalny","18":"product_tag-tort-urodzinowy","19":"product_tag-torty-naturalne","20":"product_tag-zdrowy-sklad","22":"entry","23":"has-media","25":"first","26":"instock","27":"shipping-taxable","28":"product-type-variable","29":"has-default-attributes","30":"has-product-nav","31":"col","32":"span_1_of_4","33":"owp-content-center","34":"owp-thumbs-layout-horizontal","35":"owp-btn-normal","36":"owp-tabs-layout-horizontal"},"acf":[],"_links":{"self":[{"href":"https:\/\/jacekplacek.com.pl\/it\/wp-json\/wp\/v2\/product\/14624","targetHints":{"allow":["GET"]}}],"collection":[{"href":"https:\/\/jacekplacek.com.pl\/it\/wp-json\/wp\/v2\/product"}],"about":[{"href":"https:\/\/jacekplacek.com.pl\/it\/wp-json\/wp\/v2\/types\/product"}],"replies":[{"embeddable":true,"href":"https:\/\/jacekplacek.com.pl\/it\/wp-json\/wp\/v2\/comments?post=14624"}],"wp:featuredmedia":[{"embeddable":true,"href":"https:\/\/jacekplacek.com.pl\/it\/wp-json\/wp\/v2\/media\/14630"}],"wp:attachment":[{"href":"https:\/\/jacekplacek.com.pl\/it\/wp-json\/wp\/v2\/media?parent=14624"}],"wp:term":[{"taxonomy":"product_brand","embeddable":true,"href":"https:\/\/jacekplacek.com.pl\/it\/wp-json\/wp\/v2\/product_brand?post=14624"},{"taxonomy":"product_cat","embeddable":true,"href":"https:\/\/jacekplacek.com.pl\/it\/wp-json\/wp\/v2\/product_cat?post=14624"},{"taxonomy":"product_tag","embeddable":true,"href":"https:\/\/jacekplacek.com.pl\/it\/wp-json\/wp\/v2\/product_tag?post=14624"}],"curies":[{"name":"wp","href":"https:\/\/api.w.org\/{rel}","templated":true}]}}