{"id":14578,"date":"2024-11-14T15:29:26","date_gmt":"2024-11-14T14:29:26","guid":{"rendered":"https:\/\/jacekplacek.com.pl\/?post_type=product&#038;p=14578"},"modified":"2025-11-18T18:31:21","modified_gmt":"2025-11-18T17:31:21","slug":"pan-di-zenzero-con-marmellata","status":"publish","type":"product","link":"https:\/\/jacekplacek.com.pl\/it\/negozio\/babki-i-makowce\/pan-di-zenzero-con-marmellata\/","title":{"rendered":"Pan di zenzero con marmellata"},"content":{"rendered":"<div class=\"flex-shrink-0 flex flex-col relative items-end\">\n<div class=\"pt-0\">\n<div class=\"gizmo-bot-avatar flex h-8 w-8 items-center justify-center overflow-hidden rounded-full\">\n<div class=\"relative p-1 rounded-sm flex items-center justify-center bg-token-main-surface-primary text-token-text-primary h-8 w-8\">\n<h1>Le feste: un momento di tradizione e sapori unici<\/h1>\n<p>Il Natale \u00e8 un periodo speciale, ricco di riunioni di famiglia, splendide decorazioni e profumati prodotti da forno. Non c&#039;\u00e8 niente che ti faccia entrare nello spirito natalizio pi\u00f9 del profumo delle spezie e delle torte dolci che aleggia nella tua casa.<\/p>\n<h2><\/h2>\n<h2>Biscotti di pan di zenzero: il sapore e il profumo del Natale<\/h2>\n<p>Il pan di zenzero \u00e8 un prodotto da forno con tradizioni profondamente radicate, che da secoli \u00e8 il simbolo delle festivit\u00e0. Il loro aroma speziato, ricco di cannella, chiodi di garofano e zenzero, ci trasporta nella magica atmosfera del Natale. La tradizione di farcire il pan di zenzero con confettura o marmellata di frutta risale a tempi in cui aggiungere dolci era una prelibatezza. Il ripieno di frutta non solo aggiunge sapore, ma prolunga anche la freschezza dei prodotti da forno, facendo s\u00ec che la torta rimanga umida e morbida pi\u00f9 a lungo.<\/p>\n<p>Oggigiorno, il pan di zenzero con marmellata \u00e8 una combinazione di classico e fruttato, che conquista sempre per la sua semplicit\u00e0 e il suo sapore. Questo \u00e8 uno di quei dolci che unisce tradizione e funzionalit\u00e0, rendendolo la scelta perfetta per la tavola delle feste.<\/p>\n<h2><\/h2>\n<h2>Pan di zenzero con marmellata \u2013 gusto e morbidezza eccezionali<\/h2>\n<p>Il nostro pan di zenzero con marmellata \u00e8 la combinazione perfetta tra un dolce tradizionale e un tocco fruttato. Grazie alla combinazione del classico pan di zenzero con confettura di fragole e glassa al cioccolato, il prodotto da forno si distingue per gusto e consistenza.<\/p>\n<h3><strong>Caratteristiche particolari del nostro pan di zenzero:<\/strong><\/h3>\n<ul>\n<li><strong>Torta piccante<\/strong> \u2013 aromatico, a base di cannella, chiodi di garofano e miele.<\/li>\n<li><strong>Ripieno di frutta<\/strong> \u2013 marmellata di fragole, che aggiunge umidit\u00e0 e delicata dolcezza.<\/li>\n<li><strong>Glassa al cioccolato<\/strong> \u2013 dal gusto morbido e intenso, si sposa perfettamente con il pan di zenzero.<\/li>\n<li><strong>Si mantiene fresco a lungo<\/strong> \u2013 grazie alla marmellata, il pan di zenzero rimane morbido e umido per molti giorni.<\/li>\n<\/ul>\n<p>\u00c8 la scelta perfetta per chi cerca una pasticceria tradizionale con un tocco di innovazione fruttata.<\/p>\n<h3><\/h3>\n<h3>Torte da ricordare durante le feste<\/h3>\n<p>La tavola di Natale non pu\u00f2 essere completa senza i dolciumi che da anni accompagnano il Natale. Oltre al pan di zenzero ripieno di frutta, vale la pena provare:<\/p>\n<ul>\n<li><strong>Torta ai semi di papavero<\/strong> \u2013 ricco di semi di papavero aromatici e frutta secca, simbolo della tradizione natalizia.<\/li>\n<li><strong>Cheesecake<\/strong> \u2013 cremoso e delicato, perfetto per gli amanti della pasticceria classica.<\/li>\n<li><strong>Torte<\/strong> \u2013 ricco di frutta secca e noci, si adatta perfettamente all\u2019atmosfera delle feste.<\/li>\n<li><strong>Torte e crostate<\/strong> \u2013 dessert moderni che deliziano per il loro aspetto e il loro gusto eccezionale.<\/li>\n<\/ul>\n<p>Scegli tra una variet\u00e0 di prodotti da forno che porteranno un&#039;atmosfera natalizia unica nella tua casa e soddisferanno il palato di ogni ospite! \ud83c\udf84<\/p>\n<p>Troverai altre proposte per il Natale\u00a0<strong><a href=\"https:\/\/jacekplacek.com.pl\/it\/categoria-di-prodotto\/natale-2\/\" target=\"_blank\" rel=\"noopener\">Qui.<\/a><\/strong><\/p>\n<\/div>\n<p>&nbsp;<\/p>\n<\/div>\n<\/div>\n<\/div>","protected":false},"excerpt":{"rendered":"<p><strong>Pan di zenzero con marmellata<\/strong><\/p>\n<p><span data-sheets-root=\"1\">Classico pan di zenzero ripieno di marmellata di fragole e ricoperto di cioccolato. Grazie alla marmellata, il dolce \u00e8 umido, morbido e si mantiene fresco a lungo.<\/span><\/p>","protected":false},"featured_media":11694,"comment_status":"closed","ping_status":"closed","template":"","meta":{"content-type":""},"product_brand":[],"product_cat":[907,81],"product_tag":[444,446,445,449,95],"class_list":{"0":"post-14578","1":"product","2":"type-product","3":"status-publish","4":"has-post-thumbnail","6":"product_cat-ciasta-swiateczne","7":"product_cat-babki-i-makowce","8":"product_tag-cukiernia-jacek-placek","9":"product_tag-jacek-placek-gdansk","10":"product_tag-jacek-placek-gowino","11":"product_tag-jacek-placek-sopot","12":"product_tag-piernik","14":"entry","15":"has-media","17":"first","18":"instock","19":"shipping-taxable","20":"product-type-variable","21":"has-product-nav","22":"col","23":"span_1_of_4","24":"owp-content-center","25":"owp-thumbs-layout-horizontal","26":"owp-btn-normal","27":"owp-tabs-layout-horizontal","28":"has-no-thumbnails"},"acf":[],"_links":{"self":[{"href":"https:\/\/jacekplacek.com.pl\/it\/wp-json\/wp\/v2\/product\/14578","targetHints":{"allow":["GET"]}}],"collection":[{"href":"https:\/\/jacekplacek.com.pl\/it\/wp-json\/wp\/v2\/product"}],"about":[{"href":"https:\/\/jacekplacek.com.pl\/it\/wp-json\/wp\/v2\/types\/product"}],"replies":[{"embeddable":true,"href":"https:\/\/jacekplacek.com.pl\/it\/wp-json\/wp\/v2\/comments?post=14578"}],"wp:featuredmedia":[{"embeddable":true,"href":"https:\/\/jacekplacek.com.pl\/it\/wp-json\/wp\/v2\/media\/11694"}],"wp:attachment":[{"href":"https:\/\/jacekplacek.com.pl\/it\/wp-json\/wp\/v2\/media?parent=14578"}],"wp:term":[{"taxonomy":"product_brand","embeddable":true,"href":"https:\/\/jacekplacek.com.pl\/it\/wp-json\/wp\/v2\/product_brand?post=14578"},{"taxonomy":"product_cat","embeddable":true,"href":"https:\/\/jacekplacek.com.pl\/it\/wp-json\/wp\/v2\/product_cat?post=14578"},{"taxonomy":"product_tag","embeddable":true,"href":"https:\/\/jacekplacek.com.pl\/it\/wp-json\/wp\/v2\/product_tag?post=14578"}],"curies":[{"name":"wp","href":"https:\/\/api.w.org\/{rel}","templated":true}]}}