{"id":14575,"date":"2024-11-14T15:12:02","date_gmt":"2024-11-14T14:12:02","guid":{"rendered":"https:\/\/jacekplacek.com.pl\/?post_type=product&#038;p=14575"},"modified":"2025-11-18T18:31:21","modified_gmt":"2025-11-18T17:31:21","slug":"pan-di-zenzero-con-ciliegie","status":"publish","type":"product","link":"https:\/\/jacekplacek.com.pl\/it\/negozio\/babki-i-makowce\/pan-di-zenzero-con-ciliegie\/","title":{"rendered":"Pan di zenzero con ciliegie"},"content":{"rendered":"<p>Conosci il gusto delle feste con uno unico <strong>Pan di zenzero con ciliegia<\/strong>! Questi prodotti da forno aromatici uniscono le spezie classiche al gusto intenso e leggermente acidulo delle ciliegie, creando una composizione unica che delizier\u00e0 i palati di tutti gli amanti dei dolci. Il nostro pan di zenzero con ciliegia \u00e8 la scelta perfetta per chi cerca un classico in una versione nuova e rinnovata. Le ciliegie aggiungono umidit\u00e0 alla torta, rendendo il pan di zenzero delicato e si scioglie in bocca. <strong>Perfetto per la tavola di Natale e come regalo<\/strong> \u2013 fa una bella figura in tavola e il suo gusto sar\u00e0 ricordato a lungo dagli ospiti.<\/p>\n<p>&nbsp;<\/p>\n<p>&nbsp;<\/p>","protected":false},"excerpt":{"rendered":"<p><strong>Pan di zenzero con ciliegia<\/strong> \u00e8 un vero piacere natalizio: l&#039;aggiunta di ciliegie succose spezza la dolcezza della torta e le conferisce un accento fruttato unico che contrasta perfettamente con il sapore profondo delle spezie.<\/p>","protected":false},"featured_media":14731,"comment_status":"closed","ping_status":"closed","template":"","meta":{"content-type":""},"product_brand":[],"product_cat":[907,81],"product_tag":[845,444,446,445,449,95,435],"class_list":{"0":"post-14575","1":"product","2":"type-product","3":"status-publish","4":"has-post-thumbnail","6":"product_cat-ciasta-swiateczne","7":"product_cat-babki-i-makowce","8":"product_tag-ciasto-dyniowe","9":"product_tag-cukiernia-jacek-placek","10":"product_tag-jacek-placek-gdansk","11":"product_tag-jacek-placek-gowino","12":"product_tag-jacek-placek-sopot","13":"product_tag-piernik","14":"product_tag-piernik-z-dynia","16":"entry","17":"has-media","19":"first","20":"instock","21":"shipping-taxable","22":"product-type-variable","23":"has-default-attributes","24":"has-product-nav","25":"col","26":"span_1_of_4","27":"owp-content-center","28":"owp-thumbs-layout-horizontal","29":"owp-btn-normal","30":"owp-tabs-layout-horizontal"},"acf":[],"_links":{"self":[{"href":"https:\/\/jacekplacek.com.pl\/it\/wp-json\/wp\/v2\/product\/14575","targetHints":{"allow":["GET"]}}],"collection":[{"href":"https:\/\/jacekplacek.com.pl\/it\/wp-json\/wp\/v2\/product"}],"about":[{"href":"https:\/\/jacekplacek.com.pl\/it\/wp-json\/wp\/v2\/types\/product"}],"replies":[{"embeddable":true,"href":"https:\/\/jacekplacek.com.pl\/it\/wp-json\/wp\/v2\/comments?post=14575"}],"wp:featuredmedia":[{"embeddable":true,"href":"https:\/\/jacekplacek.com.pl\/it\/wp-json\/wp\/v2\/media\/14731"}],"wp:attachment":[{"href":"https:\/\/jacekplacek.com.pl\/it\/wp-json\/wp\/v2\/media?parent=14575"}],"wp:term":[{"taxonomy":"product_brand","embeddable":true,"href":"https:\/\/jacekplacek.com.pl\/it\/wp-json\/wp\/v2\/product_brand?post=14575"},{"taxonomy":"product_cat","embeddable":true,"href":"https:\/\/jacekplacek.com.pl\/it\/wp-json\/wp\/v2\/product_cat?post=14575"},{"taxonomy":"product_tag","embeddable":true,"href":"https:\/\/jacekplacek.com.pl\/it\/wp-json\/wp\/v2\/product_tag?post=14575"}],"curies":[{"name":"wp","href":"https:\/\/api.w.org\/{rel}","templated":true}]}}