{"id":11455,"date":"2023-11-28T16:20:39","date_gmt":"2023-11-28T15:20:39","guid":{"rendered":"https:\/\/jacekplacek.com.pl\/?post_type=product&#038;p=11455"},"modified":"2025-11-18T18:31:02","modified_gmt":"2025-11-18T17:31:02","slug":"mini-espresso-meringa-3-pezzi","status":"publish","type":"product","link":"https:\/\/jacekplacek.com.pl\/it\/negozio\/torty_i_desery\/mini-dessert-per-il-caffetteria-2\/mini-espresso-meringa-3-pezzi\/","title":{"rendered":"Mini torta meringata all&#039;espresso, 3 pezzi"},"content":{"rendered":"<p>Dessert non solo per tavole eleganti - perfetto per festeggiare onomastici, compleanni o altre ricorrenze a casa o al lavoro...<\/p>\n<p><strong>La crema al caff\u00e8 a base di liquore al caff\u00e8 Kahula abbinato al cioccolato al latte \u00e8 una delizia unica per gli amanti del caff\u00e8 con meringa o, come in questo caso, della meringa con il caff\u00e8. Il centro della torta nasconde una massa di cacao leggermente amara e semiliquida.<\/strong><\/p>\n<p>Se vi piacciono i dolci alla meringa, vi baster\u00e0 aggiungere una manciata di frutta secca, frutta o una pallina del vostro gelato preferito ed \u00e8 pronto!<\/p>\n<p>Prodotto disponibile in\u00a0<strong>confezione collettiva 3 pezzi (1 pezzo circa 150g).<\/strong><\/p>","protected":false},"excerpt":{"rendered":"<p><span style=\"font-weight: 400;\">La crema al caff\u00e8 a base di liquore al caff\u00e8 Kahula abbinato al cioccolato al latte \u00e8 una delizia dal sapore unico per gli amanti della meringa al caff\u00e8.<\/span><\/p>\n<p>Prodotto disponibile in\u00a0<strong>confezione collettiva 3 pezzi (1 pezzo circa 150g).<\/strong><\/p>","protected":false},"featured_media":11458,"comment_status":"closed","ping_status":"closed","template":"","meta":{"content-type":""},"product_brand":[],"product_cat":[723],"product_tag":[444,442,446,445,291,450,447,448],"class_list":{"0":"post-11455","1":"product","2":"type-product","3":"status-publish","4":"has-post-thumbnail","6":"product_cat-mini-desery-do-kawiarni","7":"product_tag-cukiernia-jacek-placek","8":"product_tag-deser-jednoporcjowy","9":"product_tag-jacek-placek-gdansk","10":"product_tag-jacek-placek-gowino","11":"product_tag-tort-malinowy","12":"product_tag-tort-mini","13":"product_tag-tort-red-velvet","14":"product_tag-tort-z-mascarpone","16":"entry","17":"has-media","19":"first","20":"instock","21":"shipping-taxable","22":"product-type-simple","23":"has-product-nav","24":"col","25":"span_1_of_4","26":"owp-content-center","27":"owp-thumbs-layout-horizontal","28":"owp-btn-normal","29":"owp-tabs-layout-horizontal"},"acf":[],"_links":{"self":[{"href":"https:\/\/jacekplacek.com.pl\/it\/wp-json\/wp\/v2\/product\/11455","targetHints":{"allow":["GET"]}}],"collection":[{"href":"https:\/\/jacekplacek.com.pl\/it\/wp-json\/wp\/v2\/product"}],"about":[{"href":"https:\/\/jacekplacek.com.pl\/it\/wp-json\/wp\/v2\/types\/product"}],"replies":[{"embeddable":true,"href":"https:\/\/jacekplacek.com.pl\/it\/wp-json\/wp\/v2\/comments?post=11455"}],"wp:featuredmedia":[{"embeddable":true,"href":"https:\/\/jacekplacek.com.pl\/it\/wp-json\/wp\/v2\/media\/11458"}],"wp:attachment":[{"href":"https:\/\/jacekplacek.com.pl\/it\/wp-json\/wp\/v2\/media?parent=11455"}],"wp:term":[{"taxonomy":"product_brand","embeddable":true,"href":"https:\/\/jacekplacek.com.pl\/it\/wp-json\/wp\/v2\/product_brand?post=11455"},{"taxonomy":"product_cat","embeddable":true,"href":"https:\/\/jacekplacek.com.pl\/it\/wp-json\/wp\/v2\/product_cat?post=11455"},{"taxonomy":"product_tag","embeddable":true,"href":"https:\/\/jacekplacek.com.pl\/it\/wp-json\/wp\/v2\/product_tag?post=11455"}],"curies":[{"name":"wp","href":"https:\/\/api.w.org\/{rel}","templated":true}]}}